{"id":2127,"date":"2024-02-26T16:39:37","date_gmt":"2024-02-26T15:39:37","guid":{"rendered":"https:\/\/sacchitartufi.com\/entreprise\/"},"modified":"2025-06-24T11:39:01","modified_gmt":"2025-06-24T09:39:01","slug":"entreprise","status":"publish","type":"page","link":"https:\/\/sacchitartufi.com\/fr\/entreprise\/","title":{"rendered":"L&rsquo;histoire"},"content":{"rendered":"<div class=\"wpb-content-wrapper\"><p>[vc_row row_height_percent=\u00a0\u00bb0&Prime; override_padding=\u00a0\u00bbyes\u00a0\u00bb h_padding=\u00a0\u00bb2&Prime; top_padding=\u00a0\u00bb0&Prime; bottom_padding=\u00a0\u00bb4&Prime; overlay_alpha=\u00a0\u00bb50&Prime; gutter_size=\u00a0\u00bb3&Prime; column_width_percent=\u00a0\u00bb100&Prime; shift_y=\u00a0\u00bb0&Prime; z_index=\u00a0\u00bb0&Prime; uncode_shortcode_id=\u00a0\u00bb434144&Prime;][vc_column width=\u00a0\u00bb1\/1&Prime;][vc_empty_space empty_h=\u00a0\u00bb2&Prime; medium_visibility=\u00a0\u00bbyes\u00a0\u00bb mobile_visibility=\u00a0\u00bbyes\u00a0\u00bb][vc_row_inner][vc_column_inner column_width_use_pixel=\u00a0\u00bbyes\u00a0\u00bb position_horizontal=\u00a0\u00bbleft\u00a0\u00bb gutter_size=\u00a0\u00bb3&Prime; overlay_alpha=\u00a0\u00bb50&Prime; shift_x=\u00a0\u00bb0&Prime; shift_y=\u00a0\u00bb0&Prime; shift_y_down=\u00a0\u00bb0&Prime; z_index=\u00a0\u00bb0&Prime; medium_width=\u00a0\u00bb0&Prime; mobile_width=\u00a0\u00bb0&Prime; width=\u00a0\u00bb1\/1&Prime; uncode_shortcode_id=\u00a0\u00bb158978&Prime; column_width_pixel=\u00a0\u00bb900&Prime;][vc_custom_heading text_size=\u00a0\u00bbfontsize-459415&Prime; text_height=\u00a0\u00bbfontheight-523137&Prime; css_animation=\u00a0\u00bbalpha-anim\u00a0\u00bb animation_delay=\u00a0\u00bb400&Prime; uncode_shortcode_id=\u00a0\u00bb112384&Prime;]SACCHI TARTUFI: DEPUIS 1986, UNE HISTOIRE D&rsquo;EXCELLENCE ITALIENNE.[\/vc_custom_heading][\/vc_column_inner][\/vc_row_inner][vc_empty_space][vc_row_inner][vc_column_inner width=\u00a0\u00bb1\/2&Prime;][vc_column_text css_animation=\u00a0\u00bbalpha-anim\u00a0\u00bb uncode_shortcode_id=\u00a0\u00bb800464&Prime;]Depuis plus de trente ans, nous nous engageons \u00e0 perp\u00e9tuer l&rsquo;orgueil de notre tradition avec un esprit constant d&rsquo;<strong>innovation et de recherche<\/strong>, afin de vous offrir des <strong>produits \u00e0 la truffe d&rsquo;excellence<\/strong>. <strong>Sacchi Tartufi est bien plus qu\u2019une simple entreprise<\/strong> : c\u2019est une institution qui symbolise le meilleur de la tradition et du <em>Made in Italy<\/em>, et constitue une r\u00e9f\u00e9rence pour quiconque souhaite <strong>d\u00e9couvrir toute la saveur de la truffe<\/strong>.[\/vc_column_text][\/vc_column_inner][vc_column_inner width=\u00a0\u00bb1\/2&Prime;][vc_column_text css_animation=\u00a0\u00bbalpha-anim\u00a0\u00bb animation_delay=\u00a0\u00bb200&Prime; uncode_shortcode_id=\u00a0\u00bb107442&Prime;]<strong>Nos certifications<\/strong>, telles que <strong>FSSC 22000, BRC Food, ISO 9001<\/strong> et <strong>IFS Food<\/strong> pour la production, t\u00e9moignent de la qualit\u00e9 exceptionnelle de nos produits. C\u2019est pourquoi Sacchi Tartufi est choisi par des n\u00e9goces de produits alimentaires de haute qualit\u00e9, des restaurants, des industries alimentaires et de grands distributeurs du monde entier comme fournisseur sp\u00e9cialis\u00e9 en truffes.[\/vc_column_text][\/vc_column_inner][\/vc_row_inner][\/vc_column][\/vc_row][vc_row row_height_percent=\u00a0\u00bb0&Prime; override_padding=\u00a0\u00bbyes\u00a0\u00bb h_padding=\u00a0\u00bb2&Prime; top_padding=\u00a0\u00bb4&Prime; bottom_padding=\u00a0\u00bb4&Prime; back_color=\u00a0\u00bbcolor-422352&Prime; overlay_alpha=\u00a0\u00bb50&Prime; gutter_size=\u00a0\u00bb3&Prime; column_width_percent=\u00a0\u00bb100&Prime; shift_y=\u00a0\u00bb0&Prime; z_index=\u00a0\u00bb0&Prime; uncode_shortcode_id=\u00a0\u00bb234912&Prime; back_color_type=\u00a0\u00bbuncode-palette\u00a0\u00bb][vc_column width=\u00a0\u00bb1\/1&Prime;][vc_single_image media=\u00a0\u00bb1533&Prime; media_width_percent=\u00a0\u00bb100&Prime; alignment=\u00a0\u00bbcenter\u00a0\u00bb shadow=\u00a0\u00bbyes\u00a0\u00bb shadow_weight=\u00a0\u00bbstd\u00a0\u00bb uncode_shortcode_id=\u00a0\u00bb818991&Prime;][vc_empty_space empty_h=\u00a0\u00bb2&Prime;][vc_row_inner][vc_column_inner column_width_percent=\u00a0\u00bb100&Prime; gutter_size=\u00a0\u00bb3&Prime; overlay_alpha=\u00a0\u00bb50&Prime; shift_x=\u00a0\u00bb0&Prime; shift_y=\u00a0\u00bb0&Prime; shift_y_down=\u00a0\u00bb0&Prime; z_index=\u00a0\u00bb0&Prime; medium_width=\u00a0\u00bb0&Prime; mobile_width=\u00a0\u00bb0&Prime; css_animation=\u00a0\u00bbalpha-anim\u00a0\u00bb width=\u00a0\u00bb1\/2&Prime; uncode_shortcode_id=\u00a0\u00bb210984&Prime;][vc_custom_heading text_size=\u00a0\u00bbfontsize-821559&Prime; text_transform=\u00a0\u00bbuppercase\u00a0\u00bb uncode_shortcode_id=\u00a0\u00bb475195&Prime;]Notre mission[\/vc_custom_heading][vc_column_text uncode_shortcode_id=\u00a0\u00bb162560&Prime;]Chaque truffe que nous s\u00e9lectionnons et transformons est le fruit d\u2019une <strong>recherche minutieuse<\/strong> et d\u2019une <strong>passion sinc\u00e8re<\/strong>, car nous croyons fermement que la v\u00e9ritable joie de la cuisine repose sur la qualit\u00e9 des ingr\u00e9dients et l\u2019amour que nous mettons dans chaque pr\u00e9paration. Nous nous engageons au quotidien \u00e0 faire de la d\u00e9gustation de nos produits une exp\u00e9rience inoubliable, un <strong>voyage \u00e0 travers les ar\u00f4mes et les nuances de la truffe <\/strong>qui \u00e9voque une dimension de plaisir absolu. Avec Sacchi Tartufi, vous pourrez savourer l&rsquo;<strong>essence m\u00eame de la truffe<\/strong> dans toute sa complexit\u00e9 et son raffinement, et enrichir vos plats d&rsquo;une subtile touche de <strong>style et d&rsquo;authenticit\u00e9 gastronomique<\/strong>.[\/vc_column_text][\/vc_column_inner][vc_column_inner column_width_percent=\u00a0\u00bb100&Prime; gutter_size=\u00a0\u00bb3&Prime; overlay_alpha=\u00a0\u00bb50&Prime; shift_x=\u00a0\u00bb0&Prime; shift_y=\u00a0\u00bb0&Prime; shift_y_down=\u00a0\u00bb0&Prime; z_index=\u00a0\u00bb0&Prime; medium_width=\u00a0\u00bb0&Prime; mobile_width=\u00a0\u00bb0&Prime; css_animation=\u00a0\u00bbalpha-anim\u00a0\u00bb animation_delay=\u00a0\u00bb200&Prime; width=\u00a0\u00bb1\/2&Prime; uncode_shortcode_id=\u00a0\u00bb159179&Prime;][vc_custom_heading text_size=\u00a0\u00bbfontsize-821559&Prime; text_transform=\u00a0\u00bbuppercase\u00a0\u00bb uncode_shortcode_id=\u00a0\u00bb443621&Prime;]Notre engagement[\/vc_custom_heading][vc_column_text uncode_shortcode_id=\u00a0\u00bb202045&Prime;]Pour Sacchi Tartufi, la <strong>durabilit\u00e9 environnementale<\/strong> est l\u2019une des valeurs fondamentales. Depuis nos origines, nous nous effor\u00e7ons de pr\u00e9server et de respecter l\u2019environnement \u00e0 chaque \u00e9tape du cycle de production. Nous utilisons des techniques de r\u00e9colte responsables pour <strong>pr\u00e9server les \u00e9cosyst\u00e8mes locaux<\/strong> et la <strong>biodiversit\u00e9 <\/strong>de nos terres. Nous nous effor\u00e7ons \u00e9galement de r\u00e9duire au minimum l\u2019impact \u00e9cologique de nos activit\u00e9s en adoptant des <strong>solutions innovantes et respectueuses de l&rsquo;environnement dans nos processus de production et logistiques<\/strong>. Nous sommes convaincus qu&rsquo;un engagement constant en faveur de la protection de la nature est la cl\u00e9 pour garantir un avenir meilleur aux g\u00e9n\u00e9rations futures tout en pr\u00e9servant <strong>la beaut\u00e9 et la richesse de notre r\u00e9gion<\/strong>.[\/vc_column_text][\/vc_column_inner][\/vc_row_inner][\/vc_column][\/vc_row][vc_row row_height_percent=\u00a0\u00bb0&Prime; back_image=\u00a0\u00bb103&Prime; parallax=\u00a0\u00bbyes\u00a0\u00bb overlay_alpha=\u00a0\u00bb50&Prime; gutter_size=\u00a0\u00bb3&Prime; column_width_percent=\u00a0\u00bb100&Prime; shift_y=\u00a0\u00bb0&Prime; z_index=\u00a0\u00bb0&Prime; uncode_shortcode_id=\u00a0\u00bb834436&Prime; row_height_pixel=\u00a0\u00bb200&Prime;][vc_column width=\u00a0\u00bb1\/1&Prime;][\/vc_column][\/vc_row][vc_row row_height_percent=\u00a0\u00bb0&Prime; override_padding=\u00a0\u00bbyes\u00a0\u00bb h_padding=\u00a0\u00bb2&Prime; top_padding=\u00a0\u00bb4&Prime; bottom_padding=\u00a0\u00bb4&Prime; back_color=\u00a0\u00bbcolor-422352&Prime; overlay_alpha=\u00a0\u00bb50&Prime; gutter_size=\u00a0\u00bb3&Prime; column_width_percent=\u00a0\u00bb100&Prime; shift_y=\u00a0\u00bb0&Prime; z_index=\u00a0\u00bb0&Prime; uncode_shortcode_id=\u00a0\u00bb234912&Prime; back_color_type=\u00a0\u00bbuncode-palette\u00a0\u00bb][vc_column width=\u00a0\u00bb1\/1&Prime;][vc_row_inner][vc_column_inner column_width_use_pixel=\u00a0\u00bbyes\u00a0\u00bb position_horizontal=\u00a0\u00bbleft\u00a0\u00bb gutter_size=\u00a0\u00bb3&Prime; overlay_alpha=\u00a0\u00bb50&Prime; shift_x=\u00a0\u00bb0&Prime; shift_y=\u00a0\u00bb0&Prime; shift_y_down=\u00a0\u00bb0&Prime; z_index=\u00a0\u00bb0&Prime; medium_width=\u00a0\u00bb0&Prime; mobile_width=\u00a0\u00bb0&Prime; width=\u00a0\u00bb1\/1&Prime; uncode_shortcode_id=\u00a0\u00bb155351&Prime; column_width_pixel=\u00a0\u00bb900&Prime;][vc_custom_heading text_size=\u00a0\u00bbfontsize-459415&Prime; text_transform=\u00a0\u00bbuppercase\u00a0\u00bb css_animation=\u00a0\u00bbalpha-anim\u00a0\u00bb uncode_shortcode_id=\u00a0\u00bb113440&Prime;]Nos certifications[\/vc_custom_heading][\/vc_column_inner][\/vc_row_inner][vc_single_image media=\u00a0\u00bb109&Prime; media_width_use_pixel=\u00a0\u00bbyes\u00a0\u00bb css_animation=\u00a0\u00bbalpha-anim\u00a0\u00bb uncode_shortcode_id=\u00a0\u00bb680095&Prime; media_width_pixel=\u00a0\u00bb700&Prime;][\/vc_column][\/vc_row]<\/p>\n<\/div>","protected":false},"excerpt":{"rendered":"<p>[vc_row row_height_percent=\u00a0\u00bb0&Prime; override_padding=\u00a0\u00bbyes\u00a0\u00bb h_padding=\u00a0\u00bb2&Prime; top_padding=\u00a0\u00bb0&Prime; bottom_padding=\u00a0\u00bb4&Prime; overlay_alpha=\u00a0\u00bb50&Prime; gutter_size=\u00a0\u00bb3&Prime; column_width_percent=\u00a0\u00bb100&Prime; shift_y=\u00a0\u00bb0&Prime; z_index=\u00a0\u00bb0&Prime; uncode_shortcode_id=\u00a0\u00bb434144&Prime;][vc_column width=\u00a0\u00bb1\/1&Prime;][vc_empty_space empty_h=\u00a0\u00bb2&Prime; medium_visibility=\u00a0\u00bbyes\u00a0\u00bb mobile_visibility=\u00a0\u00bbyes\u00a0\u00bb][vc_row_inner][vc_column_inner column_width_use_pixel=\u00a0\u00bbyes\u00a0\u00bb position_horizontal=\u00a0\u00bbleft\u00a0\u00bb gutter_size=\u00a0\u00bb3&Prime; overlay_alpha=\u00a0\u00bb50&Prime; [&hellip;]<\/p>\n","protected":false},"author":1,"featured_media":134,"parent":0,"menu_order":0,"comment_status":"closed","ping_status":"closed","template":"","meta":{"footnotes":""},"class_list":["post-2127","page","type-page","status-publish","has-post-thumbnail","hentry"],"yoast_head":"<!-- This site is optimized with the Yoast SEO plugin v27.5 - https:\/\/yoast.com\/product\/yoast-seo-wordpress\/ -->\n<title>Sacchi Tartufi | L&#039;entreprise<\/title>\n<meta name=\"description\" content=\"Sacchi Tartufi est plus qu&#039;une simple entreprise : c&#039;est une r\u00e9f\u00e9rence pour quiconque souhaite go\u00fbter le v\u00e9ritable go\u00fbt de la truffe.\" \/>\n<meta name=\"robots\" content=\"index, follow, max-snippet:-1, max-image-preview:large, max-video-preview:-1\" \/>\n<link rel=\"canonical\" href=\"https:\/\/sacchitartufi.com\/fr\/entreprise\/\" \/>\n<meta property=\"og:locale\" content=\"fr_FR\" \/>\n<meta property=\"og:type\" content=\"article\" \/>\n<meta property=\"og:title\" content=\"Sacchi Tartufi | L&#039;entreprise\" \/>\n<meta property=\"og:description\" content=\"Sacchi Tartufi est plus qu&#039;une simple entreprise : c&#039;est une r\u00e9f\u00e9rence pour quiconque souhaite go\u00fbter le v\u00e9ritable go\u00fbt de la truffe.\" \/>\n<meta property=\"og:url\" content=\"https:\/\/sacchitartufi.com\/fr\/entreprise\/\" \/>\n<meta property=\"og:site_name\" content=\"Sacchi Tartufi\" \/>\n<meta property=\"article:publisher\" content=\"https:\/\/www.facebook.com\/sacchitartufi\" \/>\n<meta property=\"article:modified_time\" content=\"2025-06-24T09:39:01+00:00\" \/>\n<meta property=\"og:image\" content=\"https:\/\/sacchitartufi.com\/wp-content\/uploads\/2024\/03\/raccolta-tartufi.webp\" \/>\n\t<meta property=\"og:image:width\" content=\"574\" \/>\n\t<meta property=\"og:image:height\" content=\"383\" \/>\n\t<meta property=\"og:image:type\" content=\"image\/webp\" \/>\n<meta name=\"twitter:card\" content=\"summary_large_image\" \/>\n<meta name=\"twitter:label1\" content=\"Dur\u00e9e de lecture estim\u00e9e\" \/>\n\t<meta name=\"twitter:data1\" content=\"4 minutes\" \/>\n<script type=\"application\/ld+json\" class=\"yoast-schema-graph\">{\"@context\":\"https:\\\/\\\/schema.org\",\"@graph\":[{\"@type\":\"WebPage\",\"@id\":\"https:\\\/\\\/sacchitartufi.com\\\/fr\\\/entreprise\\\/\",\"url\":\"https:\\\/\\\/sacchitartufi.com\\\/fr\\\/entreprise\\\/\",\"name\":\"Sacchi Tartufi | L'entreprise\",\"isPartOf\":{\"@id\":\"https:\\\/\\\/sacchitartufi.com\\\/fr\\\/#website\"},\"primaryImageOfPage\":{\"@id\":\"https:\\\/\\\/sacchitartufi.com\\\/fr\\\/entreprise\\\/#primaryimage\"},\"image\":{\"@id\":\"https:\\\/\\\/sacchitartufi.com\\\/fr\\\/entreprise\\\/#primaryimage\"},\"thumbnailUrl\":\"https:\\\/\\\/sacchitartufi.com\\\/wp-content\\\/uploads\\\/2024\\\/03\\\/raccolta-tartufi.webp\",\"datePublished\":\"2024-02-26T15:39:37+00:00\",\"dateModified\":\"2025-06-24T09:39:01+00:00\",\"description\":\"Sacchi Tartufi est plus qu'une simple entreprise : c'est une r\u00e9f\u00e9rence pour quiconque souhaite go\u00fbter le v\u00e9ritable go\u00fbt de la truffe.\",\"breadcrumb\":{\"@id\":\"https:\\\/\\\/sacchitartufi.com\\\/fr\\\/entreprise\\\/#breadcrumb\"},\"inLanguage\":\"fr-FR\",\"potentialAction\":[{\"@type\":\"ReadAction\",\"target\":[\"https:\\\/\\\/sacchitartufi.com\\\/fr\\\/entreprise\\\/\"]}]},{\"@type\":\"ImageObject\",\"inLanguage\":\"fr-FR\",\"@id\":\"https:\\\/\\\/sacchitartufi.com\\\/fr\\\/entreprise\\\/#primaryimage\",\"url\":\"https:\\\/\\\/sacchitartufi.com\\\/wp-content\\\/uploads\\\/2024\\\/03\\\/raccolta-tartufi.webp\",\"contentUrl\":\"https:\\\/\\\/sacchitartufi.com\\\/wp-content\\\/uploads\\\/2024\\\/03\\\/raccolta-tartufi.webp\",\"width\":574,\"height\":383,\"caption\":\"Sacchi tartufi Raccolta tartufi\"},{\"@type\":\"BreadcrumbList\",\"@id\":\"https:\\\/\\\/sacchitartufi.com\\\/fr\\\/entreprise\\\/#breadcrumb\",\"itemListElement\":[{\"@type\":\"ListItem\",\"position\":1,\"name\":\"Home\",\"item\":\"https:\\\/\\\/sacchitartufi.com\\\/fr\\\/\"},{\"@type\":\"ListItem\",\"position\":2,\"name\":\"L&rsquo;histoire\"}]},{\"@type\":\"WebSite\",\"@id\":\"https:\\\/\\\/sacchitartufi.com\\\/fr\\\/#website\",\"url\":\"https:\\\/\\\/sacchitartufi.com\\\/fr\\\/\",\"name\":\"Sacchi Tartufi\",\"description\":\"Cibo di lusso per un esperienza gourmet\",\"publisher\":{\"@id\":\"https:\\\/\\\/sacchitartufi.com\\\/fr\\\/#organization\"},\"potentialAction\":[{\"@type\":\"SearchAction\",\"target\":{\"@type\":\"EntryPoint\",\"urlTemplate\":\"https:\\\/\\\/sacchitartufi.com\\\/fr\\\/?s={search_term_string}\"},\"query-input\":{\"@type\":\"PropertyValueSpecification\",\"valueRequired\":true,\"valueName\":\"search_term_string\"}}],\"inLanguage\":\"fr-FR\"},{\"@type\":\"Organization\",\"@id\":\"https:\\\/\\\/sacchitartufi.com\\\/fr\\\/#organization\",\"name\":\"Sacchi Tartufi\",\"url\":\"https:\\\/\\\/sacchitartufi.com\\\/fr\\\/\",\"logo\":{\"@type\":\"ImageObject\",\"inLanguage\":\"fr-FR\",\"@id\":\"https:\\\/\\\/sacchitartufi.com\\\/fr\\\/#\\\/schema\\\/logo\\\/image\\\/\",\"url\":\"https:\\\/\\\/sacchitartufi.com\\\/wp-content\\\/uploads\\\/2024\\\/02\\\/favicon-sacchi-tartufi.png\",\"contentUrl\":\"https:\\\/\\\/sacchitartufi.com\\\/wp-content\\\/uploads\\\/2024\\\/02\\\/favicon-sacchi-tartufi.png\",\"width\":512,\"height\":512,\"caption\":\"Sacchi Tartufi\"},\"image\":{\"@id\":\"https:\\\/\\\/sacchitartufi.com\\\/fr\\\/#\\\/schema\\\/logo\\\/image\\\/\"},\"sameAs\":[\"https:\\\/\\\/www.facebook.com\\\/sacchitartufi\",\"https:\\\/\\\/www.instagram.com\\\/sacchitartufi_international\\\/\"]}]}<\/script>\n<!-- \/ Yoast SEO plugin. -->","yoast_head_json":{"title":"Sacchi Tartufi | L'entreprise","description":"Sacchi Tartufi est plus qu'une simple entreprise : c'est une r\u00e9f\u00e9rence pour quiconque souhaite go\u00fbter le v\u00e9ritable go\u00fbt de la truffe.","robots":{"index":"index","follow":"follow","max-snippet":"max-snippet:-1","max-image-preview":"max-image-preview:large","max-video-preview":"max-video-preview:-1"},"canonical":"https:\/\/sacchitartufi.com\/fr\/entreprise\/","og_locale":"fr_FR","og_type":"article","og_title":"Sacchi Tartufi | L'entreprise","og_description":"Sacchi Tartufi est plus qu'une simple entreprise : c'est une r\u00e9f\u00e9rence pour quiconque souhaite go\u00fbter le v\u00e9ritable go\u00fbt de la truffe.","og_url":"https:\/\/sacchitartufi.com\/fr\/entreprise\/","og_site_name":"Sacchi Tartufi","article_publisher":"https:\/\/www.facebook.com\/sacchitartufi","article_modified_time":"2025-06-24T09:39:01+00:00","og_image":[{"width":574,"height":383,"url":"https:\/\/sacchitartufi.com\/wp-content\/uploads\/2024\/03\/raccolta-tartufi.webp","type":"image\/webp"}],"twitter_card":"summary_large_image","twitter_misc":{"Dur\u00e9e de lecture estim\u00e9e":"4 minutes"},"schema":{"@context":"https:\/\/schema.org","@graph":[{"@type":"WebPage","@id":"https:\/\/sacchitartufi.com\/fr\/entreprise\/","url":"https:\/\/sacchitartufi.com\/fr\/entreprise\/","name":"Sacchi Tartufi | L'entreprise","isPartOf":{"@id":"https:\/\/sacchitartufi.com\/fr\/#website"},"primaryImageOfPage":{"@id":"https:\/\/sacchitartufi.com\/fr\/entreprise\/#primaryimage"},"image":{"@id":"https:\/\/sacchitartufi.com\/fr\/entreprise\/#primaryimage"},"thumbnailUrl":"https:\/\/sacchitartufi.com\/wp-content\/uploads\/2024\/03\/raccolta-tartufi.webp","datePublished":"2024-02-26T15:39:37+00:00","dateModified":"2025-06-24T09:39:01+00:00","description":"Sacchi Tartufi est plus qu'une simple entreprise : c'est une r\u00e9f\u00e9rence pour quiconque souhaite go\u00fbter le v\u00e9ritable go\u00fbt de la truffe.","breadcrumb":{"@id":"https:\/\/sacchitartufi.com\/fr\/entreprise\/#breadcrumb"},"inLanguage":"fr-FR","potentialAction":[{"@type":"ReadAction","target":["https:\/\/sacchitartufi.com\/fr\/entreprise\/"]}]},{"@type":"ImageObject","inLanguage":"fr-FR","@id":"https:\/\/sacchitartufi.com\/fr\/entreprise\/#primaryimage","url":"https:\/\/sacchitartufi.com\/wp-content\/uploads\/2024\/03\/raccolta-tartufi.webp","contentUrl":"https:\/\/sacchitartufi.com\/wp-content\/uploads\/2024\/03\/raccolta-tartufi.webp","width":574,"height":383,"caption":"Sacchi tartufi Raccolta tartufi"},{"@type":"BreadcrumbList","@id":"https:\/\/sacchitartufi.com\/fr\/entreprise\/#breadcrumb","itemListElement":[{"@type":"ListItem","position":1,"name":"Home","item":"https:\/\/sacchitartufi.com\/fr\/"},{"@type":"ListItem","position":2,"name":"L&rsquo;histoire"}]},{"@type":"WebSite","@id":"https:\/\/sacchitartufi.com\/fr\/#website","url":"https:\/\/sacchitartufi.com\/fr\/","name":"Sacchi Tartufi","description":"Cibo di lusso per un esperienza gourmet","publisher":{"@id":"https:\/\/sacchitartufi.com\/fr\/#organization"},"potentialAction":[{"@type":"SearchAction","target":{"@type":"EntryPoint","urlTemplate":"https:\/\/sacchitartufi.com\/fr\/?s={search_term_string}"},"query-input":{"@type":"PropertyValueSpecification","valueRequired":true,"valueName":"search_term_string"}}],"inLanguage":"fr-FR"},{"@type":"Organization","@id":"https:\/\/sacchitartufi.com\/fr\/#organization","name":"Sacchi Tartufi","url":"https:\/\/sacchitartufi.com\/fr\/","logo":{"@type":"ImageObject","inLanguage":"fr-FR","@id":"https:\/\/sacchitartufi.com\/fr\/#\/schema\/logo\/image\/","url":"https:\/\/sacchitartufi.com\/wp-content\/uploads\/2024\/02\/favicon-sacchi-tartufi.png","contentUrl":"https:\/\/sacchitartufi.com\/wp-content\/uploads\/2024\/02\/favicon-sacchi-tartufi.png","width":512,"height":512,"caption":"Sacchi Tartufi"},"image":{"@id":"https:\/\/sacchitartufi.com\/fr\/#\/schema\/logo\/image\/"},"sameAs":["https:\/\/www.facebook.com\/sacchitartufi","https:\/\/www.instagram.com\/sacchitartufi_international\/"]}]}},"_links":{"self":[{"href":"https:\/\/sacchitartufi.com\/fr\/wp-json\/wp\/v2\/pages\/2127","targetHints":{"allow":["GET"]}}],"collection":[{"href":"https:\/\/sacchitartufi.com\/fr\/wp-json\/wp\/v2\/pages"}],"about":[{"href":"https:\/\/sacchitartufi.com\/fr\/wp-json\/wp\/v2\/types\/page"}],"author":[{"embeddable":true,"href":"https:\/\/sacchitartufi.com\/fr\/wp-json\/wp\/v2\/users\/1"}],"replies":[{"embeddable":true,"href":"https:\/\/sacchitartufi.com\/fr\/wp-json\/wp\/v2\/comments?post=2127"}],"version-history":[{"count":5,"href":"https:\/\/sacchitartufi.com\/fr\/wp-json\/wp\/v2\/pages\/2127\/revisions"}],"predecessor-version":[{"id":3159,"href":"https:\/\/sacchitartufi.com\/fr\/wp-json\/wp\/v2\/pages\/2127\/revisions\/3159"}],"wp:featuredmedia":[{"embeddable":true,"href":"https:\/\/sacchitartufi.com\/fr\/wp-json\/wp\/v2\/media\/134"}],"wp:attachment":[{"href":"https:\/\/sacchitartufi.com\/fr\/wp-json\/wp\/v2\/media?parent=2127"}],"curies":[{"name":"wp","href":"https:\/\/api.w.org\/{rel}","templated":true}]}}