{"id":2140,"date":"2024-02-26T16:40:16","date_gmt":"2024-02-26T15:40:16","guid":{"rendered":"https:\/\/sacchitartufi.com\/la-truffe\/"},"modified":"2024-09-17T09:45:30","modified_gmt":"2024-09-17T07:45:30","slug":"la-truffe","status":"publish","type":"page","link":"https:\/\/sacchitartufi.com\/fr\/la-truffe\/","title":{"rendered":"La Truffe"},"content":{"rendered":"<div class=\"wpb-content-wrapper\"><p>[vc_row row_height_percent=\u00a0\u00bb0&Prime; override_padding=\u00a0\u00bbyes\u00a0\u00bb h_padding=\u00a0\u00bb2&Prime; top_padding=\u00a0\u00bb4&Prime; bottom_padding=\u00a0\u00bb5&Prime; overlay_alpha=\u00a0\u00bb50&Prime; gutter_size=\u00a0\u00bb3&Prime; column_width_percent=\u00a0\u00bb100&Prime; shift_y=\u00a0\u00bb0&Prime; z_index=\u00a0\u00bb0&Prime; uncode_shortcode_id=\u00a0\u00bb901272&Prime;][vc_column width=\u00a0\u00bb1\/1&Prime;][vc_custom_heading text_size=\u00a0\u00bbfontsize-459415&Prime; text_transform=\u00a0\u00bbuppercase\u00a0\u00bb sub_lead=\u00a0\u00bbyes\u00a0\u00bb css_animation=\u00a0\u00bbalpha-anim\u00a0\u00bb uncode_shortcode_id=\u00a0\u00bb194924&Prime; subheading=\u00a0\u00bbLa vieille tradition italienne de la recherche de la truffe, transmise \u00e0 travers les si\u00e8cles, a \u00e9t\u00e9 officiellement reconnue en 2021 avec son inscription sur la liste du Patrimoine Culturel Immat\u00e9riel de l&#039;UNESCO.\u00a0\u00bb]La Truffe est culture[\/vc_custom_heading][vc_empty_space empty_h=\u00a0\u00bb2&Prime;][vc_row_inner][vc_column_inner column_width_percent=\u00a0\u00bb100&Prime; position_vertical=\u00a0\u00bbmiddle\u00a0\u00bb align_horizontal=\u00a0\u00bbalign_right\u00a0\u00bb gutter_size=\u00a0\u00bb0&Prime; overlay_alpha=\u00a0\u00bb50&Prime; shift_x=\u00a0\u00bb0&Prime; shift_y=\u00a0\u00bb0&Prime; shift_y_down=\u00a0\u00bb0&Prime; z_index=\u00a0\u00bb0&Prime; align_medium=\u00a0\u00bbalign_center_tablet\u00a0\u00bb medium_width=\u00a0\u00bb0&Prime; align_mobile=\u00a0\u00bbalign_center_mobile\u00a0\u00bb mobile_width=\u00a0\u00bb0&Prime; css_animation=\u00a0\u00bbalpha-anim\u00a0\u00bb width=\u00a0\u00bb1\/2&Prime; uncode_shortcode_id=\u00a0\u00bb845223&Prime;][vc_single_image media=\u00a0\u00bb170&Prime; media_width_use_pixel=\u00a0\u00bbyes\u00a0\u00bb alignment=\u00a0\u00bbcenter\u00a0\u00bb uncode_shortcode_id=\u00a0\u00bb214154&Prime; media_width_pixel=\u00a0\u00bb450&Prime;][\/vc_column_inner][vc_column_inner column_width_percent=\u00a0\u00bb100&Prime; position_vertical=\u00a0\u00bbmiddle\u00a0\u00bb gutter_size=\u00a0\u00bb1&Prime; overlay_alpha=\u00a0\u00bb50&Prime; shift_x=\u00a0\u00bb0&Prime; shift_y=\u00a0\u00bb0&Prime; shift_y_down=\u00a0\u00bb0&Prime; z_index=\u00a0\u00bb0&Prime; align_medium=\u00a0\u00bbalign_center_tablet\u00a0\u00bb medium_width=\u00a0\u00bb0&Prime; align_mobile=\u00a0\u00bbalign_center_mobile\u00a0\u00bb mobile_width=\u00a0\u00bb0&Prime; css_animation=\u00a0\u00bbalpha-anim\u00a0\u00bb animation_delay=\u00a0\u00bb200&Prime; width=\u00a0\u00bb1\/2&Prime; uncode_shortcode_id=\u00a0\u00bb101725&Prime;][vc_custom_heading heading_semantic=\u00a0\u00bbh3&Prime; text_size=\u00a0\u00bbfontsize-821559&Prime; text_transform=\u00a0\u00bbuppercase\u00a0\u00bb uncode_shortcode_id=\u00a0\u00bb614947&Prime;]Truffe Blanche[\/vc_custom_heading][vc_custom_heading heading_semantic=\u00a0\u00bbp\u00a0\u00bb text_font=\u00a0\u00bbfont-240894&Prime; text_size=\u00a0\u00bbh4&Prime; text_italic=\u00a0\u00bbyes\u00a0\u00bb uncode_shortcode_id=\u00a0\u00bb194184&Prime;]Tuber Magnatum Pico[\/vc_custom_heading][vc_empty_space][vc_button outline=\u00a0\u00bbyes\u00a0\u00bb border_width=\u00a0\u00bb0&Prime; css_animation=\u00a0\u00bbalpha-anim\u00a0\u00bb link=\u00a0\u00bburl:https%3A%2F%2Fsacchitartufi.com%2Fil-tartufo%2Ftartufo-bianco%2F|title:La%20Truffe|\u00a0\u00bb uncode_shortcode_id=\u00a0\u00bb136168&Prime;]En savoir plus[\/vc_button][\/vc_column_inner][\/vc_row_inner][vc_empty_space empty_h=\u00a0\u00bb4&Prime; desktop_visibility=\u00a0\u00bbyes\u00a0\u00bb][vc_row_inner row_inner_height_percent=\u00a0\u00bb0&Prime; overlay_alpha=\u00a0\u00bb50&Prime; gutter_size=\u00a0\u00bb3&Prime; shift_y=\u00a0\u00bb0&Prime; z_index=\u00a0\u00bb0&Prime; inverted_device_order=\u00a0\u00bbyes\u00a0\u00bb uncode_shortcode_id=\u00a0\u00bb205828&Prime;][vc_column_inner column_width_percent=\u00a0\u00bb100&Prime; position_vertical=\u00a0\u00bbmiddle\u00a0\u00bb align_horizontal=\u00a0\u00bbalign_right\u00a0\u00bb gutter_size=\u00a0\u00bb0&Prime; overlay_alpha=\u00a0\u00bb50&Prime; shift_x=\u00a0\u00bb0&Prime; shift_y=\u00a0\u00bb0&Prime; shift_y_down=\u00a0\u00bb0&Prime; z_index=\u00a0\u00bb0&Prime; align_medium=\u00a0\u00bbalign_center_tablet\u00a0\u00bb medium_width=\u00a0\u00bb0&Prime; align_mobile=\u00a0\u00bbalign_center_mobile\u00a0\u00bb mobile_width=\u00a0\u00bb0&Prime; css_animation=\u00a0\u00bbalpha-anim\u00a0\u00bb animation_delay=\u00a0\u00bb200&Prime; width=\u00a0\u00bb1\/2&Prime; uncode_shortcode_id=\u00a0\u00bb213526&Prime;][vc_custom_heading heading_semantic=\u00a0\u00bbh3&Prime; text_size=\u00a0\u00bbfontsize-821559&Prime; text_transform=\u00a0\u00bbuppercase\u00a0\u00bb uncode_shortcode_id=\u00a0\u00bb131971&Prime;]Truffe Noire Pr\u00e9cieuse[\/vc_custom_heading][vc_custom_heading heading_semantic=\u00a0\u00bbp\u00a0\u00bb text_font=\u00a0\u00bbfont-240894&Prime; text_size=\u00a0\u00bbh4&Prime; text_italic=\u00a0\u00bbyes\u00a0\u00bb uncode_shortcode_id=\u00a0\u00bb185776&Prime;]Tuber Melanosporum Vittad.[\/vc_custom_heading][vc_empty_space][vc_button outline=\u00a0\u00bbyes\u00a0\u00bb border_width=\u00a0\u00bb0&Prime; css_animation=\u00a0\u00bbalpha-anim\u00a0\u00bb link=\u00a0\u00bburl:https%3A%2F%2Fsacchitartufi.com%2Fil-tartufo%2Ftartufo-nero-pregiato%2F|title:La%20Truffe|\u00a0\u00bb uncode_shortcode_id=\u00a0\u00bb329659&Prime;]En savoir plus[\/vc_button][\/vc_column_inner][vc_column_inner column_width_percent=\u00a0\u00bb100&Prime; position_vertical=\u00a0\u00bbmiddle\u00a0\u00bb gutter_size=\u00a0\u00bb1&Prime; overlay_alpha=\u00a0\u00bb50&Prime; shift_x=\u00a0\u00bb0&Prime; shift_y=\u00a0\u00bb0&Prime; shift_y_down=\u00a0\u00bb0&Prime; z_index=\u00a0\u00bb0&Prime; align_medium=\u00a0\u00bbalign_center_tablet\u00a0\u00bb medium_width=\u00a0\u00bb0&Prime; align_mobile=\u00a0\u00bbalign_center_mobile\u00a0\u00bb mobile_width=\u00a0\u00bb0&Prime; css_animation=\u00a0\u00bbalpha-anim\u00a0\u00bb width=\u00a0\u00bb1\/2&Prime; uncode_shortcode_id=\u00a0\u00bb430018&Prime;][vc_single_image media=\u00a0\u00bb172&Prime; media_width_use_pixel=\u00a0\u00bbyes\u00a0\u00bb alignment=\u00a0\u00bbcenter\u00a0\u00bb uncode_shortcode_id=\u00a0\u00bb135875&Prime; media_width_pixel=\u00a0\u00bb450&Prime;][\/vc_column_inner][\/vc_row_inner][vc_empty_space empty_h=\u00a0\u00bb4&Prime; desktop_visibility=\u00a0\u00bbyes\u00a0\u00bb][vc_row_inner][vc_column_inner column_width_percent=\u00a0\u00bb100&Prime; position_vertical=\u00a0\u00bbmiddle\u00a0\u00bb align_horizontal=\u00a0\u00bbalign_right\u00a0\u00bb gutter_size=\u00a0\u00bb0&Prime; overlay_alpha=\u00a0\u00bb50&Prime; shift_x=\u00a0\u00bb0&Prime; shift_y=\u00a0\u00bb0&Prime; shift_y_down=\u00a0\u00bb0&Prime; z_index=\u00a0\u00bb0&Prime; align_medium=\u00a0\u00bbalign_center_tablet\u00a0\u00bb medium_width=\u00a0\u00bb0&Prime; align_mobile=\u00a0\u00bbalign_center_mobile\u00a0\u00bb mobile_width=\u00a0\u00bb0&Prime; css_animation=\u00a0\u00bbalpha-anim\u00a0\u00bb width=\u00a0\u00bb1\/2&Prime; uncode_shortcode_id=\u00a0\u00bb932303&Prime;][vc_single_image media=\u00a0\u00bb171&Prime; media_width_use_pixel=\u00a0\u00bbyes\u00a0\u00bb alignment=\u00a0\u00bbcenter\u00a0\u00bb uncode_shortcode_id=\u00a0\u00bb951542&Prime; media_width_pixel=\u00a0\u00bb450&Prime;][\/vc_column_inner][vc_column_inner column_width_percent=\u00a0\u00bb100&Prime; position_vertical=\u00a0\u00bbmiddle\u00a0\u00bb gutter_size=\u00a0\u00bb1&Prime; overlay_alpha=\u00a0\u00bb50&Prime; shift_x=\u00a0\u00bb0&Prime; shift_y=\u00a0\u00bb0&Prime; shift_y_down=\u00a0\u00bb0&Prime; z_index=\u00a0\u00bb0&Prime; align_medium=\u00a0\u00bbalign_center_tablet\u00a0\u00bb medium_width=\u00a0\u00bb0&Prime; align_mobile=\u00a0\u00bbalign_center_mobile\u00a0\u00bb mobile_width=\u00a0\u00bb0&Prime; css_animation=\u00a0\u00bbalpha-anim\u00a0\u00bb animation_delay=\u00a0\u00bb200&Prime; width=\u00a0\u00bb1\/2&Prime; uncode_shortcode_id=\u00a0\u00bb139674&Prime;][vc_custom_heading heading_semantic=\u00a0\u00bbh3&Prime; text_size=\u00a0\u00bbfontsize-821559&Prime; text_transform=\u00a0\u00bbuppercase\u00a0\u00bb uncode_shortcode_id=\u00a0\u00bb111161&Prime;]Truffe Noire d&rsquo;\u00c9t\u00e9[\/vc_custom_heading][vc_custom_heading heading_semantic=\u00a0\u00bbp\u00a0\u00bb text_font=\u00a0\u00bbfont-240894&Prime; text_size=\u00a0\u00bbh4&Prime; text_italic=\u00a0\u00bbyes\u00a0\u00bb uncode_shortcode_id=\u00a0\u00bb895925&Prime;]Tuber Aestivum Vittad.[\/vc_custom_heading][vc_empty_space][vc_button outline=\u00a0\u00bbyes\u00a0\u00bb border_width=\u00a0\u00bb0&Prime; css_animation=\u00a0\u00bbalpha-anim\u00a0\u00bb link=\u00a0\u00bburl:https%3A%2F%2Fsacchitartufi.com%2Fil-tartufo%2Ftartufo-nero-estivo%2F|title:La%20Truffe|\u00a0\u00bb uncode_shortcode_id=\u00a0\u00bb144981&Prime;]En savoir plus[\/vc_button][\/vc_column_inner][\/vc_row_inner][vc_empty_space empty_h=\u00a0\u00bb4&Prime; desktop_visibility=\u00a0\u00bbyes\u00a0\u00bb][vc_row_inner row_inner_height_percent=\u00a0\u00bb0&Prime; overlay_alpha=\u00a0\u00bb50&Prime; gutter_size=\u00a0\u00bb3&Prime; shift_y=\u00a0\u00bb0&Prime; z_index=\u00a0\u00bb0&Prime; inverted_device_order=\u00a0\u00bbyes\u00a0\u00bb uncode_shortcode_id=\u00a0\u00bb205828&Prime;][vc_column_inner column_width_percent=\u00a0\u00bb100&Prime; position_vertical=\u00a0\u00bbmiddle\u00a0\u00bb align_horizontal=\u00a0\u00bbalign_right\u00a0\u00bb gutter_size=\u00a0\u00bb0&Prime; overlay_alpha=\u00a0\u00bb50&Prime; shift_x=\u00a0\u00bb0&Prime; shift_y=\u00a0\u00bb0&Prime; shift_y_down=\u00a0\u00bb0&Prime; z_index=\u00a0\u00bb0&Prime; align_medium=\u00a0\u00bbalign_center_tablet\u00a0\u00bb medium_width=\u00a0\u00bb0&Prime; align_mobile=\u00a0\u00bbalign_center_mobile\u00a0\u00bb mobile_width=\u00a0\u00bb0&Prime; css_animation=\u00a0\u00bbalpha-anim\u00a0\u00bb animation_delay=\u00a0\u00bb200&Prime; width=\u00a0\u00bb1\/2&Prime; uncode_shortcode_id=\u00a0\u00bb172230&Prime;][vc_custom_heading heading_semantic=\u00a0\u00bbh3&Prime; text_size=\u00a0\u00bbfontsize-821559&Prime; text_transform=\u00a0\u00bbuppercase\u00a0\u00bb uncode_shortcode_id=\u00a0\u00bb163153&Prime;]Truffe Bianchetto[\/vc_custom_heading][vc_custom_heading heading_semantic=\u00a0\u00bbp\u00a0\u00bb text_font=\u00a0\u00bbfont-240894&Prime; text_size=\u00a0\u00bbh4&Prime; text_italic=\u00a0\u00bbyes\u00a0\u00bb uncode_shortcode_id=\u00a0\u00bb692411&Prime;]Tuber Borchii, Vittad.[\/vc_custom_heading][vc_empty_space][vc_button outline=\u00a0\u00bbyes\u00a0\u00bb border_width=\u00a0\u00bb0&Prime; css_animation=\u00a0\u00bbalpha-anim\u00a0\u00bb link=\u00a0\u00bburl:https%3A%2F%2Fsacchitartufi.com%2Fil-tartufo%2Ftartufo-bianchetto%2F|title:La%20Truffe|\u00a0\u00bb uncode_shortcode_id=\u00a0\u00bb162824&Prime;]En savoir plus[\/vc_button][\/vc_column_inner][vc_column_inner column_width_percent=\u00a0\u00bb100&Prime; position_vertical=\u00a0\u00bbmiddle\u00a0\u00bb gutter_size=\u00a0\u00bb1&Prime; overlay_alpha=\u00a0\u00bb50&Prime; shift_x=\u00a0\u00bb0&Prime; shift_y=\u00a0\u00bb0&Prime; shift_y_down=\u00a0\u00bb0&Prime; z_index=\u00a0\u00bb0&Prime; align_medium=\u00a0\u00bbalign_center_tablet\u00a0\u00bb medium_width=\u00a0\u00bb0&Prime; align_mobile=\u00a0\u00bbalign_center_mobile\u00a0\u00bb mobile_width=\u00a0\u00bb0&Prime; css_animation=\u00a0\u00bbalpha-anim\u00a0\u00bb width=\u00a0\u00bb1\/2&Prime; uncode_shortcode_id=\u00a0\u00bb170604&Prime;][vc_single_image media=\u00a0\u00bb169&Prime; media_width_use_pixel=\u00a0\u00bbyes\u00a0\u00bb alignment=\u00a0\u00bbcenter\u00a0\u00bb uncode_shortcode_id=\u00a0\u00bb660115&Prime; media_width_pixel=\u00a0\u00bb450&Prime;][\/vc_column_inner][\/vc_row_inner][\/vc_column][\/vc_row]<\/p>\n<\/div>","protected":false},"excerpt":{"rendered":"<p>[vc_row row_height_percent=\u00a0\u00bb0&Prime; override_padding=\u00a0\u00bbyes\u00a0\u00bb h_padding=\u00a0\u00bb2&Prime; top_padding=\u00a0\u00bb4&Prime; bottom_padding=\u00a0\u00bb5&Prime; overlay_alpha=\u00a0\u00bb50&Prime; gutter_size=\u00a0\u00bb3&Prime; column_width_percent=\u00a0\u00bb100&Prime; shift_y=\u00a0\u00bb0&Prime; z_index=\u00a0\u00bb0&Prime; uncode_shortcode_id=\u00a0\u00bb901272&Prime;][vc_column width=\u00a0\u00bb1\/1&Prime;][vc_custom_heading text_size=\u00a0\u00bbfontsize-459415&Prime; text_transform=\u00a0\u00bbuppercase\u00a0\u00bb sub_lead=\u00a0\u00bbyes\u00a0\u00bb css_animation=\u00a0\u00bbalpha-anim\u00a0\u00bb uncode_shortcode_id=\u00a0\u00bb194924&Prime; subheading=\u00a0\u00bbLa vieille [&hellip;]<\/p>\n","protected":false},"author":1,"featured_media":134,"parent":0,"menu_order":0,"comment_status":"closed","ping_status":"closed","template":"","meta":{"footnotes":""},"class_list":["post-2140","page","type-page","status-publish","has-post-thumbnail","hentry"],"yoast_head":"<!-- This site is optimized with the Yoast SEO plugin v27.3 - https:\/\/yoast.com\/product\/yoast-seo-wordpress\/ -->\n<title>Sacchi Tartufi | La Truffe<\/title>\n<meta name=\"description\" content=\"Truffe Blanche, Truffe Noire Pr\u00e9cieuse, Truffe Noire d&#039;\u00c9t\u00e9, Truffe Bianchetto : d\u00e9couvrez les caract\u00e9ristiques de ces tubercules pr\u00e9cieux.\" \/>\n<meta name=\"robots\" content=\"index, follow, max-snippet:-1, max-image-preview:large, max-video-preview:-1\" \/>\n<link rel=\"canonical\" href=\"https:\/\/sacchitartufi.com\/fr\/la-truffe\/\" \/>\n<meta property=\"og:locale\" content=\"fr_FR\" \/>\n<meta property=\"og:type\" content=\"article\" \/>\n<meta property=\"og:title\" content=\"Sacchi Tartufi | La Truffe\" \/>\n<meta property=\"og:description\" content=\"Truffe Blanche, Truffe Noire Pr\u00e9cieuse, Truffe Noire d&#039;\u00c9t\u00e9, Truffe Bianchetto : d\u00e9couvrez les caract\u00e9ristiques de ces tubercules pr\u00e9cieux.\" \/>\n<meta property=\"og:url\" content=\"https:\/\/sacchitartufi.com\/fr\/la-truffe\/\" \/>\n<meta property=\"og:site_name\" content=\"Sacchi Tartufi\" \/>\n<meta property=\"article:publisher\" content=\"https:\/\/www.facebook.com\/sacchitartufi\" \/>\n<meta property=\"article:modified_time\" content=\"2024-09-17T07:45:30+00:00\" \/>\n<meta property=\"og:image\" content=\"https:\/\/sacchitartufi.com\/wp-content\/uploads\/2024\/03\/raccolta-tartufi.webp\" \/>\n\t<meta property=\"og:image:width\" content=\"574\" \/>\n\t<meta property=\"og:image:height\" content=\"383\" \/>\n\t<meta property=\"og:image:type\" content=\"image\/webp\" \/>\n<meta name=\"twitter:card\" content=\"summary_large_image\" \/>\n<meta name=\"twitter:label1\" content=\"Dur\u00e9e de lecture estim\u00e9e\" \/>\n\t<meta name=\"twitter:data1\" content=\"5 minutes\" \/>\n<script type=\"application\/ld+json\" class=\"yoast-schema-graph\">{\"@context\":\"https:\\\/\\\/schema.org\",\"@graph\":[{\"@type\":\"WebPage\",\"@id\":\"https:\\\/\\\/sacchitartufi.com\\\/fr\\\/la-truffe\\\/\",\"url\":\"https:\\\/\\\/sacchitartufi.com\\\/fr\\\/la-truffe\\\/\",\"name\":\"Sacchi Tartufi | La Truffe\",\"isPartOf\":{\"@id\":\"https:\\\/\\\/sacchitartufi.com\\\/fr\\\/#website\"},\"primaryImageOfPage\":{\"@id\":\"https:\\\/\\\/sacchitartufi.com\\\/fr\\\/la-truffe\\\/#primaryimage\"},\"image\":{\"@id\":\"https:\\\/\\\/sacchitartufi.com\\\/fr\\\/la-truffe\\\/#primaryimage\"},\"thumbnailUrl\":\"https:\\\/\\\/sacchitartufi.com\\\/wp-content\\\/uploads\\\/2024\\\/03\\\/raccolta-tartufi.webp\",\"datePublished\":\"2024-02-26T15:40:16+00:00\",\"dateModified\":\"2024-09-17T07:45:30+00:00\",\"description\":\"Truffe Blanche, Truffe Noire Pr\u00e9cieuse, Truffe Noire d'\u00c9t\u00e9, Truffe Bianchetto : d\u00e9couvrez les caract\u00e9ristiques de ces tubercules pr\u00e9cieux.\",\"breadcrumb\":{\"@id\":\"https:\\\/\\\/sacchitartufi.com\\\/fr\\\/la-truffe\\\/#breadcrumb\"},\"inLanguage\":\"fr-FR\",\"potentialAction\":[{\"@type\":\"ReadAction\",\"target\":[\"https:\\\/\\\/sacchitartufi.com\\\/fr\\\/la-truffe\\\/\"]}]},{\"@type\":\"ImageObject\",\"inLanguage\":\"fr-FR\",\"@id\":\"https:\\\/\\\/sacchitartufi.com\\\/fr\\\/la-truffe\\\/#primaryimage\",\"url\":\"https:\\\/\\\/sacchitartufi.com\\\/wp-content\\\/uploads\\\/2024\\\/03\\\/raccolta-tartufi.webp\",\"contentUrl\":\"https:\\\/\\\/sacchitartufi.com\\\/wp-content\\\/uploads\\\/2024\\\/03\\\/raccolta-tartufi.webp\",\"width\":574,\"height\":383,\"caption\":\"Sacchi tartufi Raccolta tartufi\"},{\"@type\":\"BreadcrumbList\",\"@id\":\"https:\\\/\\\/sacchitartufi.com\\\/fr\\\/la-truffe\\\/#breadcrumb\",\"itemListElement\":[{\"@type\":\"ListItem\",\"position\":1,\"name\":\"Home\",\"item\":\"https:\\\/\\\/sacchitartufi.com\\\/fr\\\/\"},{\"@type\":\"ListItem\",\"position\":2,\"name\":\"La Truffe\"}]},{\"@type\":\"WebSite\",\"@id\":\"https:\\\/\\\/sacchitartufi.com\\\/fr\\\/#website\",\"url\":\"https:\\\/\\\/sacchitartufi.com\\\/fr\\\/\",\"name\":\"Sacchi Tartufi\",\"description\":\"Cibo di lusso per un esperienza gourmet\",\"publisher\":{\"@id\":\"https:\\\/\\\/sacchitartufi.com\\\/fr\\\/#organization\"},\"potentialAction\":[{\"@type\":\"SearchAction\",\"target\":{\"@type\":\"EntryPoint\",\"urlTemplate\":\"https:\\\/\\\/sacchitartufi.com\\\/fr\\\/?s={search_term_string}\"},\"query-input\":{\"@type\":\"PropertyValueSpecification\",\"valueRequired\":true,\"valueName\":\"search_term_string\"}}],\"inLanguage\":\"fr-FR\"},{\"@type\":\"Organization\",\"@id\":\"https:\\\/\\\/sacchitartufi.com\\\/fr\\\/#organization\",\"name\":\"Sacchi Tartufi\",\"url\":\"https:\\\/\\\/sacchitartufi.com\\\/fr\\\/\",\"logo\":{\"@type\":\"ImageObject\",\"inLanguage\":\"fr-FR\",\"@id\":\"https:\\\/\\\/sacchitartufi.com\\\/fr\\\/#\\\/schema\\\/logo\\\/image\\\/\",\"url\":\"https:\\\/\\\/sacchitartufi.com\\\/wp-content\\\/uploads\\\/2024\\\/02\\\/favicon-sacchi-tartufi.png\",\"contentUrl\":\"https:\\\/\\\/sacchitartufi.com\\\/wp-content\\\/uploads\\\/2024\\\/02\\\/favicon-sacchi-tartufi.png\",\"width\":512,\"height\":512,\"caption\":\"Sacchi Tartufi\"},\"image\":{\"@id\":\"https:\\\/\\\/sacchitartufi.com\\\/fr\\\/#\\\/schema\\\/logo\\\/image\\\/\"},\"sameAs\":[\"https:\\\/\\\/www.facebook.com\\\/sacchitartufi\",\"https:\\\/\\\/www.instagram.com\\\/sacchitartufi_international\\\/\"]}]}<\/script>\n<!-- \/ Yoast SEO plugin. -->","yoast_head_json":{"title":"Sacchi Tartufi | La Truffe","description":"Truffe Blanche, Truffe Noire Pr\u00e9cieuse, Truffe Noire d'\u00c9t\u00e9, Truffe Bianchetto : d\u00e9couvrez les caract\u00e9ristiques de ces tubercules pr\u00e9cieux.","robots":{"index":"index","follow":"follow","max-snippet":"max-snippet:-1","max-image-preview":"max-image-preview:large","max-video-preview":"max-video-preview:-1"},"canonical":"https:\/\/sacchitartufi.com\/fr\/la-truffe\/","og_locale":"fr_FR","og_type":"article","og_title":"Sacchi Tartufi | La Truffe","og_description":"Truffe Blanche, Truffe Noire Pr\u00e9cieuse, Truffe Noire d'\u00c9t\u00e9, Truffe Bianchetto : d\u00e9couvrez les caract\u00e9ristiques de ces tubercules pr\u00e9cieux.","og_url":"https:\/\/sacchitartufi.com\/fr\/la-truffe\/","og_site_name":"Sacchi Tartufi","article_publisher":"https:\/\/www.facebook.com\/sacchitartufi","article_modified_time":"2024-09-17T07:45:30+00:00","og_image":[{"width":574,"height":383,"url":"https:\/\/sacchitartufi.com\/wp-content\/uploads\/2024\/03\/raccolta-tartufi.webp","type":"image\/webp"}],"twitter_card":"summary_large_image","twitter_misc":{"Dur\u00e9e de lecture estim\u00e9e":"5 minutes"},"schema":{"@context":"https:\/\/schema.org","@graph":[{"@type":"WebPage","@id":"https:\/\/sacchitartufi.com\/fr\/la-truffe\/","url":"https:\/\/sacchitartufi.com\/fr\/la-truffe\/","name":"Sacchi Tartufi | La Truffe","isPartOf":{"@id":"https:\/\/sacchitartufi.com\/fr\/#website"},"primaryImageOfPage":{"@id":"https:\/\/sacchitartufi.com\/fr\/la-truffe\/#primaryimage"},"image":{"@id":"https:\/\/sacchitartufi.com\/fr\/la-truffe\/#primaryimage"},"thumbnailUrl":"https:\/\/sacchitartufi.com\/wp-content\/uploads\/2024\/03\/raccolta-tartufi.webp","datePublished":"2024-02-26T15:40:16+00:00","dateModified":"2024-09-17T07:45:30+00:00","description":"Truffe Blanche, Truffe Noire Pr\u00e9cieuse, Truffe Noire d'\u00c9t\u00e9, Truffe Bianchetto : d\u00e9couvrez les caract\u00e9ristiques de ces tubercules pr\u00e9cieux.","breadcrumb":{"@id":"https:\/\/sacchitartufi.com\/fr\/la-truffe\/#breadcrumb"},"inLanguage":"fr-FR","potentialAction":[{"@type":"ReadAction","target":["https:\/\/sacchitartufi.com\/fr\/la-truffe\/"]}]},{"@type":"ImageObject","inLanguage":"fr-FR","@id":"https:\/\/sacchitartufi.com\/fr\/la-truffe\/#primaryimage","url":"https:\/\/sacchitartufi.com\/wp-content\/uploads\/2024\/03\/raccolta-tartufi.webp","contentUrl":"https:\/\/sacchitartufi.com\/wp-content\/uploads\/2024\/03\/raccolta-tartufi.webp","width":574,"height":383,"caption":"Sacchi tartufi Raccolta tartufi"},{"@type":"BreadcrumbList","@id":"https:\/\/sacchitartufi.com\/fr\/la-truffe\/#breadcrumb","itemListElement":[{"@type":"ListItem","position":1,"name":"Home","item":"https:\/\/sacchitartufi.com\/fr\/"},{"@type":"ListItem","position":2,"name":"La Truffe"}]},{"@type":"WebSite","@id":"https:\/\/sacchitartufi.com\/fr\/#website","url":"https:\/\/sacchitartufi.com\/fr\/","name":"Sacchi Tartufi","description":"Cibo di lusso per un esperienza gourmet","publisher":{"@id":"https:\/\/sacchitartufi.com\/fr\/#organization"},"potentialAction":[{"@type":"SearchAction","target":{"@type":"EntryPoint","urlTemplate":"https:\/\/sacchitartufi.com\/fr\/?s={search_term_string}"},"query-input":{"@type":"PropertyValueSpecification","valueRequired":true,"valueName":"search_term_string"}}],"inLanguage":"fr-FR"},{"@type":"Organization","@id":"https:\/\/sacchitartufi.com\/fr\/#organization","name":"Sacchi Tartufi","url":"https:\/\/sacchitartufi.com\/fr\/","logo":{"@type":"ImageObject","inLanguage":"fr-FR","@id":"https:\/\/sacchitartufi.com\/fr\/#\/schema\/logo\/image\/","url":"https:\/\/sacchitartufi.com\/wp-content\/uploads\/2024\/02\/favicon-sacchi-tartufi.png","contentUrl":"https:\/\/sacchitartufi.com\/wp-content\/uploads\/2024\/02\/favicon-sacchi-tartufi.png","width":512,"height":512,"caption":"Sacchi Tartufi"},"image":{"@id":"https:\/\/sacchitartufi.com\/fr\/#\/schema\/logo\/image\/"},"sameAs":["https:\/\/www.facebook.com\/sacchitartufi","https:\/\/www.instagram.com\/sacchitartufi_international\/"]}]}},"_links":{"self":[{"href":"https:\/\/sacchitartufi.com\/fr\/wp-json\/wp\/v2\/pages\/2140","targetHints":{"allow":["GET"]}}],"collection":[{"href":"https:\/\/sacchitartufi.com\/fr\/wp-json\/wp\/v2\/pages"}],"about":[{"href":"https:\/\/sacchitartufi.com\/fr\/wp-json\/wp\/v2\/types\/page"}],"author":[{"embeddable":true,"href":"https:\/\/sacchitartufi.com\/fr\/wp-json\/wp\/v2\/users\/1"}],"replies":[{"embeddable":true,"href":"https:\/\/sacchitartufi.com\/fr\/wp-json\/wp\/v2\/comments?post=2140"}],"version-history":[{"count":2,"href":"https:\/\/sacchitartufi.com\/fr\/wp-json\/wp\/v2\/pages\/2140\/revisions"}],"predecessor-version":[{"id":2142,"href":"https:\/\/sacchitartufi.com\/fr\/wp-json\/wp\/v2\/pages\/2140\/revisions\/2142"}],"wp:featuredmedia":[{"embeddable":true,"href":"https:\/\/sacchitartufi.com\/fr\/wp-json\/wp\/v2\/media\/134"}],"wp:attachment":[{"href":"https:\/\/sacchitartufi.com\/fr\/wp-json\/wp\/v2\/media?parent=2140"}],"curies":[{"name":"wp","href":"https:\/\/api.w.org\/{rel}","templated":true}]}}