{"id":2143,"date":"2024-03-22T12:10:26","date_gmt":"2024-03-22T11:10:26","guid":{"rendered":"https:\/\/sacchitartufi.com\/la-truffe\/truffle-bianchetto\/"},"modified":"2025-06-24T12:49:10","modified_gmt":"2025-06-24T10:49:10","slug":"truffle-bianchetto","status":"publish","type":"page","link":"https:\/\/sacchitartufi.com\/fr\/la-truffe\/truffle-bianchetto\/","title":{"rendered":"La truffe Bianchetto"},"content":{"rendered":"<div class=\"wpb-content-wrapper\"><p>[vc_row row_height_percent=\u00a0\u00bb0&Prime; override_padding=\u00a0\u00bbyes\u00a0\u00bb h_padding=\u00a0\u00bb2&Prime; top_padding=\u00a0\u00bb4&Prime; bottom_padding=\u00a0\u00bb5&Prime; overlay_alpha=\u00a0\u00bb50&Prime; gutter_size=\u00a0\u00bb3&Prime; column_width_percent=\u00a0\u00bb100&Prime; shift_y=\u00a0\u00bb0&Prime; z_index=\u00a0\u00bb0&Prime; uncode_shortcode_id=\u00a0\u00bb366536&Prime;][vc_column width=\u00a0\u00bb1\/1&Prime;][vc_row_inner][vc_column_inner column_width_percent=\u00a0\u00bb100&Prime; position_vertical=\u00a0\u00bbmiddle\u00a0\u00bb align_horizontal=\u00a0\u00bbalign_right\u00a0\u00bb gutter_size=\u00a0\u00bb0&Prime; overlay_alpha=\u00a0\u00bb50&Prime; shift_x=\u00a0\u00bb0&Prime; shift_y=\u00a0\u00bb0&Prime; shift_y_down=\u00a0\u00bb0&Prime; z_index=\u00a0\u00bb0&Prime; align_medium=\u00a0\u00bbalign_center_tablet\u00a0\u00bb medium_width=\u00a0\u00bb0&Prime; align_mobile=\u00a0\u00bbalign_center_mobile\u00a0\u00bb mobile_width=\u00a0\u00bb0&Prime; css_animation=\u00a0\u00bbalpha-anim\u00a0\u00bb width=\u00a0\u00bb5\/12&Prime; uncode_shortcode_id=\u00a0\u00bb845223&Prime;][vc_single_image media=\u00a0\u00bb169&Prime; media_width_use_pixel=\u00a0\u00bbyes\u00a0\u00bb alignment=\u00a0\u00bbcenter\u00a0\u00bb uncode_shortcode_id=\u00a0\u00bb190442&Prime; media_width_pixel=\u00a0\u00bb450&Prime;][\/vc_column_inner][vc_column_inner column_width_percent=\u00a0\u00bb100&Prime; position_vertical=\u00a0\u00bbmiddle\u00a0\u00bb gutter_size=\u00a0\u00bb1&Prime; overlay_alpha=\u00a0\u00bb50&Prime; shift_x=\u00a0\u00bb0&Prime; shift_y=\u00a0\u00bb0&Prime; shift_y_down=\u00a0\u00bb0&Prime; z_index=\u00a0\u00bb0&Prime; align_medium=\u00a0\u00bbalign_center_tablet\u00a0\u00bb medium_width=\u00a0\u00bb0&Prime; align_mobile=\u00a0\u00bbalign_center_mobile\u00a0\u00bb mobile_width=\u00a0\u00bb0&Prime; css_animation=\u00a0\u00bbalpha-anim\u00a0\u00bb animation_delay=\u00a0\u00bb200&Prime; width=\u00a0\u00bb7\/12&Prime; uncode_shortcode_id=\u00a0\u00bb101725&Prime;][vc_custom_heading heading_semantic=\u00a0\u00bbh1&Prime; text_size=\u00a0\u00bbfontsize-459415&Prime; text_transform=\u00a0\u00bbuppercase\u00a0\u00bb text_height=\u00a0\u00bbfontheight-523137&Prime; uncode_shortcode_id=\u00a0\u00bb114735&Prime;]La truffe Bianchetto[\/vc_custom_heading][vc_empty_space empty_h=\u00a0\u00bb1&Prime;][vc_custom_heading text_font=\u00a0\u00bbfont-240894&Prime; text_italic=\u00a0\u00bbyes\u00a0\u00bb uncode_shortcode_id=\u00a0\u00bb617644&Prime;]Tuber Borchii, Vittad.[\/vc_custom_heading][\/vc_column_inner][\/vc_row_inner][vc_column_text text_lead=\u00a0\u00bbyes\u00a0\u00bb css_animation=\u00a0\u00bbalpha-anim\u00a0\u00bb animation_delay=\u00a0\u00bb400&Prime; uncode_shortcode_id=\u00a0\u00bb136305&Prime;]La <strong>truffe bianchetto<\/strong>, \u00e9galement connue sous le nom de truffe \u00ab\u00a0<strong><em>marzuolo<\/em><\/strong>\u00a0\u00bb en Italie, est un tr\u00e9sor gastronomique qui m\u00e9rite d\u2019\u00eatre d\u00e9couvert et appr\u00e9ci\u00e9 par tous les amateurs de bonne cuisine. Bien que moins c\u00e9l\u00e8bre que la truffe blanche, la truffe bianchetto poss\u00e8de des <strong>caract\u00e9ristiques uniques<\/strong> et une <strong>saveur extraordinaire<\/strong> qui en font un d\u00e9lice \u00e0 ne pas sous-estimer.[\/vc_column_text][vc_empty_space empty_h=\u00a0\u00bb4&Prime;][vc_row_inner][vc_column_inner column_width_percent=\u00a0\u00bb100&Prime; gutter_size=\u00a0\u00bb3&Prime; overlay_alpha=\u00a0\u00bb50&Prime; shift_x=\u00a0\u00bb0&Prime; shift_y=\u00a0\u00bb0&Prime; shift_y_down=\u00a0\u00bb0&Prime; z_index=\u00a0\u00bb0&Prime; medium_width=\u00a0\u00bb0&Prime; mobile_width=\u00a0\u00bb0&Prime; css_animation=\u00a0\u00bbalpha-anim\u00a0\u00bb width=\u00a0\u00bb1\/2&Prime; uncode_shortcode_id=\u00a0\u00bb134356&Prime;][vc_custom_heading text_size=\u00a0\u00bbfontsize-821559&Prime; text_transform=\u00a0\u00bbuppercase\u00a0\u00bb text_height=\u00a0\u00bbfontheight-523137&Prime; uncode_shortcode_id=\u00a0\u00bb911548&Prime;]Comment distinguer la truffe bianchetto?[\/vc_custom_heading][vc_column_text uncode_shortcode_id=\u00a0\u00bb906558&Prime;]La <strong>truffe bianchetto<\/strong> est une vari\u00e9t\u00e9 plus petite et l\u00e9g\u00e8rement moins parfum\u00e9e que la truffe blanche, mais elle n\u2019en est pas moins pr\u00e9cieuse. Elle se distingue par une surface lisse et une chair de couleur blanche ou beige, et elle pousse principalement pendant les mois d\u2019\u00e9t\u00e9, de mai \u00e0 septembre. Ses dimensions plus contenues et son ar\u00f4me plus d\u00e9licat en font un choix <strong>id\u00e9al pour accompagner des plats l\u00e9gers et estivaux<\/strong>.[\/vc_column_text][\/vc_column_inner][vc_column_inner column_width_percent=\u00a0\u00bb100&Prime; gutter_size=\u00a0\u00bb3&Prime; overlay_alpha=\u00a0\u00bb50&Prime; shift_x=\u00a0\u00bb0&Prime; shift_y=\u00a0\u00bb0&Prime; shift_y_down=\u00a0\u00bb0&Prime; z_index=\u00a0\u00bb0&Prime; medium_width=\u00a0\u00bb0&Prime; mobile_width=\u00a0\u00bb0&Prime; css_animation=\u00a0\u00bbalpha-anim\u00a0\u00bb animation_delay=\u00a0\u00bb200&Prime; width=\u00a0\u00bb1\/2&Prime; uncode_shortcode_id=\u00a0\u00bb711955&Prime;][vc_custom_heading text_size=\u00a0\u00bbfontsize-821559&Prime; text_transform=\u00a0\u00bbuppercase\u00a0\u00bb text_height=\u00a0\u00bbfontheight-523137&Prime; uncode_shortcode_id=\u00a0\u00bb137915&Prime;]Comment utiliser la truffe bianchetto?[\/vc_custom_heading][vc_column_text uncode_shortcode_id=\u00a0\u00bb442114&Prime;]La <strong>truffe bianchetto<\/strong> est un <strong>ingr\u00e9dient extraordinaire<\/strong> qui peut rehausser la saveur de nombreux plats. Elle est d\u00e9licieuse lorsqu\u2019elle est finement tranch\u00e9e pour garnir des salades, des p\u00e2tes, des risottos, des \u0153ufs brouill\u00e9s ou des carpaccios de viande, apportant une touche d\u2019\u00e9l\u00e9gance et de saveur \u00e0 chaque bouch\u00e9e. Elle peut \u00e9galement \u00eatre utilis\u00e9e pour pr\u00e9parer des sauces, des condiments et m\u00eame des glaces, apportant une note luxueuse \u00e0 n\u2019importe quelle recette.[\/vc_column_text][\/vc_column_inner][\/vc_row_inner][vc_empty_space empty_h=\u00a0\u00bb3&Prime;][vc_row_inner][vc_column_inner column_width_percent=\u00a0\u00bb100&Prime; gutter_size=\u00a0\u00bb3&Prime; overlay_alpha=\u00a0\u00bb50&Prime; shift_x=\u00a0\u00bb0&Prime; shift_y=\u00a0\u00bb0&Prime; shift_y_down=\u00a0\u00bb0&Prime; z_index=\u00a0\u00bb0&Prime; medium_width=\u00a0\u00bb0&Prime; mobile_width=\u00a0\u00bb0&Prime; css_animation=\u00a0\u00bbalpha-anim\u00a0\u00bb width=\u00a0\u00bb1\/2&Prime; uncode_shortcode_id=\u00a0\u00bb203488&Prime;][vc_custom_heading text_size=\u00a0\u00bbfontsize-821559&Prime; text_transform=\u00a0\u00bbuppercase\u00a0\u00bb text_height=\u00a0\u00bbfontheight-523137&Prime; uncode_shortcode_id=\u00a0\u00bb140424&Prime;]Comment conserver la truffe bianchetto?[\/vc_custom_heading][vc_column_text uncode_shortcode_id=\u00a0\u00bb201363&Prime;]Pour \u00eatre certain d&rsquo;acheter de la truffe bianchetto fra\u00eeche et de qualit\u00e9, choisissez des exemplaires fermes, sans taches sombres ni moisissures. <strong>Conservez-la au r\u00e9frig\u00e9rateur, envelopp\u00e9e dans un tissu humide ou du papier absorbant<\/strong>, de pr\u00e9f\u00e9rence dans un contenant herm\u00e9tique, afin de pr\u00e9server toute sa fra\u00eecheur et son ar\u00f4me.[\/vc_column_text][\/vc_column_inner][vc_column_inner column_width_percent=\u00a0\u00bb100&Prime; gutter_size=\u00a0\u00bb3&Prime; overlay_alpha=\u00a0\u00bb50&Prime; shift_x=\u00a0\u00bb0&Prime; shift_y=\u00a0\u00bb0&Prime; shift_y_down=\u00a0\u00bb0&Prime; z_index=\u00a0\u00bb0&Prime; medium_width=\u00a0\u00bb0&Prime; mobile_width=\u00a0\u00bb0&Prime; css_animation=\u00a0\u00bbalpha-anim\u00a0\u00bb animation_delay=\u00a0\u00bb200&Prime; width=\u00a0\u00bb1\/2&Prime; uncode_shortcode_id=\u00a0\u00bb134760&Prime;][\/vc_column_inner][\/vc_row_inner][\/vc_column][\/vc_row][vc_row row_height_percent=\u00a0\u00bb0&Prime; override_padding=\u00a0\u00bbyes\u00a0\u00bb h_padding=\u00a0\u00bb2&Prime; top_padding=\u00a0\u00bb3&Prime; bottom_padding=\u00a0\u00bb4&Prime; back_color=\u00a0\u00bbcolor-422352&Prime; overlay_alpha=\u00a0\u00bb50&Prime; gutter_size=\u00a0\u00bb3&Prime; column_width_percent=\u00a0\u00bb100&Prime; shift_y=\u00a0\u00bb0&Prime; z_index=\u00a0\u00bb0&Prime; uncode_shortcode_id=\u00a0\u00bb145034&Prime; back_color_type=\u00a0\u00bbuncode-palette\u00a0\u00bb][vc_column column_width_percent=\u00a0\u00bb100&Prime; align_horizontal=\u00a0\u00bbalign_center\u00a0\u00bb gutter_size=\u00a0\u00bb3&Prime; overlay_alpha=\u00a0\u00bb50&Prime; shift_x=\u00a0\u00bb0&Prime; shift_y=\u00a0\u00bb-5&Prime; shift_y_down=\u00a0\u00bb0&Prime; z_index=\u00a0\u00bb0&Prime; medium_width=\u00a0\u00bb0&Prime; mobile_width=\u00a0\u00bb0&Prime; css_animation=\u00a0\u00bbalpha-anim\u00a0\u00bb width=\u00a0\u00bb1\/1&Prime; uncode_shortcode_id=\u00a0\u00bb122361&Prime;][vc_single_image media=\u00a0\u00bb943&Prime; media_width_percent=\u00a0\u00bb100&Prime; alignment=\u00a0\u00bbcenter\u00a0\u00bb uncode_shortcode_id=\u00a0\u00bb297437&Prime;][vc_empty_space][vc_column_text text_lead=\u00a0\u00bbyes\u00a0\u00bb uncode_shortcode_id=\u00a0\u00bb208507&Prime;]La <strong>truffe bianchetto est un tr\u00e9sor cach\u00e9 de la cuisine italienne<\/strong>, capable d\u2019apporter une touche d\u2019\u00e9l\u00e9gance et de raffinement \u00e0 n\u2019importe quel plat. Avec son go\u00fbt d\u00e9licat et sa texture cr\u00e9meuse, c\u2019est un ingr\u00e9dient polyvalent qui m\u00e9rite d\u2019\u00eatre d\u00e9couvert et appr\u00e9ci\u00e9 par tous les amateurs de bonne cuisine.[\/vc_column_text][vc_button outline=\u00a0\u00bbyes\u00a0\u00bb border_width=\u00a0\u00bb0&Prime; css_animation=\u00a0\u00bbalpha-anim\u00a0\u00bb animation_delay=\u00a0\u00bb200&Prime; link=\u00a0\u00bburl:https%3A%2F%2Fsacchitartufi.com%2Felenco-prodotti%2F|title:Produits|\u00a0\u00bb uncode_shortcode_id=\u00a0\u00bb941915&Prime;]D\u00e9couvrez nos produits[\/vc_button][\/vc_column][\/vc_row]<\/p>\n<\/div>","protected":false},"excerpt":{"rendered":"<p>[vc_row row_height_percent=\u00a0\u00bb0&Prime; override_padding=\u00a0\u00bbyes\u00a0\u00bb h_padding=\u00a0\u00bb2&Prime; top_padding=\u00a0\u00bb4&Prime; bottom_padding=\u00a0\u00bb5&Prime; overlay_alpha=\u00a0\u00bb50&Prime; gutter_size=\u00a0\u00bb3&Prime; column_width_percent=\u00a0\u00bb100&Prime; shift_y=\u00a0\u00bb0&Prime; z_index=\u00a0\u00bb0&Prime; uncode_shortcode_id=\u00a0\u00bb366536&Prime;][vc_column width=\u00a0\u00bb1\/1&Prime;][vc_row_inner][vc_column_inner column_width_percent=\u00a0\u00bb100&Prime; position_vertical=\u00a0\u00bbmiddle\u00a0\u00bb align_horizontal=\u00a0\u00bbalign_right\u00a0\u00bb gutter_size=\u00a0\u00bb0&Prime; overlay_alpha=\u00a0\u00bb50&Prime; shift_x=\u00a0\u00bb0&Prime; shift_y=\u00a0\u00bb0&Prime; [&hellip;]<\/p>\n","protected":false},"author":1,"featured_media":0,"parent":2140,"menu_order":0,"comment_status":"closed","ping_status":"closed","template":"","meta":{"footnotes":""},"class_list":["post-2143","page","type-page","status-publish","hentry"],"yoast_head":"<!-- This site is optimized with the Yoast SEO plugin v27.5 - https:\/\/yoast.com\/product\/yoast-seo-wordpress\/ -->\n<title>Sacchi Tartufi | La truffe Bianchetto<\/title>\n<meta name=\"description\" content=\"La truffe bianchetto, \u00e9galement connue sous le nom de truffe marzuolo, est un tr\u00e9sor gastronomique qui m\u00e9rite d&#039;\u00eatre d\u00e9couvert et appr\u00e9ci\u00e9.\" \/>\n<meta name=\"robots\" content=\"index, follow, max-snippet:-1, max-image-preview:large, max-video-preview:-1\" \/>\n<link rel=\"canonical\" href=\"https:\/\/sacchitartufi.com\/fr\/la-truffe\/truffle-bianchetto\/\" \/>\n<meta property=\"og:locale\" content=\"fr_FR\" \/>\n<meta property=\"og:type\" content=\"article\" \/>\n<meta property=\"og:title\" content=\"Sacchi Tartufi | La truffe Bianchetto\" \/>\n<meta property=\"og:description\" content=\"La truffe bianchetto, \u00e9galement connue sous le nom de truffe marzuolo, est un tr\u00e9sor gastronomique qui m\u00e9rite d&#039;\u00eatre d\u00e9couvert et appr\u00e9ci\u00e9.\" \/>\n<meta property=\"og:url\" content=\"https:\/\/sacchitartufi.com\/fr\/la-truffe\/truffle-bianchetto\/\" \/>\n<meta property=\"og:site_name\" content=\"Sacchi Tartufi\" \/>\n<meta property=\"article:publisher\" content=\"https:\/\/www.facebook.com\/sacchitartufi\" \/>\n<meta property=\"article:modified_time\" content=\"2025-06-24T10:49:10+00:00\" \/>\n<meta name=\"twitter:card\" content=\"summary_large_image\" \/>\n<meta name=\"twitter:label1\" content=\"Dur\u00e9e de lecture estim\u00e9e\" \/>\n\t<meta name=\"twitter:data1\" content=\"5 minutes\" \/>\n<script type=\"application\/ld+json\" class=\"yoast-schema-graph\">{\"@context\":\"https:\\\/\\\/schema.org\",\"@graph\":[{\"@type\":\"WebPage\",\"@id\":\"https:\\\/\\\/sacchitartufi.com\\\/fr\\\/la-truffe\\\/truffle-bianchetto\\\/\",\"url\":\"https:\\\/\\\/sacchitartufi.com\\\/fr\\\/la-truffe\\\/truffle-bianchetto\\\/\",\"name\":\"Sacchi Tartufi | La truffe Bianchetto\",\"isPartOf\":{\"@id\":\"https:\\\/\\\/sacchitartufi.com\\\/fr\\\/#website\"},\"datePublished\":\"2024-03-22T11:10:26+00:00\",\"dateModified\":\"2025-06-24T10:49:10+00:00\",\"description\":\"La truffe bianchetto, \u00e9galement connue sous le nom de truffe marzuolo, est un tr\u00e9sor gastronomique qui m\u00e9rite d'\u00eatre d\u00e9couvert et appr\u00e9ci\u00e9.\",\"breadcrumb\":{\"@id\":\"https:\\\/\\\/sacchitartufi.com\\\/fr\\\/la-truffe\\\/truffle-bianchetto\\\/#breadcrumb\"},\"inLanguage\":\"fr-FR\",\"potentialAction\":[{\"@type\":\"ReadAction\",\"target\":[\"https:\\\/\\\/sacchitartufi.com\\\/fr\\\/la-truffe\\\/truffle-bianchetto\\\/\"]}]},{\"@type\":\"BreadcrumbList\",\"@id\":\"https:\\\/\\\/sacchitartufi.com\\\/fr\\\/la-truffe\\\/truffle-bianchetto\\\/#breadcrumb\",\"itemListElement\":[{\"@type\":\"ListItem\",\"position\":1,\"name\":\"Home\",\"item\":\"https:\\\/\\\/sacchitartufi.com\\\/fr\\\/\"},{\"@type\":\"ListItem\",\"position\":2,\"name\":\"La Truffe\",\"item\":\"https:\\\/\\\/sacchitartufi.com\\\/fr\\\/la-truffe\\\/\"},{\"@type\":\"ListItem\",\"position\":3,\"name\":\"La truffe Bianchetto\"}]},{\"@type\":\"WebSite\",\"@id\":\"https:\\\/\\\/sacchitartufi.com\\\/fr\\\/#website\",\"url\":\"https:\\\/\\\/sacchitartufi.com\\\/fr\\\/\",\"name\":\"Sacchi Tartufi\",\"description\":\"Cibo di lusso per un esperienza gourmet\",\"publisher\":{\"@id\":\"https:\\\/\\\/sacchitartufi.com\\\/fr\\\/#organization\"},\"potentialAction\":[{\"@type\":\"SearchAction\",\"target\":{\"@type\":\"EntryPoint\",\"urlTemplate\":\"https:\\\/\\\/sacchitartufi.com\\\/fr\\\/?s={search_term_string}\"},\"query-input\":{\"@type\":\"PropertyValueSpecification\",\"valueRequired\":true,\"valueName\":\"search_term_string\"}}],\"inLanguage\":\"fr-FR\"},{\"@type\":\"Organization\",\"@id\":\"https:\\\/\\\/sacchitartufi.com\\\/fr\\\/#organization\",\"name\":\"Sacchi Tartufi\",\"url\":\"https:\\\/\\\/sacchitartufi.com\\\/fr\\\/\",\"logo\":{\"@type\":\"ImageObject\",\"inLanguage\":\"fr-FR\",\"@id\":\"https:\\\/\\\/sacchitartufi.com\\\/fr\\\/#\\\/schema\\\/logo\\\/image\\\/\",\"url\":\"https:\\\/\\\/sacchitartufi.com\\\/wp-content\\\/uploads\\\/2024\\\/02\\\/favicon-sacchi-tartufi.png\",\"contentUrl\":\"https:\\\/\\\/sacchitartufi.com\\\/wp-content\\\/uploads\\\/2024\\\/02\\\/favicon-sacchi-tartufi.png\",\"width\":512,\"height\":512,\"caption\":\"Sacchi Tartufi\"},\"image\":{\"@id\":\"https:\\\/\\\/sacchitartufi.com\\\/fr\\\/#\\\/schema\\\/logo\\\/image\\\/\"},\"sameAs\":[\"https:\\\/\\\/www.facebook.com\\\/sacchitartufi\",\"https:\\\/\\\/www.instagram.com\\\/sacchitartufi_international\\\/\"]}]}<\/script>\n<!-- \/ Yoast SEO plugin. -->","yoast_head_json":{"title":"Sacchi Tartufi | La truffe Bianchetto","description":"La truffe bianchetto, \u00e9galement connue sous le nom de truffe marzuolo, est un tr\u00e9sor gastronomique qui m\u00e9rite d'\u00eatre d\u00e9couvert et appr\u00e9ci\u00e9.","robots":{"index":"index","follow":"follow","max-snippet":"max-snippet:-1","max-image-preview":"max-image-preview:large","max-video-preview":"max-video-preview:-1"},"canonical":"https:\/\/sacchitartufi.com\/fr\/la-truffe\/truffle-bianchetto\/","og_locale":"fr_FR","og_type":"article","og_title":"Sacchi Tartufi | La truffe Bianchetto","og_description":"La truffe bianchetto, \u00e9galement connue sous le nom de truffe marzuolo, est un tr\u00e9sor gastronomique qui m\u00e9rite d'\u00eatre d\u00e9couvert et appr\u00e9ci\u00e9.","og_url":"https:\/\/sacchitartufi.com\/fr\/la-truffe\/truffle-bianchetto\/","og_site_name":"Sacchi Tartufi","article_publisher":"https:\/\/www.facebook.com\/sacchitartufi","article_modified_time":"2025-06-24T10:49:10+00:00","twitter_card":"summary_large_image","twitter_misc":{"Dur\u00e9e de lecture estim\u00e9e":"5 minutes"},"schema":{"@context":"https:\/\/schema.org","@graph":[{"@type":"WebPage","@id":"https:\/\/sacchitartufi.com\/fr\/la-truffe\/truffle-bianchetto\/","url":"https:\/\/sacchitartufi.com\/fr\/la-truffe\/truffle-bianchetto\/","name":"Sacchi Tartufi | La truffe Bianchetto","isPartOf":{"@id":"https:\/\/sacchitartufi.com\/fr\/#website"},"datePublished":"2024-03-22T11:10:26+00:00","dateModified":"2025-06-24T10:49:10+00:00","description":"La truffe bianchetto, \u00e9galement connue sous le nom de truffe marzuolo, est un tr\u00e9sor gastronomique qui m\u00e9rite d'\u00eatre d\u00e9couvert et appr\u00e9ci\u00e9.","breadcrumb":{"@id":"https:\/\/sacchitartufi.com\/fr\/la-truffe\/truffle-bianchetto\/#breadcrumb"},"inLanguage":"fr-FR","potentialAction":[{"@type":"ReadAction","target":["https:\/\/sacchitartufi.com\/fr\/la-truffe\/truffle-bianchetto\/"]}]},{"@type":"BreadcrumbList","@id":"https:\/\/sacchitartufi.com\/fr\/la-truffe\/truffle-bianchetto\/#breadcrumb","itemListElement":[{"@type":"ListItem","position":1,"name":"Home","item":"https:\/\/sacchitartufi.com\/fr\/"},{"@type":"ListItem","position":2,"name":"La Truffe","item":"https:\/\/sacchitartufi.com\/fr\/la-truffe\/"},{"@type":"ListItem","position":3,"name":"La truffe Bianchetto"}]},{"@type":"WebSite","@id":"https:\/\/sacchitartufi.com\/fr\/#website","url":"https:\/\/sacchitartufi.com\/fr\/","name":"Sacchi Tartufi","description":"Cibo di lusso per un esperienza gourmet","publisher":{"@id":"https:\/\/sacchitartufi.com\/fr\/#organization"},"potentialAction":[{"@type":"SearchAction","target":{"@type":"EntryPoint","urlTemplate":"https:\/\/sacchitartufi.com\/fr\/?s={search_term_string}"},"query-input":{"@type":"PropertyValueSpecification","valueRequired":true,"valueName":"search_term_string"}}],"inLanguage":"fr-FR"},{"@type":"Organization","@id":"https:\/\/sacchitartufi.com\/fr\/#organization","name":"Sacchi Tartufi","url":"https:\/\/sacchitartufi.com\/fr\/","logo":{"@type":"ImageObject","inLanguage":"fr-FR","@id":"https:\/\/sacchitartufi.com\/fr\/#\/schema\/logo\/image\/","url":"https:\/\/sacchitartufi.com\/wp-content\/uploads\/2024\/02\/favicon-sacchi-tartufi.png","contentUrl":"https:\/\/sacchitartufi.com\/wp-content\/uploads\/2024\/02\/favicon-sacchi-tartufi.png","width":512,"height":512,"caption":"Sacchi Tartufi"},"image":{"@id":"https:\/\/sacchitartufi.com\/fr\/#\/schema\/logo\/image\/"},"sameAs":["https:\/\/www.facebook.com\/sacchitartufi","https:\/\/www.instagram.com\/sacchitartufi_international\/"]}]}},"_links":{"self":[{"href":"https:\/\/sacchitartufi.com\/fr\/wp-json\/wp\/v2\/pages\/2143","targetHints":{"allow":["GET"]}}],"collection":[{"href":"https:\/\/sacchitartufi.com\/fr\/wp-json\/wp\/v2\/pages"}],"about":[{"href":"https:\/\/sacchitartufi.com\/fr\/wp-json\/wp\/v2\/types\/page"}],"author":[{"embeddable":true,"href":"https:\/\/sacchitartufi.com\/fr\/wp-json\/wp\/v2\/users\/1"}],"replies":[{"embeddable":true,"href":"https:\/\/sacchitartufi.com\/fr\/wp-json\/wp\/v2\/comments?post=2143"}],"version-history":[{"count":5,"href":"https:\/\/sacchitartufi.com\/fr\/wp-json\/wp\/v2\/pages\/2143\/revisions"}],"predecessor-version":[{"id":3178,"href":"https:\/\/sacchitartufi.com\/fr\/wp-json\/wp\/v2\/pages\/2143\/revisions\/3178"}],"up":[{"embeddable":true,"href":"https:\/\/sacchitartufi.com\/fr\/wp-json\/wp\/v2\/pages\/2140"}],"wp:attachment":[{"href":"https:\/\/sacchitartufi.com\/fr\/wp-json\/wp\/v2\/media?parent=2143"}],"curies":[{"name":"wp","href":"https:\/\/api.w.org\/{rel}","templated":true}]}}