{"id":2146,"date":"2024-03-22T10:42:34","date_gmt":"2024-03-22T09:42:34","guid":{"rendered":"https:\/\/sacchitartufi.com\/la-truffe\/truffe-blanche\/"},"modified":"2025-06-24T12:36:12","modified_gmt":"2025-06-24T10:36:12","slug":"truffe-blanche","status":"publish","type":"page","link":"https:\/\/sacchitartufi.com\/fr\/la-truffe\/truffe-blanche\/","title":{"rendered":"La truffe Blache"},"content":{"rendered":"<div class=\"wpb-content-wrapper\"><p>[vc_row row_height_percent=\u00a0\u00bb0&Prime; override_padding=\u00a0\u00bbyes\u00a0\u00bb h_padding=\u00a0\u00bb2&Prime; top_padding=\u00a0\u00bb4&Prime; bottom_padding=\u00a0\u00bb5&Prime; overlay_alpha=\u00a0\u00bb50&Prime; gutter_size=\u00a0\u00bb3&Prime; column_width_percent=\u00a0\u00bb100&Prime; shift_y=\u00a0\u00bb0&Prime; z_index=\u00a0\u00bb0&Prime; uncode_shortcode_id=\u00a0\u00bb366536&Prime;][vc_column width=\u00a0\u00bb1\/1&Prime;][vc_row_inner][vc_column_inner column_width_percent=\u00a0\u00bb100&Prime; position_vertical=\u00a0\u00bbmiddle\u00a0\u00bb align_horizontal=\u00a0\u00bbalign_right\u00a0\u00bb gutter_size=\u00a0\u00bb0&Prime; overlay_alpha=\u00a0\u00bb50&Prime; shift_x=\u00a0\u00bb0&Prime; shift_y=\u00a0\u00bb0&Prime; shift_y_down=\u00a0\u00bb0&Prime; z_index=\u00a0\u00bb0&Prime; align_medium=\u00a0\u00bbalign_center_tablet\u00a0\u00bb medium_width=\u00a0\u00bb0&Prime; align_mobile=\u00a0\u00bbalign_center_mobile\u00a0\u00bb mobile_width=\u00a0\u00bb0&Prime; css_animation=\u00a0\u00bbalpha-anim\u00a0\u00bb width=\u00a0\u00bb5\/12&Prime; uncode_shortcode_id=\u00a0\u00bb845223&Prime;][vc_single_image media=\u00a0\u00bb170&Prime; media_width_use_pixel=\u00a0\u00bbyes\u00a0\u00bb alignment=\u00a0\u00bbcenter\u00a0\u00bb uncode_shortcode_id=\u00a0\u00bb214154&Prime; media_width_pixel=\u00a0\u00bb450&Prime;][\/vc_column_inner][vc_column_inner column_width_percent=\u00a0\u00bb100&Prime; position_vertical=\u00a0\u00bbmiddle\u00a0\u00bb gutter_size=\u00a0\u00bb1&Prime; overlay_alpha=\u00a0\u00bb50&Prime; shift_x=\u00a0\u00bb0&Prime; shift_y=\u00a0\u00bb0&Prime; shift_y_down=\u00a0\u00bb0&Prime; z_index=\u00a0\u00bb0&Prime; align_medium=\u00a0\u00bbalign_center_tablet\u00a0\u00bb medium_width=\u00a0\u00bb0&Prime; align_mobile=\u00a0\u00bbalign_center_mobile\u00a0\u00bb mobile_width=\u00a0\u00bb0&Prime; css_animation=\u00a0\u00bbalpha-anim\u00a0\u00bb animation_delay=\u00a0\u00bb200&Prime; width=\u00a0\u00bb7\/12&Prime; uncode_shortcode_id=\u00a0\u00bb101725&Prime;][vc_custom_heading heading_semantic=\u00a0\u00bbh1&Prime; text_size=\u00a0\u00bbfontsize-459415&Prime; text_transform=\u00a0\u00bbuppercase\u00a0\u00bb text_height=\u00a0\u00bbfontheight-523137&Prime; uncode_shortcode_id=\u00a0\u00bb653037&Prime;]La truffe Blache[\/vc_custom_heading][vc_empty_space empty_h=\u00a0\u00bb1&Prime;][vc_custom_heading text_font=\u00a0\u00bbfont-240894&Prime; text_italic=\u00a0\u00bbyes\u00a0\u00bb uncode_shortcode_id=\u00a0\u00bb382073&Prime;]Tuber Magnatum Pico[\/vc_custom_heading][\/vc_column_inner][\/vc_row_inner][vc_column_text text_lead=\u00a0\u00bbyes\u00a0\u00bb css_animation=\u00a0\u00bbalpha-anim\u00a0\u00bb animation_delay=\u00a0\u00bb400&Prime; uncode_shortcode_id=\u00a0\u00bb171264&Prime;]La <strong>truffe blanche<\/strong>, \u00e9galement surnomm\u00e9e \u00ab <strong>le diamant de la cuisine<\/strong> \u00bb, est l\u2019un des tr\u00e9sors les plus pr\u00e9cieux et fascinants de la gastronomie italienne. Sa renomm\u00e9e est telle qu\u2019elle attire les amateurs de bonne cuisine du monde entier, d\u00e9sireux de savourer son ar\u00f4me unique et son go\u00fbt d\u00e9licat. L\u2019histoire de la truffe blanche remonte \u00e0 des si\u00e8cles, \u00e9poque \u00e0 laquelle elle \u00e9tait consid\u00e9r\u00e9e comme une denr\u00e9e r\u00e9serv\u00e9e aux classes aristocratiques et nobles. Aujourd\u2019hui, elle est devenue un symbole de luxe et de raffinement dans la gastronomie internationale.[\/vc_column_text][vc_empty_space empty_h=\u00a0\u00bb4&Prime;][vc_row_inner][vc_column_inner column_width_percent=\u00a0\u00bb100&Prime; gutter_size=\u00a0\u00bb3&Prime; overlay_alpha=\u00a0\u00bb50&Prime; shift_x=\u00a0\u00bb0&Prime; shift_y=\u00a0\u00bb0&Prime; shift_y_down=\u00a0\u00bb0&Prime; z_index=\u00a0\u00bb0&Prime; medium_width=\u00a0\u00bb0&Prime; mobile_width=\u00a0\u00bb0&Prime; css_animation=\u00a0\u00bbalpha-anim\u00a0\u00bb width=\u00a0\u00bb1\/2&Prime; uncode_shortcode_id=\u00a0\u00bb134356&Prime;][vc_custom_heading text_size=\u00a0\u00bbfontsize-821559&Prime; text_transform=\u00a0\u00bbuppercase\u00a0\u00bb text_height=\u00a0\u00bbfontheight-523137&Prime; uncode_shortcode_id=\u00a0\u00bb126170&Prime;]O\u00f9 peut-on trouver la truffe blanche en Italie?[\/vc_custom_heading][vc_column_text uncode_shortcode_id=\u00a0\u00bb124041&Prime;]La truffe blanche, une vari\u00e9t\u00e9 d&rsquo;une valeur inestimable, trouve son berceau dans les r\u00e9gions des <strong>Marches, du Pi\u00e9mont et de l&rsquo;Ombrie<\/strong>, en Italie. Sa r\u00e9colte se fait traditionnellement de septembre \u00e0 d\u00e9cembre, p\u00e9riode durant laquelle la truffe est \u00e0 son plein de maturit\u00e9.[\/vc_column_text][\/vc_column_inner][vc_column_inner column_width_percent=\u00a0\u00bb100&Prime; gutter_size=\u00a0\u00bb3&Prime; overlay_alpha=\u00a0\u00bb50&Prime; shift_x=\u00a0\u00bb0&Prime; shift_y=\u00a0\u00bb0&Prime; shift_y_down=\u00a0\u00bb0&Prime; z_index=\u00a0\u00bb0&Prime; medium_width=\u00a0\u00bb0&Prime; mobile_width=\u00a0\u00bb0&Prime; css_animation=\u00a0\u00bbalpha-anim\u00a0\u00bb animation_delay=\u00a0\u00bb200&Prime; width=\u00a0\u00bb1\/2&Prime; uncode_shortcode_id=\u00a0\u00bb711955&Prime;][vc_custom_heading text_size=\u00a0\u00bbfontsize-821559&Prime; text_transform=\u00a0\u00bbuppercase\u00a0\u00bb text_height=\u00a0\u00bbfontheight-523137&Prime; uncode_shortcode_id=\u00a0\u00bb130211&Prime;]Quels sont les attributs distinctifs de la truffe blanche?[\/vc_custom_heading][vc_column_text uncode_shortcode_id=\u00a0\u00bb111709&Prime;]Sa <strong>texture d\u00e9licate<\/strong> et beurr\u00e9e fond litt\u00e9ralement en bouche, offrant une <strong>exp\u00e9rience gustative unique et exceptionnelle<\/strong>, avec un ar\u00f4me intense et inimitable \u00e9voquant l&rsquo;ail, le fromage, le miel et les \u00e9pices.[\/vc_column_text][\/vc_column_inner][\/vc_row_inner][vc_empty_space empty_h=\u00a0\u00bb3&Prime;][vc_row_inner][vc_column_inner column_width_percent=\u00a0\u00bb100&Prime; gutter_size=\u00a0\u00bb3&Prime; overlay_alpha=\u00a0\u00bb50&Prime; shift_x=\u00a0\u00bb0&Prime; shift_y=\u00a0\u00bb0&Prime; shift_y_down=\u00a0\u00bb0&Prime; z_index=\u00a0\u00bb0&Prime; medium_width=\u00a0\u00bb0&Prime; mobile_width=\u00a0\u00bb0&Prime; css_animation=\u00a0\u00bbalpha-anim\u00a0\u00bb width=\u00a0\u00bb1\/2&Prime; uncode_shortcode_id=\u00a0\u00bb203488&Prime;][vc_custom_heading text_size=\u00a0\u00bbfontsize-821559&Prime; text_transform=\u00a0\u00bbuppercase\u00a0\u00bb text_height=\u00a0\u00bbfontheight-523137&Prime; uncode_shortcode_id=\u00a0\u00bb159304&Prime;]Comment utiliser au mieux la truffe blanche?[\/vc_custom_heading][vc_column_text uncode_shortcode_id=\u00a0\u00bb119353&Prime;]La <strong>truffe blanche<\/strong> est un <strong>ingr\u00e9dient tr\u00e8s polyvalent<\/strong> qui peut \u00eatre utilis\u00e9 dans de nombreux plats pour rehausser leur saveur et leur raffinement. Elle est souvent servie crue, tranch\u00e9e finement, sur des p\u00e2tes fra\u00eeches, des risottos, des \u0153ufs brouill\u00e9s ou des carpaccios de viande, permettant ainsi \u00e0 ses ar\u00f4mes de se d\u00e9voiler pleinement. Elle peut \u00e9galement \u00eatre transform\u00e9e en sauces, condiments, huiles aromatiques et m\u00eame desserts, apportant une touche luxueuse \u00e0 toutes les recettes.[\/vc_column_text][\/vc_column_inner][vc_column_inner column_width_percent=\u00a0\u00bb100&Prime; gutter_size=\u00a0\u00bb3&Prime; overlay_alpha=\u00a0\u00bb50&Prime; shift_x=\u00a0\u00bb0&Prime; shift_y=\u00a0\u00bb0&Prime; shift_y_down=\u00a0\u00bb0&Prime; z_index=\u00a0\u00bb0&Prime; medium_width=\u00a0\u00bb0&Prime; mobile_width=\u00a0\u00bb0&Prime; css_animation=\u00a0\u00bbalpha-anim\u00a0\u00bb animation_delay=\u00a0\u00bb200&Prime; width=\u00a0\u00bb1\/2&Prime; uncode_shortcode_id=\u00a0\u00bb134760&Prime;][vc_custom_heading text_size=\u00a0\u00bbfontsize-821559&Prime; text_transform=\u00a0\u00bbuppercase\u00a0\u00bb text_height=\u00a0\u00bbfontheight-523137&Prime; uncode_shortcode_id=\u00a0\u00bb210237&Prime;]Comment conserver la truffe blanche?[\/vc_custom_heading][vc_column_text uncode_shortcode_id=\u00a0\u00bb160529&Prime;]Lors de l\u2019achat de truffe blanche fra\u00eeche, il est important de choisir des sp\u00e9cimens lourds pour leur taille et qui d\u00e9gagent un parfum intense et agr\u00e9able. Pour la conserver au mieux, <strong>enveloppez-la dans un tissu humide, puis placez-la dans un conteneur herm\u00e9tique au r\u00e9frig\u00e9rateur<\/strong>, ce qui permettra d&rsquo;\u00e9viter qu&rsquo;elle ne se dess\u00e8che et ne perde son ar\u00f4me.[\/vc_column_text][\/vc_column_inner][\/vc_row_inner][\/vc_column][\/vc_row][vc_row row_height_percent=\u00a0\u00bb0&Prime; override_padding=\u00a0\u00bbyes\u00a0\u00bb h_padding=\u00a0\u00bb2&Prime; top_padding=\u00a0\u00bb3&Prime; bottom_padding=\u00a0\u00bb4&Prime; back_color=\u00a0\u00bbcolor-422352&Prime; overlay_alpha=\u00a0\u00bb50&Prime; gutter_size=\u00a0\u00bb3&Prime; column_width_percent=\u00a0\u00bb100&Prime; shift_y=\u00a0\u00bb0&Prime; z_index=\u00a0\u00bb0&Prime; uncode_shortcode_id=\u00a0\u00bb145034&Prime; back_color_type=\u00a0\u00bbuncode-palette\u00a0\u00bb][vc_column column_width_percent=\u00a0\u00bb100&Prime; align_horizontal=\u00a0\u00bbalign_center\u00a0\u00bb gutter_size=\u00a0\u00bb3&Prime; overlay_alpha=\u00a0\u00bb50&Prime; shift_x=\u00a0\u00bb0&Prime; shift_y=\u00a0\u00bb-5&Prime; shift_y_down=\u00a0\u00bb0&Prime; z_index=\u00a0\u00bb0&Prime; medium_width=\u00a0\u00bb0&Prime; mobile_width=\u00a0\u00bb0&Prime; css_animation=\u00a0\u00bbalpha-anim\u00a0\u00bb width=\u00a0\u00bb1\/1&Prime; uncode_shortcode_id=\u00a0\u00bb122361&Prime;][vc_single_image media=\u00a0\u00bb943&Prime; media_width_percent=\u00a0\u00bb100&Prime; alignment=\u00a0\u00bbcenter\u00a0\u00bb uncode_shortcode_id=\u00a0\u00bb297437&Prime;][vc_empty_space][vc_column_text text_lead=\u00a0\u00bbyes\u00a0\u00bb uncode_shortcode_id=\u00a0\u00bb781152&Prime;]<strong>V\u00e9ritable joyau de la cuisine italienne<\/strong>, la truffe blanche transforme le plat le plus simple en une d\u00e9licatesse gastronomique. Avec son ar\u00f4me envo\u00fbtant et son go\u00fbt extraordinaire, elle offre une exp\u00e9rience culinaire exceptionnelle.[\/vc_column_text][vc_button outline=\u00a0\u00bbyes\u00a0\u00bb border_width=\u00a0\u00bb0&Prime; css_animation=\u00a0\u00bbalpha-anim\u00a0\u00bb animation_delay=\u00a0\u00bb200&Prime; link=\u00a0\u00bburl:https%3A%2F%2Fsacchitartufi.com%2Felenco-prodotti%2F|title:Produits|\u00a0\u00bb uncode_shortcode_id=\u00a0\u00bb941915&Prime;]D\u00e9couvrez nos produits[\/vc_button][\/vc_column][\/vc_row]<\/p>\n<\/div>","protected":false},"excerpt":{"rendered":"<p>[vc_row row_height_percent=\u00a0\u00bb0&Prime; override_padding=\u00a0\u00bbyes\u00a0\u00bb h_padding=\u00a0\u00bb2&Prime; top_padding=\u00a0\u00bb4&Prime; bottom_padding=\u00a0\u00bb5&Prime; overlay_alpha=\u00a0\u00bb50&Prime; gutter_size=\u00a0\u00bb3&Prime; column_width_percent=\u00a0\u00bb100&Prime; shift_y=\u00a0\u00bb0&Prime; z_index=\u00a0\u00bb0&Prime; uncode_shortcode_id=\u00a0\u00bb366536&Prime;][vc_column width=\u00a0\u00bb1\/1&Prime;][vc_row_inner][vc_column_inner column_width_percent=\u00a0\u00bb100&Prime; position_vertical=\u00a0\u00bbmiddle\u00a0\u00bb align_horizontal=\u00a0\u00bbalign_right\u00a0\u00bb gutter_size=\u00a0\u00bb0&Prime; overlay_alpha=\u00a0\u00bb50&Prime; shift_x=\u00a0\u00bb0&Prime; shift_y=\u00a0\u00bb0&Prime; [&hellip;]<\/p>\n","protected":false},"author":1,"featured_media":170,"parent":2140,"menu_order":0,"comment_status":"closed","ping_status":"closed","template":"","meta":{"footnotes":""},"class_list":["post-2146","page","type-page","status-publish","has-post-thumbnail","hentry"],"yoast_head":"<!-- This site is optimized with the Yoast SEO plugin v27.5 - https:\/\/yoast.com\/product\/yoast-seo-wordpress\/ -->\n<title>Sacchi Tartufi | La truffe Blache<\/title>\n<meta name=\"description\" content=\"La truffe Blache, \u00e9galement connue sous le nom de \u00ab diamant de la cuisine \u00bb, est l&#039;un des tr\u00e9sors les plus pr\u00e9cieux et fascinants de la gastronomie italienne.\" \/>\n<meta name=\"robots\" content=\"index, follow, max-snippet:-1, max-image-preview:large, max-video-preview:-1\" \/>\n<link rel=\"canonical\" href=\"https:\/\/sacchitartufi.com\/fr\/la-truffe\/truffe-blanche\/\" \/>\n<meta property=\"og:locale\" content=\"fr_FR\" \/>\n<meta property=\"og:type\" content=\"article\" \/>\n<meta property=\"og:title\" content=\"Sacchi Tartufi | La truffe Blache\" \/>\n<meta property=\"og:description\" content=\"La truffe Blache, \u00e9galement connue sous le nom de \u00ab diamant de la cuisine \u00bb, est l&#039;un des tr\u00e9sors les plus pr\u00e9cieux et fascinants de la gastronomie italienne.\" \/>\n<meta property=\"og:url\" content=\"https:\/\/sacchitartufi.com\/fr\/la-truffe\/truffe-blanche\/\" \/>\n<meta property=\"og:site_name\" content=\"Sacchi Tartufi\" \/>\n<meta property=\"article:publisher\" content=\"https:\/\/www.facebook.com\/sacchitartufi\" \/>\n<meta property=\"article:modified_time\" content=\"2025-06-24T10:36:12+00:00\" \/>\n<meta property=\"og:image\" content=\"https:\/\/sacchitartufi.com\/wp-content\/uploads\/2024\/03\/tartufo-bianco.webp\" \/>\n\t<meta property=\"og:image:width\" content=\"600\" \/>\n\t<meta property=\"og:image:height\" content=\"400\" \/>\n\t<meta property=\"og:image:type\" content=\"image\/webp\" \/>\n<meta name=\"twitter:card\" content=\"summary_large_image\" \/>\n<meta name=\"twitter:label1\" content=\"Dur\u00e9e de lecture estim\u00e9e\" \/>\n\t<meta name=\"twitter:data1\" content=\"5 minutes\" \/>\n<script type=\"application\/ld+json\" class=\"yoast-schema-graph\">{\"@context\":\"https:\\\/\\\/schema.org\",\"@graph\":[{\"@type\":\"WebPage\",\"@id\":\"https:\\\/\\\/sacchitartufi.com\\\/fr\\\/la-truffe\\\/truffe-blanche\\\/\",\"url\":\"https:\\\/\\\/sacchitartufi.com\\\/fr\\\/la-truffe\\\/truffe-blanche\\\/\",\"name\":\"Sacchi Tartufi | La truffe Blache\",\"isPartOf\":{\"@id\":\"https:\\\/\\\/sacchitartufi.com\\\/fr\\\/#website\"},\"primaryImageOfPage\":{\"@id\":\"https:\\\/\\\/sacchitartufi.com\\\/fr\\\/la-truffe\\\/truffe-blanche\\\/#primaryimage\"},\"image\":{\"@id\":\"https:\\\/\\\/sacchitartufi.com\\\/fr\\\/la-truffe\\\/truffe-blanche\\\/#primaryimage\"},\"thumbnailUrl\":\"https:\\\/\\\/sacchitartufi.com\\\/wp-content\\\/uploads\\\/2024\\\/03\\\/tartufo-bianco.webp\",\"datePublished\":\"2024-03-22T09:42:34+00:00\",\"dateModified\":\"2025-06-24T10:36:12+00:00\",\"description\":\"La truffe Blache, \u00e9galement connue sous le nom de \u00ab diamant de la cuisine \u00bb, est l'un des tr\u00e9sors les plus pr\u00e9cieux et fascinants de la gastronomie italienne.\",\"breadcrumb\":{\"@id\":\"https:\\\/\\\/sacchitartufi.com\\\/fr\\\/la-truffe\\\/truffe-blanche\\\/#breadcrumb\"},\"inLanguage\":\"fr-FR\",\"potentialAction\":[{\"@type\":\"ReadAction\",\"target\":[\"https:\\\/\\\/sacchitartufi.com\\\/fr\\\/la-truffe\\\/truffe-blanche\\\/\"]}]},{\"@type\":\"ImageObject\",\"inLanguage\":\"fr-FR\",\"@id\":\"https:\\\/\\\/sacchitartufi.com\\\/fr\\\/la-truffe\\\/truffe-blanche\\\/#primaryimage\",\"url\":\"https:\\\/\\\/sacchitartufi.com\\\/wp-content\\\/uploads\\\/2024\\\/03\\\/tartufo-bianco.webp\",\"contentUrl\":\"https:\\\/\\\/sacchitartufi.com\\\/wp-content\\\/uploads\\\/2024\\\/03\\\/tartufo-bianco.webp\",\"width\":600,\"height\":400,\"caption\":\"tartufo bianco Sacchi tartufi\"},{\"@type\":\"BreadcrumbList\",\"@id\":\"https:\\\/\\\/sacchitartufi.com\\\/fr\\\/la-truffe\\\/truffe-blanche\\\/#breadcrumb\",\"itemListElement\":[{\"@type\":\"ListItem\",\"position\":1,\"name\":\"Home\",\"item\":\"https:\\\/\\\/sacchitartufi.com\\\/fr\\\/\"},{\"@type\":\"ListItem\",\"position\":2,\"name\":\"La Truffe\",\"item\":\"https:\\\/\\\/sacchitartufi.com\\\/fr\\\/la-truffe\\\/\"},{\"@type\":\"ListItem\",\"position\":3,\"name\":\"La truffe Blache\"}]},{\"@type\":\"WebSite\",\"@id\":\"https:\\\/\\\/sacchitartufi.com\\\/fr\\\/#website\",\"url\":\"https:\\\/\\\/sacchitartufi.com\\\/fr\\\/\",\"name\":\"Sacchi Tartufi\",\"description\":\"Cibo di lusso per un esperienza gourmet\",\"publisher\":{\"@id\":\"https:\\\/\\\/sacchitartufi.com\\\/fr\\\/#organization\"},\"potentialAction\":[{\"@type\":\"SearchAction\",\"target\":{\"@type\":\"EntryPoint\",\"urlTemplate\":\"https:\\\/\\\/sacchitartufi.com\\\/fr\\\/?s={search_term_string}\"},\"query-input\":{\"@type\":\"PropertyValueSpecification\",\"valueRequired\":true,\"valueName\":\"search_term_string\"}}],\"inLanguage\":\"fr-FR\"},{\"@type\":\"Organization\",\"@id\":\"https:\\\/\\\/sacchitartufi.com\\\/fr\\\/#organization\",\"name\":\"Sacchi Tartufi\",\"url\":\"https:\\\/\\\/sacchitartufi.com\\\/fr\\\/\",\"logo\":{\"@type\":\"ImageObject\",\"inLanguage\":\"fr-FR\",\"@id\":\"https:\\\/\\\/sacchitartufi.com\\\/fr\\\/#\\\/schema\\\/logo\\\/image\\\/\",\"url\":\"https:\\\/\\\/sacchitartufi.com\\\/wp-content\\\/uploads\\\/2024\\\/02\\\/favicon-sacchi-tartufi.png\",\"contentUrl\":\"https:\\\/\\\/sacchitartufi.com\\\/wp-content\\\/uploads\\\/2024\\\/02\\\/favicon-sacchi-tartufi.png\",\"width\":512,\"height\":512,\"caption\":\"Sacchi Tartufi\"},\"image\":{\"@id\":\"https:\\\/\\\/sacchitartufi.com\\\/fr\\\/#\\\/schema\\\/logo\\\/image\\\/\"},\"sameAs\":[\"https:\\\/\\\/www.facebook.com\\\/sacchitartufi\",\"https:\\\/\\\/www.instagram.com\\\/sacchitartufi_international\\\/\"]}]}<\/script>\n<!-- \/ Yoast SEO plugin. -->","yoast_head_json":{"title":"Sacchi Tartufi | La truffe Blache","description":"La truffe Blache, \u00e9galement connue sous le nom de \u00ab diamant de la cuisine \u00bb, est l'un des tr\u00e9sors les plus pr\u00e9cieux et fascinants de la gastronomie italienne.","robots":{"index":"index","follow":"follow","max-snippet":"max-snippet:-1","max-image-preview":"max-image-preview:large","max-video-preview":"max-video-preview:-1"},"canonical":"https:\/\/sacchitartufi.com\/fr\/la-truffe\/truffe-blanche\/","og_locale":"fr_FR","og_type":"article","og_title":"Sacchi Tartufi | La truffe Blache","og_description":"La truffe Blache, \u00e9galement connue sous le nom de \u00ab diamant de la cuisine \u00bb, est l'un des tr\u00e9sors les plus pr\u00e9cieux et fascinants de la gastronomie italienne.","og_url":"https:\/\/sacchitartufi.com\/fr\/la-truffe\/truffe-blanche\/","og_site_name":"Sacchi Tartufi","article_publisher":"https:\/\/www.facebook.com\/sacchitartufi","article_modified_time":"2025-06-24T10:36:12+00:00","og_image":[{"width":600,"height":400,"url":"https:\/\/sacchitartufi.com\/wp-content\/uploads\/2024\/03\/tartufo-bianco.webp","type":"image\/webp"}],"twitter_card":"summary_large_image","twitter_misc":{"Dur\u00e9e de lecture estim\u00e9e":"5 minutes"},"schema":{"@context":"https:\/\/schema.org","@graph":[{"@type":"WebPage","@id":"https:\/\/sacchitartufi.com\/fr\/la-truffe\/truffe-blanche\/","url":"https:\/\/sacchitartufi.com\/fr\/la-truffe\/truffe-blanche\/","name":"Sacchi Tartufi | La truffe Blache","isPartOf":{"@id":"https:\/\/sacchitartufi.com\/fr\/#website"},"primaryImageOfPage":{"@id":"https:\/\/sacchitartufi.com\/fr\/la-truffe\/truffe-blanche\/#primaryimage"},"image":{"@id":"https:\/\/sacchitartufi.com\/fr\/la-truffe\/truffe-blanche\/#primaryimage"},"thumbnailUrl":"https:\/\/sacchitartufi.com\/wp-content\/uploads\/2024\/03\/tartufo-bianco.webp","datePublished":"2024-03-22T09:42:34+00:00","dateModified":"2025-06-24T10:36:12+00:00","description":"La truffe Blache, \u00e9galement connue sous le nom de \u00ab diamant de la cuisine \u00bb, est l'un des tr\u00e9sors les plus pr\u00e9cieux et fascinants de la gastronomie italienne.","breadcrumb":{"@id":"https:\/\/sacchitartufi.com\/fr\/la-truffe\/truffe-blanche\/#breadcrumb"},"inLanguage":"fr-FR","potentialAction":[{"@type":"ReadAction","target":["https:\/\/sacchitartufi.com\/fr\/la-truffe\/truffe-blanche\/"]}]},{"@type":"ImageObject","inLanguage":"fr-FR","@id":"https:\/\/sacchitartufi.com\/fr\/la-truffe\/truffe-blanche\/#primaryimage","url":"https:\/\/sacchitartufi.com\/wp-content\/uploads\/2024\/03\/tartufo-bianco.webp","contentUrl":"https:\/\/sacchitartufi.com\/wp-content\/uploads\/2024\/03\/tartufo-bianco.webp","width":600,"height":400,"caption":"tartufo bianco Sacchi tartufi"},{"@type":"BreadcrumbList","@id":"https:\/\/sacchitartufi.com\/fr\/la-truffe\/truffe-blanche\/#breadcrumb","itemListElement":[{"@type":"ListItem","position":1,"name":"Home","item":"https:\/\/sacchitartufi.com\/fr\/"},{"@type":"ListItem","position":2,"name":"La Truffe","item":"https:\/\/sacchitartufi.com\/fr\/la-truffe\/"},{"@type":"ListItem","position":3,"name":"La truffe Blache"}]},{"@type":"WebSite","@id":"https:\/\/sacchitartufi.com\/fr\/#website","url":"https:\/\/sacchitartufi.com\/fr\/","name":"Sacchi Tartufi","description":"Cibo di lusso per un esperienza gourmet","publisher":{"@id":"https:\/\/sacchitartufi.com\/fr\/#organization"},"potentialAction":[{"@type":"SearchAction","target":{"@type":"EntryPoint","urlTemplate":"https:\/\/sacchitartufi.com\/fr\/?s={search_term_string}"},"query-input":{"@type":"PropertyValueSpecification","valueRequired":true,"valueName":"search_term_string"}}],"inLanguage":"fr-FR"},{"@type":"Organization","@id":"https:\/\/sacchitartufi.com\/fr\/#organization","name":"Sacchi Tartufi","url":"https:\/\/sacchitartufi.com\/fr\/","logo":{"@type":"ImageObject","inLanguage":"fr-FR","@id":"https:\/\/sacchitartufi.com\/fr\/#\/schema\/logo\/image\/","url":"https:\/\/sacchitartufi.com\/wp-content\/uploads\/2024\/02\/favicon-sacchi-tartufi.png","contentUrl":"https:\/\/sacchitartufi.com\/wp-content\/uploads\/2024\/02\/favicon-sacchi-tartufi.png","width":512,"height":512,"caption":"Sacchi Tartufi"},"image":{"@id":"https:\/\/sacchitartufi.com\/fr\/#\/schema\/logo\/image\/"},"sameAs":["https:\/\/www.facebook.com\/sacchitartufi","https:\/\/www.instagram.com\/sacchitartufi_international\/"]}]}},"_links":{"self":[{"href":"https:\/\/sacchitartufi.com\/fr\/wp-json\/wp\/v2\/pages\/2146","targetHints":{"allow":["GET"]}}],"collection":[{"href":"https:\/\/sacchitartufi.com\/fr\/wp-json\/wp\/v2\/pages"}],"about":[{"href":"https:\/\/sacchitartufi.com\/fr\/wp-json\/wp\/v2\/types\/page"}],"author":[{"embeddable":true,"href":"https:\/\/sacchitartufi.com\/fr\/wp-json\/wp\/v2\/users\/1"}],"replies":[{"embeddable":true,"href":"https:\/\/sacchitartufi.com\/fr\/wp-json\/wp\/v2\/comments?post=2146"}],"version-history":[{"count":5,"href":"https:\/\/sacchitartufi.com\/fr\/wp-json\/wp\/v2\/pages\/2146\/revisions"}],"predecessor-version":[{"id":3169,"href":"https:\/\/sacchitartufi.com\/fr\/wp-json\/wp\/v2\/pages\/2146\/revisions\/3169"}],"up":[{"embeddable":true,"href":"https:\/\/sacchitartufi.com\/fr\/wp-json\/wp\/v2\/pages\/2140"}],"wp:featuredmedia":[{"embeddable":true,"href":"https:\/\/sacchitartufi.com\/fr\/wp-json\/wp\/v2\/media\/170"}],"wp:attachment":[{"href":"https:\/\/sacchitartufi.com\/fr\/wp-json\/wp\/v2\/media?parent=2146"}],"curies":[{"name":"wp","href":"https:\/\/api.w.org\/{rel}","templated":true}]}}