{"id":2454,"date":"2024-03-22T12:06:29","date_gmt":"2024-03-22T11:06:29","guid":{"rendered":"https:\/\/sacchitartufi.com\/la-truffe\/truffe-noire-dete\/"},"modified":"2025-06-24T12:45:53","modified_gmt":"2025-06-24T10:45:53","slug":"truffe-noire-dete","status":"publish","type":"page","link":"https:\/\/sacchitartufi.com\/fr\/la-truffe\/truffe-noire-dete\/","title":{"rendered":"La truffe d&rsquo;\u00e9t\u00e9"},"content":{"rendered":"<div class=\"wpb-content-wrapper\"><p>[vc_row row_height_percent=\u00a0\u00bb0&Prime; override_padding=\u00a0\u00bbyes\u00a0\u00bb h_padding=\u00a0\u00bb2&Prime; top_padding=\u00a0\u00bb4&Prime; bottom_padding=\u00a0\u00bb5&Prime; overlay_alpha=\u00a0\u00bb50&Prime; gutter_size=\u00a0\u00bb3&Prime; column_width_percent=\u00a0\u00bb100&Prime; shift_y=\u00a0\u00bb0&Prime; z_index=\u00a0\u00bb0&Prime; uncode_shortcode_id=\u00a0\u00bb366536&Prime;][vc_column width=\u00a0\u00bb1\/1&Prime;][vc_row_inner][vc_column_inner column_width_percent=\u00a0\u00bb100&Prime; position_vertical=\u00a0\u00bbmiddle\u00a0\u00bb align_horizontal=\u00a0\u00bbalign_right\u00a0\u00bb gutter_size=\u00a0\u00bb0&Prime; overlay_alpha=\u00a0\u00bb50&Prime; shift_x=\u00a0\u00bb0&Prime; shift_y=\u00a0\u00bb0&Prime; shift_y_down=\u00a0\u00bb0&Prime; z_index=\u00a0\u00bb0&Prime; align_medium=\u00a0\u00bbalign_center_tablet\u00a0\u00bb medium_width=\u00a0\u00bb0&Prime; align_mobile=\u00a0\u00bbalign_center_mobile\u00a0\u00bb mobile_width=\u00a0\u00bb0&Prime; css_animation=\u00a0\u00bbalpha-anim\u00a0\u00bb width=\u00a0\u00bb5\/12&Prime; uncode_shortcode_id=\u00a0\u00bb845223&Prime;][vc_single_image media=\u00a0\u00bb171&Prime; media_width_use_pixel=\u00a0\u00bbyes\u00a0\u00bb alignment=\u00a0\u00bbcenter\u00a0\u00bb uncode_shortcode_id=\u00a0\u00bb160779&Prime; media_width_pixel=\u00a0\u00bb450&Prime;][\/vc_column_inner][vc_column_inner column_width_percent=\u00a0\u00bb100&Prime; position_vertical=\u00a0\u00bbmiddle\u00a0\u00bb gutter_size=\u00a0\u00bb1&Prime; overlay_alpha=\u00a0\u00bb50&Prime; shift_x=\u00a0\u00bb0&Prime; shift_y=\u00a0\u00bb0&Prime; shift_y_down=\u00a0\u00bb0&Prime; z_index=\u00a0\u00bb0&Prime; align_medium=\u00a0\u00bbalign_center_tablet\u00a0\u00bb medium_width=\u00a0\u00bb0&Prime; align_mobile=\u00a0\u00bbalign_center_mobile\u00a0\u00bb mobile_width=\u00a0\u00bb0&Prime; css_animation=\u00a0\u00bbalpha-anim\u00a0\u00bb animation_delay=\u00a0\u00bb200&Prime; width=\u00a0\u00bb7\/12&Prime; uncode_shortcode_id=\u00a0\u00bb101725&Prime;][vc_custom_heading heading_semantic=\u00a0\u00bbh1&Prime; text_size=\u00a0\u00bbfontsize-459415&Prime; text_transform=\u00a0\u00bbuppercase\u00a0\u00bb text_height=\u00a0\u00bbfontheight-523137&Prime; uncode_shortcode_id=\u00a0\u00bb172330&Prime;]La truffe d&rsquo;\u00e9t\u00e9[\/vc_custom_heading][vc_empty_space empty_h=\u00a0\u00bb1&Prime;][vc_custom_heading text_font=\u00a0\u00bbfont-240894&Prime; text_italic=\u00a0\u00bbyes\u00a0\u00bb uncode_shortcode_id=\u00a0\u00bb719859&Prime;]Tuber Aestivum Vittad.[\/vc_custom_heading][\/vc_column_inner][\/vc_row_inner][vc_column_text text_lead=\u00a0\u00bbyes\u00a0\u00bb css_animation=\u00a0\u00bbalpha-anim\u00a0\u00bb animation_delay=\u00a0\u00bb400&Prime; uncode_shortcode_id=\u00a0\u00bb979931&Prime;]La <strong>truffe d\u2019\u00e9t\u00e9<\/strong>, \u00e9galement surnomm\u00e9e \u00ab <strong>scorzone <\/strong>\u00bb en italie, est une v\u00e9ritable d\u00e9lice culinaire. La truffe d\u2019\u00e9t\u00e9 poss\u00e8de un <strong>caract\u00e8re unique<\/strong> et une <strong>saveur extraordinaire<\/strong> qui en font un <strong>choix raffin\u00e9 pour tous les amateurs de truffe<\/strong>.[\/vc_column_text][vc_empty_space empty_h=\u00a0\u00bb4&Prime;][vc_row_inner][vc_column_inner column_width_percent=\u00a0\u00bb100&Prime; gutter_size=\u00a0\u00bb3&Prime; overlay_alpha=\u00a0\u00bb50&Prime; shift_x=\u00a0\u00bb0&Prime; shift_y=\u00a0\u00bb0&Prime; shift_y_down=\u00a0\u00bb0&Prime; z_index=\u00a0\u00bb0&Prime; medium_width=\u00a0\u00bb0&Prime; mobile_width=\u00a0\u00bb0&Prime; css_animation=\u00a0\u00bbalpha-anim\u00a0\u00bb width=\u00a0\u00bb1\/2&Prime; uncode_shortcode_id=\u00a0\u00bb134356&Prime;][vc_custom_heading text_size=\u00a0\u00bbfontsize-821559&Prime; text_transform=\u00a0\u00bbuppercase\u00a0\u00bb text_height=\u00a0\u00bbfontheight-523137&Prime; uncode_shortcode_id=\u00a0\u00bb161470&Prime;]Quelles sont les caract\u00e9ristiques de la truffe d&rsquo;\u00e9t\u00e9?[\/vc_custom_heading][vc_column_text uncode_shortcode_id=\u00a0\u00bb730186&Prime;]<strong>Elle<\/strong> se distingue par une <strong>surface rugueuse et irr\u00e9guli\u00e8re<\/strong> ainsi qu\u2019une chair de <strong>couleur claire \u00e0 brun\u00e2tre<\/strong>. Elle est principalement pr\u00e9sente pendant les mois d\u2019\u00e9t\u00e9, de juin \u00e0 novembre, et peut \u00eatre cueillie dans diff\u00e9rentes r\u00e9gions italiennes telles que les Marches, l\u2019Ombrie, le Molise et la Toscane. Son ar\u00f4me est moins intense que celui de la truffe noire d\u2019hiver, mais sa saveur robuste et terreuse en fait un ingr\u00e9dient extraordinaire pour une grande vari\u00e9t\u00e9 de plats.[\/vc_column_text][\/vc_column_inner][vc_column_inner column_width_percent=\u00a0\u00bb100&Prime; gutter_size=\u00a0\u00bb3&Prime; overlay_alpha=\u00a0\u00bb50&Prime; shift_x=\u00a0\u00bb0&Prime; shift_y=\u00a0\u00bb0&Prime; shift_y_down=\u00a0\u00bb0&Prime; z_index=\u00a0\u00bb0&Prime; medium_width=\u00a0\u00bb0&Prime; mobile_width=\u00a0\u00bb0&Prime; css_animation=\u00a0\u00bbalpha-anim\u00a0\u00bb animation_delay=\u00a0\u00bb200&Prime; width=\u00a0\u00bb1\/2&Prime; uncode_shortcode_id=\u00a0\u00bb711955&Prime;][vc_custom_heading text_size=\u00a0\u00bbfontsize-821559&Prime; text_transform=\u00a0\u00bbuppercase\u00a0\u00bb text_height=\u00a0\u00bbfontheight-523137&Prime; uncode_shortcode_id=\u00a0\u00bb725952&Prime;]Comment cuisiner la truffe noire d&rsquo;\u00e9t\u00e9?[\/vc_custom_heading][vc_column_text uncode_shortcode_id=\u00a0\u00bb176050&Prime;]La <strong>truffe noire d\u2019\u00e9t\u00e9<\/strong> est un ingr\u00e9dient <strong>tr\u00e8s polyvalent<\/strong> qui permet de rehausser une grande vari\u00e9t\u00e9 de plats. Elle est d\u00e9licieuse lorsqu\u2019elle est finement tranch\u00e9e pour accompagner des p\u00e2tes fra\u00eeches, des risottos, des \u0153ufs brouill\u00e9s, des salades ou des plats \u00e0 base de viande. Elle peut \u00e9galement \u00eatre transform\u00e9e en sauces, assaisonnements, beurre aromatis\u00e9 et m\u00eame desserts, offrant ainsi une <strong>exp\u00e9rience culinaire \u00e9tonnante et sophistiqu\u00e9e<\/strong>.[\/vc_column_text][\/vc_column_inner][\/vc_row_inner][vc_empty_space empty_h=\u00a0\u00bb3&Prime;][vc_row_inner][vc_column_inner column_width_percent=\u00a0\u00bb100&Prime; gutter_size=\u00a0\u00bb3&Prime; overlay_alpha=\u00a0\u00bb50&Prime; shift_x=\u00a0\u00bb0&Prime; shift_y=\u00a0\u00bb0&Prime; shift_y_down=\u00a0\u00bb0&Prime; z_index=\u00a0\u00bb0&Prime; medium_width=\u00a0\u00bb0&Prime; mobile_width=\u00a0\u00bb0&Prime; css_animation=\u00a0\u00bbalpha-anim\u00a0\u00bb width=\u00a0\u00bb1\/2&Prime; uncode_shortcode_id=\u00a0\u00bb203488&Prime;][vc_custom_heading text_size=\u00a0\u00bbfontsize-821559&Prime; text_transform=\u00a0\u00bbuppercase\u00a0\u00bb text_height=\u00a0\u00bbfontheight-523137&Prime; uncode_shortcode_id=\u00a0\u00bb967598&Prime;]Comment conserver la truffe noire d&rsquo;\u00e9t\u00e9?[\/vc_custom_heading][vc_column_text uncode_shortcode_id=\u00a0\u00bb201843&Prime;]Lors de l\u2019achat de truffes d\u2019\u00e9t\u00e9 fra\u00eeches, il est essentiel de s\u00e9lectionner des sp\u00e9cimens fermes et exempts de taches sombres ou de moisissures. <strong>Pour garantir leur fra\u00eecheur et pr\u00e9server leur ar\u00f4me<\/strong>, <strong>conservez-les au r\u00e9frig\u00e9rateur, envelopp\u00e9es dans un chiffon humide ou du papier absorbant<\/strong>, de pr\u00e9f\u00e9rence dans un r\u00e9cipient herm\u00e9tique.[\/vc_column_text][\/vc_column_inner][vc_column_inner column_width_percent=\u00a0\u00bb100&Prime; gutter_size=\u00a0\u00bb3&Prime; overlay_alpha=\u00a0\u00bb50&Prime; shift_x=\u00a0\u00bb0&Prime; shift_y=\u00a0\u00bb0&Prime; shift_y_down=\u00a0\u00bb0&Prime; z_index=\u00a0\u00bb0&Prime; medium_width=\u00a0\u00bb0&Prime; mobile_width=\u00a0\u00bb0&Prime; css_animation=\u00a0\u00bbalpha-anim\u00a0\u00bb animation_delay=\u00a0\u00bb200&Prime; width=\u00a0\u00bb1\/2&Prime; uncode_shortcode_id=\u00a0\u00bb134760&Prime;][\/vc_column_inner][\/vc_row_inner][\/vc_column][\/vc_row][vc_row row_height_percent=\u00a0\u00bb0&Prime; override_padding=\u00a0\u00bbyes\u00a0\u00bb h_padding=\u00a0\u00bb2&Prime; top_padding=\u00a0\u00bb3&Prime; bottom_padding=\u00a0\u00bb4&Prime; back_color=\u00a0\u00bbcolor-422352&Prime; overlay_alpha=\u00a0\u00bb50&Prime; gutter_size=\u00a0\u00bb3&Prime; column_width_percent=\u00a0\u00bb100&Prime; shift_y=\u00a0\u00bb0&Prime; z_index=\u00a0\u00bb0&Prime; uncode_shortcode_id=\u00a0\u00bb145034&Prime; back_color_type=\u00a0\u00bbuncode-palette\u00a0\u00bb][vc_column column_width_percent=\u00a0\u00bb100&Prime; align_horizontal=\u00a0\u00bbalign_center\u00a0\u00bb gutter_size=\u00a0\u00bb3&Prime; overlay_alpha=\u00a0\u00bb50&Prime; shift_x=\u00a0\u00bb0&Prime; shift_y=\u00a0\u00bb-5&Prime; shift_y_down=\u00a0\u00bb0&Prime; z_index=\u00a0\u00bb0&Prime; medium_width=\u00a0\u00bb0&Prime; mobile_width=\u00a0\u00bb0&Prime; css_animation=\u00a0\u00bbalpha-anim\u00a0\u00bb width=\u00a0\u00bb1\/1&Prime; uncode_shortcode_id=\u00a0\u00bb122361&Prime;][vc_single_image media=\u00a0\u00bb943&Prime; media_width_percent=\u00a0\u00bb100&Prime; alignment=\u00a0\u00bbcenter\u00a0\u00bb uncode_shortcode_id=\u00a0\u00bb297437&Prime;][vc_empty_space][vc_column_text text_lead=\u00a0\u00bbyes\u00a0\u00bb uncode_shortcode_id=\u00a0\u00bb206143&Prime;]La <strong>truffe noire d&rsquo;\u00e9t\u00e9<\/strong>, avec sa saveur forte et terreuse, peut faire de la plus simple des recettes un mets gastronomique.[\/vc_column_text][vc_button outline=\u00a0\u00bbyes\u00a0\u00bb border_width=\u00a0\u00bb0&Prime; css_animation=\u00a0\u00bbalpha-anim\u00a0\u00bb animation_delay=\u00a0\u00bb200&Prime; link=\u00a0\u00bburl:https%3A%2F%2Fsacchitartufi.com%2Felenco-prodotti%2F|title:Produits|\u00a0\u00bb uncode_shortcode_id=\u00a0\u00bb941915&Prime;]D\u00e9couvrez nos produits[\/vc_button][\/vc_column][\/vc_row]<\/p>\n<\/div>","protected":false},"excerpt":{"rendered":"<p>[vc_row row_height_percent=\u00a0\u00bb0&Prime; override_padding=\u00a0\u00bbyes\u00a0\u00bb h_padding=\u00a0\u00bb2&Prime; top_padding=\u00a0\u00bb4&Prime; bottom_padding=\u00a0\u00bb5&Prime; overlay_alpha=\u00a0\u00bb50&Prime; gutter_size=\u00a0\u00bb3&Prime; column_width_percent=\u00a0\u00bb100&Prime; shift_y=\u00a0\u00bb0&Prime; z_index=\u00a0\u00bb0&Prime; uncode_shortcode_id=\u00a0\u00bb366536&Prime;][vc_column width=\u00a0\u00bb1\/1&Prime;][vc_row_inner][vc_column_inner column_width_percent=\u00a0\u00bb100&Prime; position_vertical=\u00a0\u00bbmiddle\u00a0\u00bb align_horizontal=\u00a0\u00bbalign_right\u00a0\u00bb gutter_size=\u00a0\u00bb0&Prime; overlay_alpha=\u00a0\u00bb50&Prime; shift_x=\u00a0\u00bb0&Prime; shift_y=\u00a0\u00bb0&Prime; [&hellip;]<\/p>\n","protected":false},"author":1,"featured_media":0,"parent":2140,"menu_order":0,"comment_status":"closed","ping_status":"closed","template":"","meta":{"footnotes":""},"class_list":["post-2454","page","type-page","status-publish","hentry"],"yoast_head":"<!-- This site is optimized with the Yoast SEO plugin v27.5 - https:\/\/yoast.com\/product\/yoast-seo-wordpress\/ -->\n<title>Sacchi Tartufi | La truffe d&#039;\u00e9t\u00e9<\/title>\n<meta name=\"description\" content=\"La truffe d&#039;\u00e9t\u00e9 a un caract\u00e8re unique et une saveur extraordinaire qui en font un choix d\u00e9licieux pour tous les amateurs de truffes.\" \/>\n<meta name=\"robots\" content=\"index, follow, max-snippet:-1, max-image-preview:large, max-video-preview:-1\" \/>\n<link rel=\"canonical\" href=\"https:\/\/sacchitartufi.com\/fr\/la-truffe\/truffe-noire-dete\/\" \/>\n<meta property=\"og:locale\" content=\"fr_FR\" \/>\n<meta property=\"og:type\" content=\"article\" \/>\n<meta property=\"og:title\" content=\"Sacchi Tartufi | La truffe d&#039;\u00e9t\u00e9\" \/>\n<meta property=\"og:description\" content=\"La truffe d&#039;\u00e9t\u00e9 a un caract\u00e8re unique et une saveur extraordinaire qui en font un choix d\u00e9licieux pour tous les amateurs de truffes.\" \/>\n<meta property=\"og:url\" content=\"https:\/\/sacchitartufi.com\/fr\/la-truffe\/truffe-noire-dete\/\" \/>\n<meta property=\"og:site_name\" content=\"Sacchi Tartufi\" \/>\n<meta property=\"article:publisher\" content=\"https:\/\/www.facebook.com\/sacchitartufi\" \/>\n<meta property=\"article:modified_time\" content=\"2025-06-24T10:45:53+00:00\" \/>\n<meta name=\"twitter:card\" content=\"summary_large_image\" \/>\n<meta name=\"twitter:label1\" content=\"Dur\u00e9e de lecture estim\u00e9e\" \/>\n\t<meta name=\"twitter:data1\" content=\"5 minutes\" \/>\n<script type=\"application\/ld+json\" class=\"yoast-schema-graph\">{\"@context\":\"https:\\\/\\\/schema.org\",\"@graph\":[{\"@type\":\"WebPage\",\"@id\":\"https:\\\/\\\/sacchitartufi.com\\\/fr\\\/la-truffe\\\/truffe-noire-dete\\\/\",\"url\":\"https:\\\/\\\/sacchitartufi.com\\\/fr\\\/la-truffe\\\/truffe-noire-dete\\\/\",\"name\":\"Sacchi Tartufi | La truffe d'\u00e9t\u00e9\",\"isPartOf\":{\"@id\":\"https:\\\/\\\/sacchitartufi.com\\\/fr\\\/#website\"},\"datePublished\":\"2024-03-22T11:06:29+00:00\",\"dateModified\":\"2025-06-24T10:45:53+00:00\",\"description\":\"La truffe d'\u00e9t\u00e9 a un caract\u00e8re unique et une saveur extraordinaire qui en font un choix d\u00e9licieux pour tous les amateurs de truffes.\",\"breadcrumb\":{\"@id\":\"https:\\\/\\\/sacchitartufi.com\\\/fr\\\/la-truffe\\\/truffe-noire-dete\\\/#breadcrumb\"},\"inLanguage\":\"fr-FR\",\"potentialAction\":[{\"@type\":\"ReadAction\",\"target\":[\"https:\\\/\\\/sacchitartufi.com\\\/fr\\\/la-truffe\\\/truffe-noire-dete\\\/\"]}]},{\"@type\":\"BreadcrumbList\",\"@id\":\"https:\\\/\\\/sacchitartufi.com\\\/fr\\\/la-truffe\\\/truffe-noire-dete\\\/#breadcrumb\",\"itemListElement\":[{\"@type\":\"ListItem\",\"position\":1,\"name\":\"Home\",\"item\":\"https:\\\/\\\/sacchitartufi.com\\\/fr\\\/\"},{\"@type\":\"ListItem\",\"position\":2,\"name\":\"La Truffe\",\"item\":\"https:\\\/\\\/sacchitartufi.com\\\/fr\\\/la-truffe\\\/\"},{\"@type\":\"ListItem\",\"position\":3,\"name\":\"La truffe d&rsquo;\u00e9t\u00e9\"}]},{\"@type\":\"WebSite\",\"@id\":\"https:\\\/\\\/sacchitartufi.com\\\/fr\\\/#website\",\"url\":\"https:\\\/\\\/sacchitartufi.com\\\/fr\\\/\",\"name\":\"Sacchi Tartufi\",\"description\":\"Cibo di lusso per un esperienza gourmet\",\"publisher\":{\"@id\":\"https:\\\/\\\/sacchitartufi.com\\\/fr\\\/#organization\"},\"potentialAction\":[{\"@type\":\"SearchAction\",\"target\":{\"@type\":\"EntryPoint\",\"urlTemplate\":\"https:\\\/\\\/sacchitartufi.com\\\/fr\\\/?s={search_term_string}\"},\"query-input\":{\"@type\":\"PropertyValueSpecification\",\"valueRequired\":true,\"valueName\":\"search_term_string\"}}],\"inLanguage\":\"fr-FR\"},{\"@type\":\"Organization\",\"@id\":\"https:\\\/\\\/sacchitartufi.com\\\/fr\\\/#organization\",\"name\":\"Sacchi Tartufi\",\"url\":\"https:\\\/\\\/sacchitartufi.com\\\/fr\\\/\",\"logo\":{\"@type\":\"ImageObject\",\"inLanguage\":\"fr-FR\",\"@id\":\"https:\\\/\\\/sacchitartufi.com\\\/fr\\\/#\\\/schema\\\/logo\\\/image\\\/\",\"url\":\"https:\\\/\\\/sacchitartufi.com\\\/wp-content\\\/uploads\\\/2024\\\/02\\\/favicon-sacchi-tartufi.png\",\"contentUrl\":\"https:\\\/\\\/sacchitartufi.com\\\/wp-content\\\/uploads\\\/2024\\\/02\\\/favicon-sacchi-tartufi.png\",\"width\":512,\"height\":512,\"caption\":\"Sacchi Tartufi\"},\"image\":{\"@id\":\"https:\\\/\\\/sacchitartufi.com\\\/fr\\\/#\\\/schema\\\/logo\\\/image\\\/\"},\"sameAs\":[\"https:\\\/\\\/www.facebook.com\\\/sacchitartufi\",\"https:\\\/\\\/www.instagram.com\\\/sacchitartufi_international\\\/\"]}]}<\/script>\n<!-- \/ Yoast SEO plugin. -->","yoast_head_json":{"title":"Sacchi Tartufi | La truffe d'\u00e9t\u00e9","description":"La truffe d'\u00e9t\u00e9 a un caract\u00e8re unique et une saveur extraordinaire qui en font un choix d\u00e9licieux pour tous les amateurs de truffes.","robots":{"index":"index","follow":"follow","max-snippet":"max-snippet:-1","max-image-preview":"max-image-preview:large","max-video-preview":"max-video-preview:-1"},"canonical":"https:\/\/sacchitartufi.com\/fr\/la-truffe\/truffe-noire-dete\/","og_locale":"fr_FR","og_type":"article","og_title":"Sacchi Tartufi | La truffe d'\u00e9t\u00e9","og_description":"La truffe d'\u00e9t\u00e9 a un caract\u00e8re unique et une saveur extraordinaire qui en font un choix d\u00e9licieux pour tous les amateurs de truffes.","og_url":"https:\/\/sacchitartufi.com\/fr\/la-truffe\/truffe-noire-dete\/","og_site_name":"Sacchi Tartufi","article_publisher":"https:\/\/www.facebook.com\/sacchitartufi","article_modified_time":"2025-06-24T10:45:53+00:00","twitter_card":"summary_large_image","twitter_misc":{"Dur\u00e9e de lecture estim\u00e9e":"5 minutes"},"schema":{"@context":"https:\/\/schema.org","@graph":[{"@type":"WebPage","@id":"https:\/\/sacchitartufi.com\/fr\/la-truffe\/truffe-noire-dete\/","url":"https:\/\/sacchitartufi.com\/fr\/la-truffe\/truffe-noire-dete\/","name":"Sacchi Tartufi | La truffe d'\u00e9t\u00e9","isPartOf":{"@id":"https:\/\/sacchitartufi.com\/fr\/#website"},"datePublished":"2024-03-22T11:06:29+00:00","dateModified":"2025-06-24T10:45:53+00:00","description":"La truffe d'\u00e9t\u00e9 a un caract\u00e8re unique et une saveur extraordinaire qui en font un choix d\u00e9licieux pour tous les amateurs de truffes.","breadcrumb":{"@id":"https:\/\/sacchitartufi.com\/fr\/la-truffe\/truffe-noire-dete\/#breadcrumb"},"inLanguage":"fr-FR","potentialAction":[{"@type":"ReadAction","target":["https:\/\/sacchitartufi.com\/fr\/la-truffe\/truffe-noire-dete\/"]}]},{"@type":"BreadcrumbList","@id":"https:\/\/sacchitartufi.com\/fr\/la-truffe\/truffe-noire-dete\/#breadcrumb","itemListElement":[{"@type":"ListItem","position":1,"name":"Home","item":"https:\/\/sacchitartufi.com\/fr\/"},{"@type":"ListItem","position":2,"name":"La Truffe","item":"https:\/\/sacchitartufi.com\/fr\/la-truffe\/"},{"@type":"ListItem","position":3,"name":"La truffe d&rsquo;\u00e9t\u00e9"}]},{"@type":"WebSite","@id":"https:\/\/sacchitartufi.com\/fr\/#website","url":"https:\/\/sacchitartufi.com\/fr\/","name":"Sacchi Tartufi","description":"Cibo di lusso per un esperienza gourmet","publisher":{"@id":"https:\/\/sacchitartufi.com\/fr\/#organization"},"potentialAction":[{"@type":"SearchAction","target":{"@type":"EntryPoint","urlTemplate":"https:\/\/sacchitartufi.com\/fr\/?s={search_term_string}"},"query-input":{"@type":"PropertyValueSpecification","valueRequired":true,"valueName":"search_term_string"}}],"inLanguage":"fr-FR"},{"@type":"Organization","@id":"https:\/\/sacchitartufi.com\/fr\/#organization","name":"Sacchi Tartufi","url":"https:\/\/sacchitartufi.com\/fr\/","logo":{"@type":"ImageObject","inLanguage":"fr-FR","@id":"https:\/\/sacchitartufi.com\/fr\/#\/schema\/logo\/image\/","url":"https:\/\/sacchitartufi.com\/wp-content\/uploads\/2024\/02\/favicon-sacchi-tartufi.png","contentUrl":"https:\/\/sacchitartufi.com\/wp-content\/uploads\/2024\/02\/favicon-sacchi-tartufi.png","width":512,"height":512,"caption":"Sacchi Tartufi"},"image":{"@id":"https:\/\/sacchitartufi.com\/fr\/#\/schema\/logo\/image\/"},"sameAs":["https:\/\/www.facebook.com\/sacchitartufi","https:\/\/www.instagram.com\/sacchitartufi_international\/"]}]}},"_links":{"self":[{"href":"https:\/\/sacchitartufi.com\/fr\/wp-json\/wp\/v2\/pages\/2454","targetHints":{"allow":["GET"]}}],"collection":[{"href":"https:\/\/sacchitartufi.com\/fr\/wp-json\/wp\/v2\/pages"}],"about":[{"href":"https:\/\/sacchitartufi.com\/fr\/wp-json\/wp\/v2\/types\/page"}],"author":[{"embeddable":true,"href":"https:\/\/sacchitartufi.com\/fr\/wp-json\/wp\/v2\/users\/1"}],"replies":[{"embeddable":true,"href":"https:\/\/sacchitartufi.com\/fr\/wp-json\/wp\/v2\/comments?post=2454"}],"version-history":[{"count":5,"href":"https:\/\/sacchitartufi.com\/fr\/wp-json\/wp\/v2\/pages\/2454\/revisions"}],"predecessor-version":[{"id":3175,"href":"https:\/\/sacchitartufi.com\/fr\/wp-json\/wp\/v2\/pages\/2454\/revisions\/3175"}],"up":[{"embeddable":true,"href":"https:\/\/sacchitartufi.com\/fr\/wp-json\/wp\/v2\/pages\/2140"}],"wp:attachment":[{"href":"https:\/\/sacchitartufi.com\/fr\/wp-json\/wp\/v2\/media?parent=2454"}],"curies":[{"name":"wp","href":"https:\/\/api.w.org\/{rel}","templated":true}]}}