{"id":2457,"date":"2024-03-22T12:02:42","date_gmt":"2024-03-22T11:02:42","guid":{"rendered":"https:\/\/sacchitartufi.com\/la-truffe\/truffe-noire-precieuse\/"},"modified":"2025-06-24T12:42:01","modified_gmt":"2025-06-24T10:42:01","slug":"truffe-noire-precieuse","status":"publish","type":"page","link":"https:\/\/sacchitartufi.com\/fr\/la-truffe\/truffe-noire-precieuse\/","title":{"rendered":"Truffe Noire"},"content":{"rendered":"<div class=\"wpb-content-wrapper\"><p>[vc_row row_height_percent=\u00a0\u00bb0&Prime; override_padding=\u00a0\u00bbyes\u00a0\u00bb h_padding=\u00a0\u00bb2&Prime; top_padding=\u00a0\u00bb4&Prime; bottom_padding=\u00a0\u00bb5&Prime; overlay_alpha=\u00a0\u00bb50&Prime; gutter_size=\u00a0\u00bb3&Prime; column_width_percent=\u00a0\u00bb100&Prime; shift_y=\u00a0\u00bb0&Prime; z_index=\u00a0\u00bb0&Prime; uncode_shortcode_id=\u00a0\u00bb366536&Prime;][vc_column width=\u00a0\u00bb1\/1&Prime;][vc_row_inner][vc_column_inner column_width_percent=\u00a0\u00bb100&Prime; position_vertical=\u00a0\u00bbmiddle\u00a0\u00bb align_horizontal=\u00a0\u00bbalign_right\u00a0\u00bb gutter_size=\u00a0\u00bb0&Prime; overlay_alpha=\u00a0\u00bb50&Prime; shift_x=\u00a0\u00bb0&Prime; shift_y=\u00a0\u00bb0&Prime; shift_y_down=\u00a0\u00bb0&Prime; z_index=\u00a0\u00bb0&Prime; align_medium=\u00a0\u00bbalign_center_tablet\u00a0\u00bb medium_width=\u00a0\u00bb0&Prime; align_mobile=\u00a0\u00bbalign_center_mobile\u00a0\u00bb mobile_width=\u00a0\u00bb0&Prime; css_animation=\u00a0\u00bbalpha-anim\u00a0\u00bb width=\u00a0\u00bb5\/12&Prime; uncode_shortcode_id=\u00a0\u00bb845223&Prime;][vc_single_image media=\u00a0\u00bb172&Prime; media_width_use_pixel=\u00a0\u00bbyes\u00a0\u00bb alignment=\u00a0\u00bbcenter\u00a0\u00bb uncode_shortcode_id=\u00a0\u00bb395297&Prime; media_width_pixel=\u00a0\u00bb450&Prime;][\/vc_column_inner][vc_column_inner column_width_percent=\u00a0\u00bb100&Prime; position_vertical=\u00a0\u00bbmiddle\u00a0\u00bb gutter_size=\u00a0\u00bb1&Prime; overlay_alpha=\u00a0\u00bb50&Prime; shift_x=\u00a0\u00bb0&Prime; shift_y=\u00a0\u00bb0&Prime; shift_y_down=\u00a0\u00bb0&Prime; z_index=\u00a0\u00bb0&Prime; align_medium=\u00a0\u00bbalign_center_tablet\u00a0\u00bb medium_width=\u00a0\u00bb0&Prime; align_mobile=\u00a0\u00bbalign_center_mobile\u00a0\u00bb mobile_width=\u00a0\u00bb0&Prime; css_animation=\u00a0\u00bbalpha-anim\u00a0\u00bb animation_delay=\u00a0\u00bb200&Prime; width=\u00a0\u00bb7\/12&Prime; uncode_shortcode_id=\u00a0\u00bb101725&Prime;][vc_custom_heading heading_semantic=\u00a0\u00bbh1&Prime; text_size=\u00a0\u00bbfontsize-459415&Prime; text_transform=\u00a0\u00bbuppercase\u00a0\u00bb text_height=\u00a0\u00bbfontheight-523137&Prime; uncode_shortcode_id=\u00a0\u00bb117502&Prime;]Truffe Noire[\/vc_custom_heading][vc_empty_space empty_h=\u00a0\u00bb1&Prime;][vc_custom_heading text_font=\u00a0\u00bbfont-240894&Prime; text_italic=\u00a0\u00bbyes\u00a0\u00bb uncode_shortcode_id=\u00a0\u00bb991424&Prime;]Tuber Melanosporum Vittad.[\/vc_custom_heading][\/vc_column_inner][\/vc_row_inner][vc_column_text text_lead=\u00a0\u00bbyes\u00a0\u00bb css_animation=\u00a0\u00bbalpha-anim\u00a0\u00bb animation_delay=\u00a0\u00bb400&Prime; uncode_shortcode_id=\u00a0\u00bb209422&Prime;]La <strong>truffe noire<\/strong>, joyau de la tradition culinaire italienne, est <strong>appr\u00e9ci\u00e9e dans le monde<\/strong> entier pour la finesse et la polyvalence de ses saveurs en cuisine.[\/vc_column_text][vc_empty_space empty_h=\u00a0\u00bb4&Prime;][vc_row_inner][vc_column_inner column_width_percent=\u00a0\u00bb100&Prime; gutter_size=\u00a0\u00bb3&Prime; overlay_alpha=\u00a0\u00bb50&Prime; shift_x=\u00a0\u00bb0&Prime; shift_y=\u00a0\u00bb0&Prime; shift_y_down=\u00a0\u00bb0&Prime; z_index=\u00a0\u00bb0&Prime; medium_width=\u00a0\u00bb0&Prime; mobile_width=\u00a0\u00bb0&Prime; css_animation=\u00a0\u00bbalpha-anim\u00a0\u00bb width=\u00a0\u00bb1\/2&Prime; uncode_shortcode_id=\u00a0\u00bb134356&Prime;][vc_custom_heading text_size=\u00a0\u00bbfontsize-821559&Prime; text_transform=\u00a0\u00bbuppercase\u00a0\u00bb text_height=\u00a0\u00bbfontheight-523137&Prime; uncode_shortcode_id=\u00a0\u00bb234184&Prime;]Comment reconna\u00eetre la truffe noire?[\/vc_custom_heading][vc_column_text uncode_shortcode_id=\u00a0\u00bb142816&Prime;]La truffe noire se distingue par son <strong>aspect irr\u00e9gulier<\/strong> et sa <strong>chair d&rsquo;un noir profond<\/strong>. Elle exsude un parfum envo\u00fbtant et persistant, qui ravit les palais des fins gourmets et des passionn\u00e9s de cuisine.[\/vc_column_text][\/vc_column_inner][vc_column_inner column_width_percent=\u00a0\u00bb100&Prime; gutter_size=\u00a0\u00bb3&Prime; overlay_alpha=\u00a0\u00bb50&Prime; shift_x=\u00a0\u00bb0&Prime; shift_y=\u00a0\u00bb0&Prime; shift_y_down=\u00a0\u00bb0&Prime; z_index=\u00a0\u00bb0&Prime; medium_width=\u00a0\u00bb0&Prime; mobile_width=\u00a0\u00bb0&Prime; css_animation=\u00a0\u00bbalpha-anim\u00a0\u00bb animation_delay=\u00a0\u00bb200&Prime; width=\u00a0\u00bb1\/2&Prime; uncode_shortcode_id=\u00a0\u00bb711955&Prime;][vc_custom_heading text_size=\u00a0\u00bbfontsize-821559&Prime; text_transform=\u00a0\u00bbuppercase\u00a0\u00bb text_height=\u00a0\u00bbfontheight-523137&Prime; uncode_shortcode_id=\u00a0\u00bb175429&Prime;]O\u00f9 se cache la truffe noire?[\/vc_custom_heading][vc_column_text uncode_shortcode_id=\u00a0\u00bb145978&Prime;]La <strong>truffe noire<\/strong> , se trouve dans des zones bien sp\u00e9cifiques : elle pr\u00e9f\u00e8re les endroits expos\u00e9s au sud et \u00e0 l&rsquo;ouest, comme les sous-bois ou les clairi\u00e8res, l\u00e0 o\u00f9 elle peut b\u00e9n\u00e9ficier d&rsquo;une bonne lumi\u00e8re, d&rsquo;une bonne a\u00e9ration et d&rsquo;un fort rayonnement solaire. En Italie, on la trouve surtout en Ombrie, dans les Marches, en Abruzzes et au Pi\u00e9mont.[\/vc_column_text][\/vc_column_inner][\/vc_row_inner][vc_empty_space empty_h=\u00a0\u00bb3&Prime;][vc_row_inner][vc_column_inner column_width_percent=\u00a0\u00bb100&Prime; gutter_size=\u00a0\u00bb3&Prime; overlay_alpha=\u00a0\u00bb50&Prime; shift_x=\u00a0\u00bb0&Prime; shift_y=\u00a0\u00bb0&Prime; shift_y_down=\u00a0\u00bb0&Prime; z_index=\u00a0\u00bb0&Prime; medium_width=\u00a0\u00bb0&Prime; mobile_width=\u00a0\u00bb0&Prime; css_animation=\u00a0\u00bbalpha-anim\u00a0\u00bb width=\u00a0\u00bb1\/2&Prime; uncode_shortcode_id=\u00a0\u00bb203488&Prime;][vc_custom_heading text_size=\u00a0\u00bbfontsize-821559&Prime; text_transform=\u00a0\u00bbuppercase\u00a0\u00bb text_height=\u00a0\u00bbfontheight-523137&Prime; uncode_shortcode_id=\u00a0\u00bb484515&Prime;]Comment utiliser la truffe noire?[\/vc_custom_heading][vc_column_text uncode_shortcode_id=\u00a0\u00bb135743&Prime;]La <strong>truffe noire<\/strong> est un <strong>ingr\u00e9dient extraordinaire<\/strong> qui permet de rehausser le go\u00fbt d\u2019une grande vari\u00e9t\u00e9 de plats. Elle est d\u00e9licieuse lorsqu\u2019elle est finement tranch\u00e9e et utilis\u00e9e pour accompagner des p\u00e2tes fra\u00eeches, du risotto, des \u0153ufs brouill\u00e9s, des salades ou des plats de viande, ajoutant une note luxueuse et raffin\u00e9e \u00e0 chaque bouch\u00e9e. Elle peut \u00e9galement \u00eatre utilis\u00e9e pour pr\u00e9parer des sauces, des assaisonnements, du beurre aromatis\u00e9 et m\u00eame des desserts, offrant ainsi une exp\u00e9rience culinaire unique et cr\u00e9ative.[\/vc_column_text][\/vc_column_inner][vc_column_inner column_width_percent=\u00a0\u00bb100&Prime; gutter_size=\u00a0\u00bb3&Prime; overlay_alpha=\u00a0\u00bb50&Prime; shift_x=\u00a0\u00bb0&Prime; shift_y=\u00a0\u00bb0&Prime; shift_y_down=\u00a0\u00bb0&Prime; z_index=\u00a0\u00bb0&Prime; medium_width=\u00a0\u00bb0&Prime; mobile_width=\u00a0\u00bb0&Prime; css_animation=\u00a0\u00bbalpha-anim\u00a0\u00bb animation_delay=\u00a0\u00bb200&Prime; width=\u00a0\u00bb1\/2&Prime; uncode_shortcode_id=\u00a0\u00bb134760&Prime;][vc_custom_heading text_size=\u00a0\u00bbfontsize-821559&Prime; text_transform=\u00a0\u00bbuppercase\u00a0\u00bb text_height=\u00a0\u00bbfontheight-523137&Prime; uncode_shortcode_id=\u00a0\u00bb109504&Prime;]Comment conserver la truffe noire?[\/vc_custom_heading][vc_column_text uncode_shortcode_id=\u00a0\u00bb115899&Prime;]Lors de l\u2019achat de <strong>truffes noires fra\u00eeches<\/strong>, il est important de choisir des sp\u00e9cimens qui soient fermes et d\u00e9pourvus de taches ou de moisissure. Pour les conserver au r\u00e9frig\u00e9rateur, <strong>enveloppez-les dans un chiffon humide ou du papier absorbant<\/strong>, de pr\u00e9f\u00e9rence dans un r\u00e9cipient herm\u00e9tique, afin de pr\u00e9server leur fra\u00eecheur et leur ar\u00f4me.[\/vc_column_text][\/vc_column_inner][\/vc_row_inner][\/vc_column][\/vc_row][vc_row row_height_percent=\u00a0\u00bb0&Prime; override_padding=\u00a0\u00bbyes\u00a0\u00bb h_padding=\u00a0\u00bb2&Prime; top_padding=\u00a0\u00bb3&Prime; bottom_padding=\u00a0\u00bb4&Prime; back_color=\u00a0\u00bbcolor-422352&Prime; overlay_alpha=\u00a0\u00bb50&Prime; gutter_size=\u00a0\u00bb3&Prime; column_width_percent=\u00a0\u00bb100&Prime; shift_y=\u00a0\u00bb0&Prime; z_index=\u00a0\u00bb0&Prime; uncode_shortcode_id=\u00a0\u00bb145034&Prime; back_color_type=\u00a0\u00bbuncode-palette\u00a0\u00bb][vc_column column_width_percent=\u00a0\u00bb100&Prime; align_horizontal=\u00a0\u00bbalign_center\u00a0\u00bb gutter_size=\u00a0\u00bb3&Prime; overlay_alpha=\u00a0\u00bb50&Prime; shift_x=\u00a0\u00bb0&Prime; shift_y=\u00a0\u00bb-5&Prime; shift_y_down=\u00a0\u00bb0&Prime; z_index=\u00a0\u00bb0&Prime; medium_width=\u00a0\u00bb0&Prime; mobile_width=\u00a0\u00bb0&Prime; css_animation=\u00a0\u00bbalpha-anim\u00a0\u00bb width=\u00a0\u00bb1\/1&Prime; uncode_shortcode_id=\u00a0\u00bb122361&Prime;][vc_single_image media=\u00a0\u00bb943&Prime; media_width_percent=\u00a0\u00bb100&Prime; alignment=\u00a0\u00bbcenter\u00a0\u00bb uncode_shortcode_id=\u00a0\u00bb297437&Prime;][vc_empty_space][vc_column_text text_lead=\u00a0\u00bbyes\u00a0\u00bb uncode_shortcode_id=\u00a0\u00bb411970&Prime;]<strong>M\u00eame les plats<\/strong> les <strong>plus simples peuvent<\/strong> se transformer en v\u00e9ritables d\u00e9lices gastronomiques gr\u00e2ce \u00e0 la truffe noire pr\u00e9cieuse et \u00e0 sa saveur <strong>riche et complexe<\/strong>.[\/vc_column_text][vc_button outline=\u00a0\u00bbyes\u00a0\u00bb border_width=\u00a0\u00bb0&Prime; css_animation=\u00a0\u00bbalpha-anim\u00a0\u00bb animation_delay=\u00a0\u00bb200&Prime; link=\u00a0\u00bburl:https%3A%2F%2Fsacchitartufi.com%2Ffr%2Fproduits%2F|title:Produits|\u00a0\u00bb uncode_shortcode_id=\u00a0\u00bb941915&Prime;]D\u00e9couvrez nos produits[\/vc_button][\/vc_column][\/vc_row]<\/p>\n<\/div>","protected":false},"excerpt":{"rendered":"<p>[vc_row row_height_percent=\u00a0\u00bb0&Prime; override_padding=\u00a0\u00bbyes\u00a0\u00bb h_padding=\u00a0\u00bb2&Prime; top_padding=\u00a0\u00bb4&Prime; bottom_padding=\u00a0\u00bb5&Prime; overlay_alpha=\u00a0\u00bb50&Prime; gutter_size=\u00a0\u00bb3&Prime; column_width_percent=\u00a0\u00bb100&Prime; shift_y=\u00a0\u00bb0&Prime; z_index=\u00a0\u00bb0&Prime; uncode_shortcode_id=\u00a0\u00bb366536&Prime;][vc_column width=\u00a0\u00bb1\/1&Prime;][vc_row_inner][vc_column_inner column_width_percent=\u00a0\u00bb100&Prime; position_vertical=\u00a0\u00bbmiddle\u00a0\u00bb align_horizontal=\u00a0\u00bbalign_right\u00a0\u00bb gutter_size=\u00a0\u00bb0&Prime; overlay_alpha=\u00a0\u00bb50&Prime; shift_x=\u00a0\u00bb0&Prime; shift_y=\u00a0\u00bb0&Prime; [&hellip;]<\/p>\n","protected":false},"author":1,"featured_media":118,"parent":2140,"menu_order":0,"comment_status":"closed","ping_status":"closed","template":"","meta":{"footnotes":""},"class_list":["post-2457","page","type-page","status-publish","has-post-thumbnail","hentry"],"yoast_head":"<!-- This site is optimized with the Yoast SEO plugin v27.5 - https:\/\/yoast.com\/product\/yoast-seo-wordpress\/ -->\n<title>Sacchi Tartufi | Truffe Noire Pr\u00e9cieuse<\/title>\n<meta name=\"description\" content=\"La truffe noire pr\u00e9cieuse, v\u00e9ritable joyau de la tradition culinaire italienne, est admir\u00e9e dans le monde entier pour sa raffinerie et son go\u00fbt intense.\" \/>\n<meta name=\"robots\" content=\"index, follow, max-snippet:-1, max-image-preview:large, max-video-preview:-1\" \/>\n<link rel=\"canonical\" href=\"https:\/\/sacchitartufi.com\/fr\/la-truffe\/truffe-noire-precieuse\/\" \/>\n<meta property=\"og:locale\" content=\"fr_FR\" \/>\n<meta property=\"og:type\" content=\"article\" \/>\n<meta property=\"og:title\" content=\"Sacchi Tartufi | Truffe Noire Pr\u00e9cieuse\" \/>\n<meta property=\"og:description\" content=\"La truffe noire pr\u00e9cieuse, v\u00e9ritable joyau de la tradition culinaire italienne, est admir\u00e9e dans le monde entier pour sa raffinerie et son go\u00fbt intense.\" \/>\n<meta property=\"og:url\" content=\"https:\/\/sacchitartufi.com\/fr\/la-truffe\/truffe-noire-precieuse\/\" \/>\n<meta property=\"og:site_name\" content=\"Sacchi Tartufi\" \/>\n<meta property=\"article:publisher\" content=\"https:\/\/www.facebook.com\/sacchitartufi\" \/>\n<meta property=\"article:modified_time\" content=\"2025-06-24T10:42:01+00:00\" \/>\n<meta property=\"og:image\" content=\"https:\/\/sacchitartufi.com\/wp-content\/uploads\/2024\/02\/tartufo-nero-pregiato-sacchi.webp\" \/>\n\t<meta property=\"og:image:width\" content=\"652\" \/>\n\t<meta property=\"og:image:height\" content=\"465\" \/>\n\t<meta property=\"og:image:type\" content=\"image\/webp\" \/>\n<meta name=\"twitter:card\" content=\"summary_large_image\" \/>\n<meta name=\"twitter:label1\" content=\"Dur\u00e9e de lecture estim\u00e9e\" \/>\n\t<meta name=\"twitter:data1\" content=\"5 minutes\" \/>\n<script type=\"application\/ld+json\" class=\"yoast-schema-graph\">{\"@context\":\"https:\\\/\\\/schema.org\",\"@graph\":[{\"@type\":\"WebPage\",\"@id\":\"https:\\\/\\\/sacchitartufi.com\\\/fr\\\/la-truffe\\\/truffe-noire-precieuse\\\/\",\"url\":\"https:\\\/\\\/sacchitartufi.com\\\/fr\\\/la-truffe\\\/truffe-noire-precieuse\\\/\",\"name\":\"Sacchi Tartufi | Truffe Noire Pr\u00e9cieuse\",\"isPartOf\":{\"@id\":\"https:\\\/\\\/sacchitartufi.com\\\/fr\\\/#website\"},\"primaryImageOfPage\":{\"@id\":\"https:\\\/\\\/sacchitartufi.com\\\/fr\\\/la-truffe\\\/truffe-noire-precieuse\\\/#primaryimage\"},\"image\":{\"@id\":\"https:\\\/\\\/sacchitartufi.com\\\/fr\\\/la-truffe\\\/truffe-noire-precieuse\\\/#primaryimage\"},\"thumbnailUrl\":\"https:\\\/\\\/sacchitartufi.com\\\/wp-content\\\/uploads\\\/2024\\\/02\\\/tartufo-nero-pregiato-sacchi.webp\",\"datePublished\":\"2024-03-22T11:02:42+00:00\",\"dateModified\":\"2025-06-24T10:42:01+00:00\",\"description\":\"La truffe noire pr\u00e9cieuse, v\u00e9ritable joyau de la tradition culinaire italienne, est admir\u00e9e dans le monde entier pour sa raffinerie et son go\u00fbt intense.\",\"breadcrumb\":{\"@id\":\"https:\\\/\\\/sacchitartufi.com\\\/fr\\\/la-truffe\\\/truffe-noire-precieuse\\\/#breadcrumb\"},\"inLanguage\":\"fr-FR\",\"potentialAction\":[{\"@type\":\"ReadAction\",\"target\":[\"https:\\\/\\\/sacchitartufi.com\\\/fr\\\/la-truffe\\\/truffe-noire-precieuse\\\/\"]}]},{\"@type\":\"ImageObject\",\"inLanguage\":\"fr-FR\",\"@id\":\"https:\\\/\\\/sacchitartufi.com\\\/fr\\\/la-truffe\\\/truffe-noire-precieuse\\\/#primaryimage\",\"url\":\"https:\\\/\\\/sacchitartufi.com\\\/wp-content\\\/uploads\\\/2024\\\/02\\\/tartufo-nero-pregiato-sacchi.webp\",\"contentUrl\":\"https:\\\/\\\/sacchitartufi.com\\\/wp-content\\\/uploads\\\/2024\\\/02\\\/tartufo-nero-pregiato-sacchi.webp\",\"width\":652,\"height\":465,\"caption\":\"tartufo nero pregiato Sacchi Tartufi\"},{\"@type\":\"BreadcrumbList\",\"@id\":\"https:\\\/\\\/sacchitartufi.com\\\/fr\\\/la-truffe\\\/truffe-noire-precieuse\\\/#breadcrumb\",\"itemListElement\":[{\"@type\":\"ListItem\",\"position\":1,\"name\":\"Home\",\"item\":\"https:\\\/\\\/sacchitartufi.com\\\/fr\\\/\"},{\"@type\":\"ListItem\",\"position\":2,\"name\":\"La Truffe\",\"item\":\"https:\\\/\\\/sacchitartufi.com\\\/fr\\\/la-truffe\\\/\"},{\"@type\":\"ListItem\",\"position\":3,\"name\":\"Truffe Noire\"}]},{\"@type\":\"WebSite\",\"@id\":\"https:\\\/\\\/sacchitartufi.com\\\/fr\\\/#website\",\"url\":\"https:\\\/\\\/sacchitartufi.com\\\/fr\\\/\",\"name\":\"Sacchi Tartufi\",\"description\":\"Cibo di lusso per un esperienza gourmet\",\"publisher\":{\"@id\":\"https:\\\/\\\/sacchitartufi.com\\\/fr\\\/#organization\"},\"potentialAction\":[{\"@type\":\"SearchAction\",\"target\":{\"@type\":\"EntryPoint\",\"urlTemplate\":\"https:\\\/\\\/sacchitartufi.com\\\/fr\\\/?s={search_term_string}\"},\"query-input\":{\"@type\":\"PropertyValueSpecification\",\"valueRequired\":true,\"valueName\":\"search_term_string\"}}],\"inLanguage\":\"fr-FR\"},{\"@type\":\"Organization\",\"@id\":\"https:\\\/\\\/sacchitartufi.com\\\/fr\\\/#organization\",\"name\":\"Sacchi Tartufi\",\"url\":\"https:\\\/\\\/sacchitartufi.com\\\/fr\\\/\",\"logo\":{\"@type\":\"ImageObject\",\"inLanguage\":\"fr-FR\",\"@id\":\"https:\\\/\\\/sacchitartufi.com\\\/fr\\\/#\\\/schema\\\/logo\\\/image\\\/\",\"url\":\"https:\\\/\\\/sacchitartufi.com\\\/wp-content\\\/uploads\\\/2024\\\/02\\\/favicon-sacchi-tartufi.png\",\"contentUrl\":\"https:\\\/\\\/sacchitartufi.com\\\/wp-content\\\/uploads\\\/2024\\\/02\\\/favicon-sacchi-tartufi.png\",\"width\":512,\"height\":512,\"caption\":\"Sacchi Tartufi\"},\"image\":{\"@id\":\"https:\\\/\\\/sacchitartufi.com\\\/fr\\\/#\\\/schema\\\/logo\\\/image\\\/\"},\"sameAs\":[\"https:\\\/\\\/www.facebook.com\\\/sacchitartufi\",\"https:\\\/\\\/www.instagram.com\\\/sacchitartufi_international\\\/\"]}]}<\/script>\n<!-- \/ Yoast SEO plugin. -->","yoast_head_json":{"title":"Sacchi Tartufi | Truffe Noire Pr\u00e9cieuse","description":"La truffe noire pr\u00e9cieuse, v\u00e9ritable joyau de la tradition culinaire italienne, est admir\u00e9e dans le monde entier pour sa raffinerie et son go\u00fbt intense.","robots":{"index":"index","follow":"follow","max-snippet":"max-snippet:-1","max-image-preview":"max-image-preview:large","max-video-preview":"max-video-preview:-1"},"canonical":"https:\/\/sacchitartufi.com\/fr\/la-truffe\/truffe-noire-precieuse\/","og_locale":"fr_FR","og_type":"article","og_title":"Sacchi Tartufi | Truffe Noire Pr\u00e9cieuse","og_description":"La truffe noire pr\u00e9cieuse, v\u00e9ritable joyau de la tradition culinaire italienne, est admir\u00e9e dans le monde entier pour sa raffinerie et son go\u00fbt intense.","og_url":"https:\/\/sacchitartufi.com\/fr\/la-truffe\/truffe-noire-precieuse\/","og_site_name":"Sacchi Tartufi","article_publisher":"https:\/\/www.facebook.com\/sacchitartufi","article_modified_time":"2025-06-24T10:42:01+00:00","og_image":[{"width":652,"height":465,"url":"https:\/\/sacchitartufi.com\/wp-content\/uploads\/2024\/02\/tartufo-nero-pregiato-sacchi.webp","type":"image\/webp"}],"twitter_card":"summary_large_image","twitter_misc":{"Dur\u00e9e de lecture estim\u00e9e":"5 minutes"},"schema":{"@context":"https:\/\/schema.org","@graph":[{"@type":"WebPage","@id":"https:\/\/sacchitartufi.com\/fr\/la-truffe\/truffe-noire-precieuse\/","url":"https:\/\/sacchitartufi.com\/fr\/la-truffe\/truffe-noire-precieuse\/","name":"Sacchi Tartufi | Truffe Noire Pr\u00e9cieuse","isPartOf":{"@id":"https:\/\/sacchitartufi.com\/fr\/#website"},"primaryImageOfPage":{"@id":"https:\/\/sacchitartufi.com\/fr\/la-truffe\/truffe-noire-precieuse\/#primaryimage"},"image":{"@id":"https:\/\/sacchitartufi.com\/fr\/la-truffe\/truffe-noire-precieuse\/#primaryimage"},"thumbnailUrl":"https:\/\/sacchitartufi.com\/wp-content\/uploads\/2024\/02\/tartufo-nero-pregiato-sacchi.webp","datePublished":"2024-03-22T11:02:42+00:00","dateModified":"2025-06-24T10:42:01+00:00","description":"La truffe noire pr\u00e9cieuse, v\u00e9ritable joyau de la tradition culinaire italienne, est admir\u00e9e dans le monde entier pour sa raffinerie et son go\u00fbt intense.","breadcrumb":{"@id":"https:\/\/sacchitartufi.com\/fr\/la-truffe\/truffe-noire-precieuse\/#breadcrumb"},"inLanguage":"fr-FR","potentialAction":[{"@type":"ReadAction","target":["https:\/\/sacchitartufi.com\/fr\/la-truffe\/truffe-noire-precieuse\/"]}]},{"@type":"ImageObject","inLanguage":"fr-FR","@id":"https:\/\/sacchitartufi.com\/fr\/la-truffe\/truffe-noire-precieuse\/#primaryimage","url":"https:\/\/sacchitartufi.com\/wp-content\/uploads\/2024\/02\/tartufo-nero-pregiato-sacchi.webp","contentUrl":"https:\/\/sacchitartufi.com\/wp-content\/uploads\/2024\/02\/tartufo-nero-pregiato-sacchi.webp","width":652,"height":465,"caption":"tartufo nero pregiato Sacchi Tartufi"},{"@type":"BreadcrumbList","@id":"https:\/\/sacchitartufi.com\/fr\/la-truffe\/truffe-noire-precieuse\/#breadcrumb","itemListElement":[{"@type":"ListItem","position":1,"name":"Home","item":"https:\/\/sacchitartufi.com\/fr\/"},{"@type":"ListItem","position":2,"name":"La Truffe","item":"https:\/\/sacchitartufi.com\/fr\/la-truffe\/"},{"@type":"ListItem","position":3,"name":"Truffe Noire"}]},{"@type":"WebSite","@id":"https:\/\/sacchitartufi.com\/fr\/#website","url":"https:\/\/sacchitartufi.com\/fr\/","name":"Sacchi Tartufi","description":"Cibo di lusso per un esperienza gourmet","publisher":{"@id":"https:\/\/sacchitartufi.com\/fr\/#organization"},"potentialAction":[{"@type":"SearchAction","target":{"@type":"EntryPoint","urlTemplate":"https:\/\/sacchitartufi.com\/fr\/?s={search_term_string}"},"query-input":{"@type":"PropertyValueSpecification","valueRequired":true,"valueName":"search_term_string"}}],"inLanguage":"fr-FR"},{"@type":"Organization","@id":"https:\/\/sacchitartufi.com\/fr\/#organization","name":"Sacchi Tartufi","url":"https:\/\/sacchitartufi.com\/fr\/","logo":{"@type":"ImageObject","inLanguage":"fr-FR","@id":"https:\/\/sacchitartufi.com\/fr\/#\/schema\/logo\/image\/","url":"https:\/\/sacchitartufi.com\/wp-content\/uploads\/2024\/02\/favicon-sacchi-tartufi.png","contentUrl":"https:\/\/sacchitartufi.com\/wp-content\/uploads\/2024\/02\/favicon-sacchi-tartufi.png","width":512,"height":512,"caption":"Sacchi Tartufi"},"image":{"@id":"https:\/\/sacchitartufi.com\/fr\/#\/schema\/logo\/image\/"},"sameAs":["https:\/\/www.facebook.com\/sacchitartufi","https:\/\/www.instagram.com\/sacchitartufi_international\/"]}]}},"_links":{"self":[{"href":"https:\/\/sacchitartufi.com\/fr\/wp-json\/wp\/v2\/pages\/2457","targetHints":{"allow":["GET"]}}],"collection":[{"href":"https:\/\/sacchitartufi.com\/fr\/wp-json\/wp\/v2\/pages"}],"about":[{"href":"https:\/\/sacchitartufi.com\/fr\/wp-json\/wp\/v2\/types\/page"}],"author":[{"embeddable":true,"href":"https:\/\/sacchitartufi.com\/fr\/wp-json\/wp\/v2\/users\/1"}],"replies":[{"embeddable":true,"href":"https:\/\/sacchitartufi.com\/fr\/wp-json\/wp\/v2\/comments?post=2457"}],"version-history":[{"count":7,"href":"https:\/\/sacchitartufi.com\/fr\/wp-json\/wp\/v2\/pages\/2457\/revisions"}],"predecessor-version":[{"id":3172,"href":"https:\/\/sacchitartufi.com\/fr\/wp-json\/wp\/v2\/pages\/2457\/revisions\/3172"}],"up":[{"embeddable":true,"href":"https:\/\/sacchitartufi.com\/fr\/wp-json\/wp\/v2\/pages\/2140"}],"wp:featuredmedia":[{"embeddable":true,"href":"https:\/\/sacchitartufi.com\/fr\/wp-json\/wp\/v2\/media\/118"}],"wp:attachment":[{"href":"https:\/\/sacchitartufi.com\/fr\/wp-json\/wp\/v2\/media?parent=2457"}],"curies":[{"name":"wp","href":"https:\/\/api.w.org\/{rel}","templated":true}]}}