{"id":3089,"date":"2024-02-23T12:06:31","date_gmt":"2024-02-23T11:06:31","guid":{"rendered":"https:\/\/sacchitartufi.com\/privacy-policy\/"},"modified":"2024-10-18T10:07:33","modified_gmt":"2024-10-18T08:07:33","slug":"privacy-policy","status":"publish","type":"page","link":"https:\/\/sacchitartufi.com\/fr\/privacy-policy\/","title":{"rendered":"Privacy Policy"},"content":{"rendered":"<div class=\"wpb-content-wrapper\"><p>[vc_row row_height_percent=\u00a0\u00bb0&Prime; override_padding=\u00a0\u00bbyes\u00a0\u00bb h_padding=\u00a0\u00bb2&Prime; top_padding=\u00a0\u00bb3&Prime; bottom_padding=\u00a0\u00bb4&Prime; overlay_alpha=\u00a0\u00bb50&Prime; gutter_size=\u00a0\u00bb3&Prime; column_width_percent=\u00a0\u00bb100&Prime; shift_y=\u00a0\u00bb0&Prime; z_index=\u00a0\u00bb0&Prime; uncode_shortcode_id=\u00a0\u00bb187326&Prime;][vc_column column_width_percent=\u00a0\u00bb100&Prime; gutter_size=\u00a0\u00bb3&Prime; overlay_alpha=\u00a0\u00bb50&Prime; shift_x=\u00a0\u00bb0&Prime; shift_y=\u00a0\u00bb0&Prime; shift_y_down=\u00a0\u00bb0&Prime; z_index=\u00a0\u00bb0&Prime; medium_width=\u00a0\u00bb0&Prime; mobile_width=\u00a0\u00bb0&Prime; uncode_shortcode_id=\u00a0\u00bb173271&Prime;][vc_custom_heading heading_semantic=\u00a0\u00bbh1&Prime; text_size=\u00a0\u00bbfontsize-180112&Prime; uncode_shortcode_id=\u00a0\u00bb160630&Prime;]Politique de Confidentialit\u00e9[\/vc_custom_heading][vc_column_text uncode_shortcode_id=\u00a0\u00bb171745&Prime;]<strong>INFORMATION ET DEMANDE DE CONSENTEMENT AU TRAITEMENT DES DONN\u00c9ES PERSONNELLES CONFORM\u00c9MENT AU R\u00c8GLEMENT UE 679\/2016 ET \u00c0 LA R\u00c9GLEMENTATION ITALIENNE EN VIGUEUR<\/strong> Notre Soci\u00e9t\u00e9, dans le cadre de son activit\u00e9, doit traiter certaines de vos donn\u00e9es personnelles. Par cons\u00e9quent, conform\u00e9ment \u00e0 l&rsquo;art. 13 du R\u00e8glement Europ\u00e9en 2016\/679 \u2013 \u00ab R\u00e8glement relatif \u00e0 la protection des personnes physiques \u00e0 l&rsquo;\u00e9gard du traitement des donn\u00e9es \u00e0 caract\u00e8re personnel et \u00e0 la libre circulation de ces donn\u00e9es \u00bb (ci-apr\u00e8s, le \u00ab R\u00e8glement \u00bb), ainsi que de la l\u00e9gislation italienne en vigueur, nous vous fournissons ci-dessous l&rsquo;information relative au traitement de vos donn\u00e9es personnelles. &nbsp;<\/p>\n<h2>1. Finalit\u00e9s du traitement<\/h2>\n<p> Vos donn\u00e9es personnelles \u2013 appartenant \u00e0 la cat\u00e9gorie des donn\u00e9es communes et sensibles \u2013 seront trait\u00e9es par Nous : a) pour des besoins pr\u00e9contractuels et contractuels, ainsi que pour la prestation des services pr\u00e9vus par les contrats; b) pour des besoins administratifs, comptables, op\u00e9rationnels et de gestion relatifs \u00e0 notre activit\u00e9 et au suivi de l&rsquo;\u00e9volution des relations avec les clients; c) pour le respect des obligations l\u00e9gales li\u00e9es aux normes civiles, fiscales ou d&rsquo;autres types, aux r\u00e8glements ou aux normes communautaires; d) pour envoyer des informations commerciales et promotionnelles, des courtoisies et des questionnaires pour \u00e9valuer la satisfaction du client et sa qualification &nbsp;<\/p>\n<h2>2. Nature de la fourniture et base juridique<\/h2>\n<p> La fourniture des donn\u00e9es pour la finalit\u00e9 mentionn\u00e9e \u00e0 la lettre d) n&rsquo;est pas obligatoire ; par cons\u00e9quent, tout refus n&rsquo;a aucune cons\u00e9quence si ce n&rsquo;est l&rsquo;impossibilit\u00e9 de mettre en \u0153uvre des initiatives visant \u00e0 am\u00e9liorer notre service \u00e0 votre \u00e9gard, ainsi que de maintenir \u00e0 jour vos informations sur les d\u00e9veloppements de notre offre. En revanche, le non-fournissement des donn\u00e9es pour toutes les autres finalit\u00e9s entra\u00eene l&rsquo;impossibilit\u00e9 d&rsquo;\u00e9tablir le rapport contractuel ou de le poursuivre. <\/p>\n<ol>\n<li>En ce qui concerne le traitement mentionn\u00e9 au paragraphe pr\u00e9c\u00e9dent 1 points a) et b), la base juridique r\u00e9side dans la n\u00e9cessit\u00e9 de respecter les obligations contractuellement assum\u00e9es et de fournir les services demand\u00e9s;  <\/li>\n<li>Pour le traitement mentionn\u00e9 au paragraphe pr\u00e9c\u00e9dent 1 point c), la base juridique r\u00e9side dans l&rsquo;ex\u00e9cution d&rsquo;obligations l\u00e9gales;<\/li>\n<li>Pour le traitement mentionn\u00e9 au paragraphe pr\u00e9c\u00e9dent 1 point d), la base juridique repose sur le consentement, \u00e0 l&rsquo;exception des communications commerciales concernant des produits et\/ou services similaires \u00e0 ceux d\u00e9j\u00e0 achet\u00e9s et\/ou souscrits par le client, pour lesquels le traitement est bas\u00e9 sur un int\u00e9r\u00eat l\u00e9gitime du Responsable;<\/li>\n<\/ol>\n<p>&nbsp;<\/p>\n<h2>3. Modalit\u00e9s de traitement des donn\u00e9es<\/h2>\n<p> Le traitement des Donn\u00e9es Personnelles pour les finalit\u00e9s susmentionn\u00e9es s&rsquo;effectue par des moyens \u00e0 la fois automatis\u00e9s (support \u00e9lectronique) et non automatis\u00e9s (support papier), dans le respect des r\u00e8gles de confidentialit\u00e9 et de s\u00e9curit\u00e9 pr\u00e9vues par la loi, le R\u00e8glement, les r\u00e8glements connexes et les dispositions internes appropri\u00e9es. &nbsp;<\/p>\n<h2>4. Cat\u00e9gories de destinataires<\/h2>\n<p> Les donn\u00e9es personnelles seront trait\u00e9es par des tiers fournisseurs de services d\u00e9sign\u00e9s comme Responsables par le Responsable du traitement, ainsi que par des employ\u00e9s ou des collaborateurs de notre soci\u00e9t\u00e9. soci\u00e9t\u00e9, en tant que personnes autoris\u00e9es \u00e0 traiter les donn\u00e9es personnelles et form\u00e9es \u00e0 cet effet par le Responsable du traitement, dans le cadre de leurs fonctions professionnelles respectives. Vous pourrez obtenir une liste compl\u00e8te des Responsables du traitement d\u00e9sign\u00e9s par le Responsable en contactant directement ce dernier, comme indiqu\u00e9 au paragraphe 5 suivant. En particulier, aux : soci\u00e9t\u00e9s du groupe, soci\u00e9t\u00e9s, collaborateurs et professionnels externes pour des services techniques et commerciaux, juridiques et administratifs &#8211; comptables dans le cadre de mesures pr\u00e9contractuelles et\/ou d&rsquo;obligations contractuelles, au r\u00e9seau de vente (agents, concessionnaires, distributeurs, etc.), \u00e0 des sous-traitants, \u00e0 des sous-contractants ; aux bureaux et organismes publics pour le respect des obligations l\u00e9gales et pour la participation \u00e0 des appels d&rsquo;offres, aux \u00e9tablissements de cr\u00e9dit pour la gestion des encaissements et des paiements, \u00e0 la magistrature, aux forces de police et aux autres autorit\u00e9s publiques, aux ASL, aux r\u00e9gions et \u00e0 d&rsquo;autres organismes publics pour l&rsquo;octroi de subventions. &nbsp;<\/p>\n<h2>5. Responsable du Traitement<\/h2>\n<p> Le Responsable du Traitement est : Sacchi Tartufi International Srl, dont le si\u00e8ge est situ\u00e9 \u00e0 Via Amedeo Avogadro, 19\/B &#8211; 61032 Fano (PU). Vous pourrez contacter \u00e0 tout moment le Responsable en adressant votre communication \u00e0 l&rsquo;attention du Responsable de la protection des donn\u00e9es \u00e0 l&rsquo;une des coordonn\u00e9es suivantes : en envoyant un e-mail \u00e0 l&rsquo;adresse info@sacchitartufi.com ou en \u00e9crivant par courrier \u00e0 l&rsquo;adresse indiqu\u00e9e ci-dessus. &nbsp;<\/p>\n<h2>6. Transfert \u00e0 l&rsquo;\u00e9tranger des donn\u00e9es personnelles et diffusion de ces donn\u00e9es<\/h2>\n<p> Vos donn\u00e9es personnelles peuvent \u00eatre transf\u00e9r\u00e9es \u00e0 l&rsquo;\u00e9tranger, principalement vers des pays europ\u00e9ens, mais peuvent \u00e9galement \u00eatre transf\u00e9r\u00e9es vers des pays hors de l&rsquo;UE, toujours dans le respect de la r\u00e9glementation applicable et en adoptant des mesures visant \u00e0 garantir des niveaux de s\u00e9curit\u00e9 ad\u00e9quats. En particulier, lorsque le transfert s&rsquo;effectue vers des pays hors d&rsquo;Europe et en l&rsquo;absence de d\u00e9cisions d&rsquo;ad\u00e9quation de la Commission Europ\u00e9enne, les transferts seront effectu\u00e9s sur la base des \u00ab Clauses Contractuelles Standard \u00bb \u00e9mises par la Commission elle-m\u00eame, afin de garantir un traitement ad\u00e9quat. Vous pourrez en tout cas toujours contacter le Responsable du Traitement aux coordonn\u00e9es indiqu\u00e9es au paragraphe 5 pr\u00e9c\u00e9dent, afin d&rsquo;obtenir des informations pr\u00e9cises concernant le transfert de vos donn\u00e9es et le lieu sp\u00e9cifique de leur stockage. Vos donn\u00e9es personnelles ne seront en aucun cas divulgu\u00e9es. &nbsp;<\/p>\n<h2>7. Vos droits (articles 15, 16, 17, 18, 20, 21 du R\u00e8glement)<\/h2>\n<p> Conform\u00e9ment aux articles 15, 16, 17, 18, 20, 21 du R\u00e8glement, vous avez le droit d&rsquo;acc\u00e9der aux donn\u00e9es personnelles vous concernant, d&rsquo;obtenir des informations sur les donn\u00e9es trait\u00e9es, les finalit\u00e9s et les modalit\u00e9s du traitement ; d&rsquo;obtenir la rectification et la mise \u00e0 jour des donn\u00e9es, de demander la limitation du traitement effectu\u00e9 sur vos donn\u00e9es (y compris, le cas \u00e9ch\u00e9ant, le droit \u00e0 l&rsquo;oubli et \u00e0 la suppression) ; de vous opposer pour des motifs l\u00e9gitimes au traitement des donn\u00e9es ainsi que d&rsquo;exercer votre droit \u00e0 la portabilit\u00e9 des donn\u00e9es ; et de d\u00e9poser une plainte aupr\u00e8s de l&rsquo;Autorit\u00e9 de contr\u00f4le comp\u00e9tente. Pour exercer vos droits, nous vous prions d&rsquo;adresser votre demande \u00e0 la soci\u00e9t\u00e9 indiqu\u00e9e en t\u00eate, \u00e0 l&rsquo;attention du Responsable du traitement, \u00e0 l&rsquo;adresse suivante : Via Amedeo Avogadro, 19\/B &#8211; 61032 Fano (PU) ou par e-mail \u00e0 l&rsquo;adresse suivante : info@sacchitartufi.com. &nbsp;<\/p>\n<h2>8. Dur\u00e9e de conservation des donn\u00e9es personnelles<\/h2>\n<p> Les donn\u00e9es trait\u00e9es seront conserv\u00e9es dans nos archives prot\u00e9g\u00e9es pour toute la dur\u00e9e n\u00e9cessaire en fonction des services demand\u00e9s. Une fois l&rsquo;activit\u00e9 demand\u00e9e accomplie, les donn\u00e9es pourront \u00eatre supprim\u00e9es ou conserv\u00e9es uniquement \u00e0 des fins de documentation de l&rsquo;activit\u00e9 r\u00e9alis\u00e9e (si cela est indispensable) ou \u00e0 des fins historiques et\/ou statistiques (dans ce cas sous forme anonyme), sauf pour les donn\u00e9es fiscales qui seront conserv\u00e9es pendant une p\u00e9riode correspondant aux obligations l\u00e9gales. Les donn\u00e9es de contact \u00e0 des fins de marketing seront utilis\u00e9es jusqu&rsquo;\u00e0 r\u00e9vocation du consentement correspondant. Les donn\u00e9es relatives \u00e0 la protection de vos droits (y compris en mati\u00e8re judiciaire) seront conserv\u00e9es jusqu&rsquo;\u00e0 la d\u00e9cision d\u00e9finitive de la sentence ou du dernier degr\u00e9 de juridiction et, si n\u00e9cessaire, pour la phase d&rsquo;ex\u00e9cution ult\u00e9rieure.[\/vc_column_text][\/vc_column][\/vc_row]<\/p>\n<\/div>","protected":false},"excerpt":{"rendered":"<p>[vc_row row_height_percent=\u00a0\u00bb0&Prime; override_padding=\u00a0\u00bbyes\u00a0\u00bb h_padding=\u00a0\u00bb2&Prime; top_padding=\u00a0\u00bb3&Prime; bottom_padding=\u00a0\u00bb4&Prime; overlay_alpha=\u00a0\u00bb50&Prime; gutter_size=\u00a0\u00bb3&Prime; column_width_percent=\u00a0\u00bb100&Prime; shift_y=\u00a0\u00bb0&Prime; z_index=\u00a0\u00bb0&Prime; uncode_shortcode_id=\u00a0\u00bb187326&Prime;][vc_column column_width_percent=\u00a0\u00bb100&Prime; gutter_size=\u00a0\u00bb3&Prime; overlay_alpha=\u00a0\u00bb50&Prime; shift_x=\u00a0\u00bb0&Prime; shift_y=\u00a0\u00bb0&Prime; shift_y_down=\u00a0\u00bb0&Prime; z_index=\u00a0\u00bb0&Prime; medium_width=\u00a0\u00bb0&Prime; [&hellip;]<\/p>\n","protected":false},"author":1,"featured_media":0,"parent":0,"menu_order":0,"comment_status":"closed","ping_status":"open","template":"","meta":{"footnotes":""},"class_list":["post-3089","page","type-page","status-publish","hentry"],"yoast_head":"<!-- This site is optimized with the Yoast SEO plugin v27.5 - https:\/\/yoast.com\/product\/yoast-seo-wordpress\/ -->\n<title>Privacy Policy - Sacchi Tartufi<\/title>\n<meta name=\"robots\" content=\"index, follow, max-snippet:-1, max-image-preview:large, max-video-preview:-1\" \/>\n<link rel=\"canonical\" href=\"https:\/\/sacchitartufi.com\/fr\/privacy-policy\/\" \/>\n<meta property=\"og:locale\" content=\"fr_FR\" \/>\n<meta property=\"og:type\" content=\"article\" \/>\n<meta property=\"og:title\" content=\"Privacy Policy - Sacchi Tartufi\" \/>\n<meta property=\"og:description\" content=\"[vc_row row_height_percent=\u00a0\u00bb0&Prime; override_padding=\u00a0\u00bbyes\u00a0\u00bb h_padding=\u00a0\u00bb2&Prime; top_padding=\u00a0\u00bb3&Prime; bottom_padding=\u00a0\u00bb4&Prime; overlay_alpha=\u00a0\u00bb50&Prime; gutter_size=\u00a0\u00bb3&Prime; column_width_percent=\u00a0\u00bb100&Prime; shift_y=\u00a0\u00bb0&Prime; z_index=\u00a0\u00bb0&Prime; uncode_shortcode_id=\u00a0\u00bb187326&Prime;][vc_column column_width_percent=\u00a0\u00bb100&Prime; gutter_size=\u00a0\u00bb3&Prime; overlay_alpha=\u00a0\u00bb50&Prime; shift_x=\u00a0\u00bb0&Prime; shift_y=\u00a0\u00bb0&Prime; shift_y_down=\u00a0\u00bb0&Prime; z_index=\u00a0\u00bb0&Prime; medium_width=\u00a0\u00bb0&Prime; [&hellip;]\" \/>\n<meta property=\"og:url\" content=\"https:\/\/sacchitartufi.com\/fr\/privacy-policy\/\" \/>\n<meta property=\"og:site_name\" content=\"Sacchi Tartufi\" \/>\n<meta property=\"article:publisher\" content=\"https:\/\/www.facebook.com\/sacchitartufi\" \/>\n<meta property=\"article:modified_time\" content=\"2024-10-18T08:07:33+00:00\" \/>\n<meta name=\"twitter:card\" content=\"summary_large_image\" \/>\n<meta name=\"twitter:label1\" content=\"Dur\u00e9e de lecture estim\u00e9e\" \/>\n\t<meta name=\"twitter:data1\" content=\"7 minutes\" \/>\n<script type=\"application\/ld+json\" class=\"yoast-schema-graph\">{\"@context\":\"https:\\\/\\\/schema.org\",\"@graph\":[{\"@type\":\"WebPage\",\"@id\":\"https:\\\/\\\/sacchitartufi.com\\\/fr\\\/privacy-policy\\\/\",\"url\":\"https:\\\/\\\/sacchitartufi.com\\\/fr\\\/privacy-policy\\\/\",\"name\":\"Privacy Policy - Sacchi Tartufi\",\"isPartOf\":{\"@id\":\"https:\\\/\\\/sacchitartufi.com\\\/fr\\\/#website\"},\"datePublished\":\"2024-02-23T11:06:31+00:00\",\"dateModified\":\"2024-10-18T08:07:33+00:00\",\"breadcrumb\":{\"@id\":\"https:\\\/\\\/sacchitartufi.com\\\/fr\\\/privacy-policy\\\/#breadcrumb\"},\"inLanguage\":\"fr-FR\",\"potentialAction\":[{\"@type\":\"ReadAction\",\"target\":[\"https:\\\/\\\/sacchitartufi.com\\\/fr\\\/privacy-policy\\\/\"]}]},{\"@type\":\"BreadcrumbList\",\"@id\":\"https:\\\/\\\/sacchitartufi.com\\\/fr\\\/privacy-policy\\\/#breadcrumb\",\"itemListElement\":[{\"@type\":\"ListItem\",\"position\":1,\"name\":\"Home\",\"item\":\"https:\\\/\\\/sacchitartufi.com\\\/fr\\\/\"},{\"@type\":\"ListItem\",\"position\":2,\"name\":\"Privacy Policy\"}]},{\"@type\":\"WebSite\",\"@id\":\"https:\\\/\\\/sacchitartufi.com\\\/fr\\\/#website\",\"url\":\"https:\\\/\\\/sacchitartufi.com\\\/fr\\\/\",\"name\":\"Sacchi Tartufi\",\"description\":\"Cibo di lusso per un esperienza gourmet\",\"publisher\":{\"@id\":\"https:\\\/\\\/sacchitartufi.com\\\/fr\\\/#organization\"},\"potentialAction\":[{\"@type\":\"SearchAction\",\"target\":{\"@type\":\"EntryPoint\",\"urlTemplate\":\"https:\\\/\\\/sacchitartufi.com\\\/fr\\\/?s={search_term_string}\"},\"query-input\":{\"@type\":\"PropertyValueSpecification\",\"valueRequired\":true,\"valueName\":\"search_term_string\"}}],\"inLanguage\":\"fr-FR\"},{\"@type\":\"Organization\",\"@id\":\"https:\\\/\\\/sacchitartufi.com\\\/fr\\\/#organization\",\"name\":\"Sacchi Tartufi\",\"url\":\"https:\\\/\\\/sacchitartufi.com\\\/fr\\\/\",\"logo\":{\"@type\":\"ImageObject\",\"inLanguage\":\"fr-FR\",\"@id\":\"https:\\\/\\\/sacchitartufi.com\\\/fr\\\/#\\\/schema\\\/logo\\\/image\\\/\",\"url\":\"https:\\\/\\\/sacchitartufi.com\\\/wp-content\\\/uploads\\\/2024\\\/02\\\/favicon-sacchi-tartufi.png\",\"contentUrl\":\"https:\\\/\\\/sacchitartufi.com\\\/wp-content\\\/uploads\\\/2024\\\/02\\\/favicon-sacchi-tartufi.png\",\"width\":512,\"height\":512,\"caption\":\"Sacchi Tartufi\"},\"image\":{\"@id\":\"https:\\\/\\\/sacchitartufi.com\\\/fr\\\/#\\\/schema\\\/logo\\\/image\\\/\"},\"sameAs\":[\"https:\\\/\\\/www.facebook.com\\\/sacchitartufi\",\"https:\\\/\\\/www.instagram.com\\\/sacchitartufi_international\\\/\"]}]}<\/script>\n<!-- \/ Yoast SEO plugin. -->","yoast_head_json":{"title":"Privacy Policy - Sacchi Tartufi","robots":{"index":"index","follow":"follow","max-snippet":"max-snippet:-1","max-image-preview":"max-image-preview:large","max-video-preview":"max-video-preview:-1"},"canonical":"https:\/\/sacchitartufi.com\/fr\/privacy-policy\/","og_locale":"fr_FR","og_type":"article","og_title":"Privacy Policy - Sacchi Tartufi","og_description":"[vc_row row_height_percent=\u00a0\u00bb0&Prime; override_padding=\u00a0\u00bbyes\u00a0\u00bb h_padding=\u00a0\u00bb2&Prime; top_padding=\u00a0\u00bb3&Prime; bottom_padding=\u00a0\u00bb4&Prime; overlay_alpha=\u00a0\u00bb50&Prime; gutter_size=\u00a0\u00bb3&Prime; column_width_percent=\u00a0\u00bb100&Prime; shift_y=\u00a0\u00bb0&Prime; z_index=\u00a0\u00bb0&Prime; uncode_shortcode_id=\u00a0\u00bb187326&Prime;][vc_column column_width_percent=\u00a0\u00bb100&Prime; gutter_size=\u00a0\u00bb3&Prime; overlay_alpha=\u00a0\u00bb50&Prime; shift_x=\u00a0\u00bb0&Prime; shift_y=\u00a0\u00bb0&Prime; shift_y_down=\u00a0\u00bb0&Prime; z_index=\u00a0\u00bb0&Prime; medium_width=\u00a0\u00bb0&Prime; [&hellip;]","og_url":"https:\/\/sacchitartufi.com\/fr\/privacy-policy\/","og_site_name":"Sacchi Tartufi","article_publisher":"https:\/\/www.facebook.com\/sacchitartufi","article_modified_time":"2024-10-18T08:07:33+00:00","twitter_card":"summary_large_image","twitter_misc":{"Dur\u00e9e de lecture estim\u00e9e":"7 minutes"},"schema":{"@context":"https:\/\/schema.org","@graph":[{"@type":"WebPage","@id":"https:\/\/sacchitartufi.com\/fr\/privacy-policy\/","url":"https:\/\/sacchitartufi.com\/fr\/privacy-policy\/","name":"Privacy Policy - Sacchi Tartufi","isPartOf":{"@id":"https:\/\/sacchitartufi.com\/fr\/#website"},"datePublished":"2024-02-23T11:06:31+00:00","dateModified":"2024-10-18T08:07:33+00:00","breadcrumb":{"@id":"https:\/\/sacchitartufi.com\/fr\/privacy-policy\/#breadcrumb"},"inLanguage":"fr-FR","potentialAction":[{"@type":"ReadAction","target":["https:\/\/sacchitartufi.com\/fr\/privacy-policy\/"]}]},{"@type":"BreadcrumbList","@id":"https:\/\/sacchitartufi.com\/fr\/privacy-policy\/#breadcrumb","itemListElement":[{"@type":"ListItem","position":1,"name":"Home","item":"https:\/\/sacchitartufi.com\/fr\/"},{"@type":"ListItem","position":2,"name":"Privacy Policy"}]},{"@type":"WebSite","@id":"https:\/\/sacchitartufi.com\/fr\/#website","url":"https:\/\/sacchitartufi.com\/fr\/","name":"Sacchi Tartufi","description":"Cibo di lusso per un esperienza gourmet","publisher":{"@id":"https:\/\/sacchitartufi.com\/fr\/#organization"},"potentialAction":[{"@type":"SearchAction","target":{"@type":"EntryPoint","urlTemplate":"https:\/\/sacchitartufi.com\/fr\/?s={search_term_string}"},"query-input":{"@type":"PropertyValueSpecification","valueRequired":true,"valueName":"search_term_string"}}],"inLanguage":"fr-FR"},{"@type":"Organization","@id":"https:\/\/sacchitartufi.com\/fr\/#organization","name":"Sacchi Tartufi","url":"https:\/\/sacchitartufi.com\/fr\/","logo":{"@type":"ImageObject","inLanguage":"fr-FR","@id":"https:\/\/sacchitartufi.com\/fr\/#\/schema\/logo\/image\/","url":"https:\/\/sacchitartufi.com\/wp-content\/uploads\/2024\/02\/favicon-sacchi-tartufi.png","contentUrl":"https:\/\/sacchitartufi.com\/wp-content\/uploads\/2024\/02\/favicon-sacchi-tartufi.png","width":512,"height":512,"caption":"Sacchi Tartufi"},"image":{"@id":"https:\/\/sacchitartufi.com\/fr\/#\/schema\/logo\/image\/"},"sameAs":["https:\/\/www.facebook.com\/sacchitartufi","https:\/\/www.instagram.com\/sacchitartufi_international\/"]}]}},"_links":{"self":[{"href":"https:\/\/sacchitartufi.com\/fr\/wp-json\/wp\/v2\/pages\/3089","targetHints":{"allow":["GET"]}}],"collection":[{"href":"https:\/\/sacchitartufi.com\/fr\/wp-json\/wp\/v2\/pages"}],"about":[{"href":"https:\/\/sacchitartufi.com\/fr\/wp-json\/wp\/v2\/types\/page"}],"author":[{"embeddable":true,"href":"https:\/\/sacchitartufi.com\/fr\/wp-json\/wp\/v2\/users\/1"}],"replies":[{"embeddable":true,"href":"https:\/\/sacchitartufi.com\/fr\/wp-json\/wp\/v2\/comments?post=3089"}],"version-history":[{"count":2,"href":"https:\/\/sacchitartufi.com\/fr\/wp-json\/wp\/v2\/pages\/3089\/revisions"}],"predecessor-version":[{"id":3091,"href":"https:\/\/sacchitartufi.com\/fr\/wp-json\/wp\/v2\/pages\/3089\/revisions\/3091"}],"wp:attachment":[{"href":"https:\/\/sacchitartufi.com\/fr\/wp-json\/wp\/v2\/media?parent=3089"}],"curies":[{"name":"wp","href":"https:\/\/api.w.org\/{rel}","templated":true}]}}